{"id":11758,"date":"2025-05-03T20:01:06","date_gmt":"2025-05-03T20:01:06","guid":{"rendered":"https:\/\/electro-precio.com\/?page_id=11758"},"modified":"2025-07-03T04:45:57","modified_gmt":"2025-07-03T04:45:57","slug":"condiciones-generales-de-venta","status":"publish","type":"page","link":"https:\/\/electro-precio.com\/fr\/condiciones-generales-de-venta\/","title":{"rendered":"Condiciones Generales de Venta"},"content":{"rendered":"<p><strong>Art\u00edculo 1 &#8211; Objeto<\/strong><\/p>\n\n\n\n<p>Las presentes CGV se aplican sin limitaci\u00f3n ni reserva a todas las ventas concluidas por ELECTROPRECIO con compradores que deseen adquirir los productos puestos a la venta mediante su compra inmediata o mediante la realizaci\u00f3n de un pedido a trav\u00e9s del sitio web del vendedor.<\/p>\n\n\n\n<p>El vendedor o ELECTROPRECIO, el cliente o el comprador, podr\u00e1n ser denominados en lo sucesivo individualmente como una \u00ab Parte \u00bb o colectivamente como \u00ab Partes \u00bb.<\/p>\n\n\n\n<p>Las CGV especifican en particular las condiciones de compra inmediata, realizaci\u00f3n de pedidos, pago y entrega o suministro de los productos pedidos por los clientes.<\/p>\n\n\n\n<p>Las presentes CGV se aplican con exclusi\u00f3n de cualquier otra condici\u00f3n. Se comunican sistem\u00e1ticamente a todos los Clientes antes de la compra inmediata o antes de realizar un pedido y prevalecer\u00e1n, en su caso, sobre cualquier otra versi\u00f3n o cualquier documento contradictorio.<\/p>\n\n\n\n<p>El Cliente declara haber le\u00eddo y aceptado las presentes Condiciones Generales de Venta antes de efectuar una compra inmediata o de realizar un pedido. Dado que las presentes Condiciones Generales de Venta pueden ser objeto de modificaciones posteriores, la versi\u00f3n aplicable a la compra del Cliente ser\u00e1 la vigente en la fecha de la compra inmediata o de la realizaci\u00f3n del pedido.<\/p>\n\n\n\n<p>La validaci\u00f3n del pedido por parte del Cliente implica la aceptaci\u00f3n sin reservas de las presentes CGV. ELECTROPRECIO no quedar\u00e1 vinculada por ninguna condici\u00f3n contraria puesta por el cliente que no haya sido aceptada por escrito.<\/p>\n\n\n\n<p><strong>Art\u00edculo 2 &#8211; \u00c1mbito geogr\u00e1fico<\/strong><\/p>\n\n\n\n<p>La venta en l\u00ednea de los productos presentados en el sitio web del vendedor est\u00e1 reservada a los compradores residentes en Espa\u00f1a.<\/p>\n\n\n\n<p><strong>Art\u00edculo 3 &#8211; Caracter\u00edsticas de los productos ofrecidos a la venta<\/strong><\/p>\n\n\n\n<p>Los productos ofrecidos a la venta por el vendedor son principalmente electrodom\u00e9sticos, equipos electr\u00f3nicos e inform\u00e1ticos, art\u00edculos para el hogar, equipos de movilidad, juegos, accesorios y cualquier otro bien comercializado por ELECTROPRECIO (en adelante, los \u00ab Productos \u00bb).<\/p>\n\n\n\n<p>Las principales caracter\u00edsticas de los Productos, y en particular las especificaciones, ilustraciones e indicaciones de tama\u00f1o o capacidad de los Productos, se presentan en el cat\u00e1logo del vendedor, publicado en el sitio web del vendedor. Las fotograf\u00edas y gr\u00e1ficos presentados no son contractuales y no implican ninguna responsabilidad para el Vendedor. El cliente debe remitirse a la descripci\u00f3n de cada producto para conocer sus propiedades y caracter\u00edsticas esenciales.<\/p>\n\n\n\n<p>Las ofertas de productos est\u00e1n sujetas a disponibilidad.<\/p>\n\n\n\n<p><strong>Art\u00edculo 4 &#8211; Pedidos realizados en el sitio web www.electro-precio.com<\/strong><\/p>\n\n\n\n<p>El comprador realiza un pedido en el sitio web del vendedor: \u00abwww.electro-precio.com\u00bb. Para comprar uno o varios productos, debe seguir el siguiente proceso de pedido:<\/p>\n\n\n\n<p>Elecci\u00f3n de los productos y adici\u00f3n a la cesta de la compra<br>Validaci\u00f3n del contenido de la cesta de la compra<br>Identificaci\u00f3n en el sitio web o registro en el formulario de identificaci\u00f3n, en el que deber\u00e1 facilitar todos los datos requeridos (identidad, correo electr\u00f3nico, direcci\u00f3n de entrega, direcci\u00f3n de facturaci\u00f3n, etc.)<br>Elecci\u00f3n de la forma de entrega<br>Elecci\u00f3n de la forma de pago y aceptaci\u00f3n de las CGC<br>Confirmaci\u00f3n del pago<br>El comprador recibir\u00e1 un correo electr\u00f3nico de confirmaci\u00f3n del pedido, con un resumen del mismo.<\/p>\n\n\n\n<p>En cualquier momento durante el proceso de pedido, el comprador puede ver los detalles de su pedido y su precio total y corregir cualquier error antes de confirmarlo para expresar su aceptaci\u00f3n.<\/p>\n\n\n\n<p>ELECTROPRECIO se reserva la propiedad de los productos hasta el pago \u00edntegro del pedido, es decir, a la recepci\u00f3n del precio del pedido por ELECTROPRECIO.<\/p>\n\n\n\n<p>ELECTROPRECIO se reserva el derecho de anular o rechazar cualquier pedido de un comprador con el que exista un litigio sobre el pago o la entrega de un pedido anterior. Todo pedido implica la aceptaci\u00f3n de los precios y de los productos disponibles para la venta.<\/p>\n\n\n\n<p>ELECTROPRECIO se compromete a respetar los pedidos recibidos en el sitio web \u00fanicamente hasta fin de existencias.<\/p>\n\n\n\n<p>En caso de anulaci\u00f3n de un pedido por el cliente despu\u00e9s de la recepci\u00f3n del correo electr\u00f3nico de confirmaci\u00f3n del pedido, por cualquier motivo que no sea fuerza mayor y el ejercicio del derecho de retractaci\u00f3n, cualquier suma pagada al comprar los productos ser\u00e1 adquirida autom\u00e1ticamente por el vendedor y no podr\u00e1 dar lugar a ning\u00fan reembolso.<\/p>\n\n\n\n<p><strong>Art\u00edculo 5 &#8211; Pedidos &#8211; Compras inmediatas<\/strong><\/p>\n\n\n\n<p>Adem\u00e1s de los pedidos realizados en el sitio web del Vendedor (especialmente en el caso de los pedidos telef\u00f3nicos), los pedidos de productos y las compras inmediatas se realizan de la siguiente manera<\/p>\n\n\n\n<p>Elecci\u00f3n de los productos<br>Identificaci\u00f3n del comprador (datos de contacto, correo electr\u00f3nico, direcci\u00f3n de entrega, direcci\u00f3n de facturaci\u00f3n, etc.)<br>Elecci\u00f3n de la forma de entrega<br>Elecci\u00f3n de la forma de pago y aceptaci\u00f3n de las CGC<br>Confirmaci\u00f3n del pago<br>La venta s\u00f3lo se considerar\u00e1 definitiva cuando el Vendedor haya enviado o entregado al cliente la confirmaci\u00f3n de aceptaci\u00f3n del pedido (por correo electr\u00f3nico o por cualquier otro medio) y cuando el Vendedor haya recibido el pago \u00edntegro.<\/p>\n\n\n\n<p>Es responsabilidad del cliente comprobar la exactitud del pedido e informar inmediatamente de cualquier error.<\/p>\n\n\n\n<p>El vendedor se reserva el derecho de cancelar o rechazar cualquier pedido de un cliente con el que exista un litigio en relaci\u00f3n con el pago o la entrega de un pedido anterior.<\/p>\n\n\n\n<p>ELECTROPRECIO se compromete a atender los pedidos \u00fanicamente dentro de los l\u00edmites de las existencias disponibles.<\/p>\n\n\n\n<p>ELECTROPRECIO se reserva la propiedad de los productos hasta el pago \u00edntegro del pedido, es decir, a partir de la recepci\u00f3n del precio del pedido por ELECTROPRECIO.<\/p>\n\n\n\n<p>En caso de anulaci\u00f3n del pedido por parte del cliente despu\u00e9s de su aceptaci\u00f3n por parte del vendedor, por cualquier motivo que no sea fuerza mayor y el ejercicio del derecho de retractaci\u00f3n, cualquier suma pagada en el momento de la compra de los productos ser\u00e1 autom\u00e1ticamente adquirida por el vendedor y no podr\u00e1 dar lugar a ning\u00fan reembolso.<\/p>\n\n\n\n<p><strong>Art\u00edculo 6 &#8211; Precios de los productos<\/strong><\/p>\n\n\n\n<p>Los precios indicados en el sitio www.electro-precio.com, o comunicados por tel\u00e9fono, se expresan en euros e incluyen todos los impuestos. Son v\u00e1lidos y pagaderos en el momento de la validaci\u00f3n del pedido.<\/p>\n\n\n\n<p>Estos precios son firmes y no revisables durante su periodo de validez, tal y como se indica en el cat\u00e1logo de precios del Vendedor, que se reserva el derecho, fuera de este periodo de validez, de modificar los precios en cualquier momento.<\/p>\n\n\n\n<p>En particular, los precios pueden variar sin previo aviso en funci\u00f3n de las existencias disponibles, de las condiciones de mercado y de coste y de la pol\u00edtica comercial de ELECTROPRECIO.<\/p>\n\n\n\n<p>Una vez validado un pedido, su precio ya no podr\u00e1 modificarse, salvo en caso de modificaci\u00f3n de los impuestos aplicables o de error manifiesto. Cualquier modificaci\u00f3n del tipo de IVA podr\u00e1 reflejarse en el precio de los productos.<\/p>\n\n\n\n<p><strong>Art\u00edculo 7 &#8211; Condiciones de pago<\/strong><\/p>\n\n\n\n<p>El precio es pagadero en su totalidad el d\u00eda en que el cliente realiza el pedido, por los siguientes medios: transferencia bancaria.<\/p>\n\n\n\n<p>Los pagos efectuados por el cliente s\u00f3lo se considerar\u00e1n definitivos cuando el vendedor haya recibido efectivamente las sumas debidas.<\/p>\n\n\n\n<p>En el caso de los pedidos realizados por tel\u00e9fono o por cualquier otro medio a distancia (a excepci\u00f3n de los pedidos en l\u00ednea a trav\u00e9s del sitio web del vendedor), los productos solicitados quedar\u00e1n reservados para el comprador durante 7 d\u00edas naturales a partir de la fecha del pedido. Transcurrido este plazo y a falta de recepci\u00f3n del pago, ELECTROPRECIO se reserva el derecho de anular el pedido del cliente.<\/p>\n\n\n\n<p>El vendedor se reserva el derecho, en caso de incumplimiento de las condiciones de pago anteriores, de suspender o anular la entrega de los pedidos en curso realizados por el cliente.<\/p>\n\n\n\n<p>No se podr\u00e1 cargar al cliente ning\u00fan gasto adicional a los ocasionados al vendedor por la utilizaci\u00f3n de un medio de pago.<\/p>\n\n\n\n<p><strong>Art\u00edculo 8 &#8211; Entrega de los productos &#8211; Entregas<\/strong><\/p>\n\n\n\n<p>Salvo indicaci\u00f3n contraria en el momento del pedido, los productos encargados por el comprador ser\u00e1n entregados por ELECTROPRECIO directamente en la direcci\u00f3n de entrega indicada por el comprador.<\/p>\n\n\n\n<p>Entrega<\/p>\n\n\n\n<p>Si ELECTROPRECIO se encarga de la entrega, los Productos son transportados bajo su responsabilidad.<\/p>\n\n\n\n<p>Es necesario concertar una cita para la recepci\u00f3n f\u00edsica del pedido por parte del comprador o de uno de sus representantes de lunes a s\u00e1bado, en horario laboral. La cita consiste en una franja horaria de uno o medio d\u00eda.<\/p>\n\n\n\n<p>Los productos pedidos o adquiridos por el Cliente se entregar\u00e1n en Italia o Suiza en el plazo de entrega indicado en la ficha del producto, m\u00e1s el tiempo necesario para su procesamiento y entrega en la direcci\u00f3n indicada por el Cliente en el momento de la compra o del pedido.<\/p>\n\n\n\n<p>Los plazos de entrega indicados en el sitio son plazos medios indicativos, siempre que los productos est\u00e9n en stock en el momento del pedido. Los plazos medios de entrega oscilan entre 3 y 5 d\u00edas laborables. Estos plazos son medios y pueden ampliarse a 7 d\u00edas para algunos destinos. Estos plazos no incluyen la preparaci\u00f3n del pedido (de 1 a 2 d\u00edas laborables) y se calculan a partir de la fecha de env\u00edo.<\/p>\n\n\n\n<p>El vendedor se esforzar\u00e1 al m\u00e1ximo para entregar los productos pedidos por el cliente dentro de los plazos mencionados.<\/p>\n\n\n\n<p>No obstante, estos plazos se dan a t\u00edtulo meramente indicativo. Si los Productos pedidos no han sido entregados en un plazo de 7 d\u00edas a partir de la fecha de entrega indicativa, por cualquier motivo que no sea de fuerza mayor, la venta podr\u00e1 ser anulada a petici\u00f3n escrita del Cliente en las condiciones previstas en los art\u00edculos L.216-2, L.216-3 y L.241-4 del C\u00f3digo de Consumo. Las sumas abonadas por el Cliente le ser\u00e1n entonces devueltas a m\u00e1s tardar en un plazo de 14 d\u00edas a partir de la fecha de rescisi\u00f3n del contrato, con exclusi\u00f3n de cualquier indemnizaci\u00f3n o deducci\u00f3n.<\/p>\n\n\n\n<p>La entrega consiste en la transferencia de la posesi\u00f3n f\u00edsica o del control del producto al cliente.<\/p>\n\n\n\n<p>Salvo en casos especiales o cuando uno o varios productos no est\u00e9n disponibles, los productos pedidos se entregar\u00e1n en un \u00fanico env\u00edo.<\/p>\n\n\n\n<p>La realizaci\u00f3n de un pedido implica la comprensi\u00f3n y aceptaci\u00f3n de las condiciones de entrega. En particular, la direcci\u00f3n de entrega debe ser accesible por cami\u00f3n.<\/p>\n\n\n\n<p>Si la entrega no es posible debido a la accesibilidad de la direcci\u00f3n del cliente por cami\u00f3n, el cliente correr\u00e1 con los gastos de devoluci\u00f3n. Los gastos de devoluci\u00f3n facturados pueden ser superiores a los gastos de transporte a tanto alzado pagados en el momento del pedido y seg\u00fan la lista de precios del transportista.<\/p>\n\n\n\n<p>El comprador debe aceptar la entrega, lo que implica comprobar la naturaleza, la cantidad, el peso y el volumen entregados.<\/p>\n\n\n\n<p>Cualquier reclamaci\u00f3n, para ser aceptada, deber\u00e1 formularse en un plazo m\u00e1ximo de tres d\u00edas a partir de la recepci\u00f3n de los Productos mediante carta certificada con acuse de recibo dirigida a ELECTROPRECIO.<\/p>\n\n\n\n<p>Si la reclamaci\u00f3n se refiere a la naturaleza y a la cantidad de los productos, deber\u00e1 mencionarse tambi\u00e9n en la contrahoja dejada en manos del transportista, una copia de la cual se adjuntar\u00e1 a la carta.<\/p>\n\n\n\n<p>El comprador debe comprobar la conformidad de la mercanc\u00eda entregada y de su embalaje en el momento de la entrega y antes de firmar el albar\u00e1n del transportista.<\/p>\n\n\n\n<p>En caso de mercanc\u00edas o embalajes da\u00f1ados, el comprador deber\u00e1 indicar cualquier anomal\u00eda en el albar\u00e1n de entrega y en forma de reservas manuscritas precisas acompa\u00f1adas de su firma. A falta de reservas manuscritas, el control se considerar\u00e1 efectuado y la mercanc\u00eda se considerar\u00e1 entregada de conformidad una vez que el comprador, o una persona autorizada por \u00e9ste, haya firmado el albar\u00e1n de entrega. No se aceptar\u00e1 ninguna reclamaci\u00f3n en ausencia de reservas manuscritas precisas.<\/p>\n\n\n\n<p><strong>Art\u00edculo 9 &#8211; Transferencia de propiedad &#8211; Transferencia de riesgos<\/strong><\/p>\n\n\n\n<p>La transferencia de la propiedad de los Productos del Vendedor al Cliente s\u00f3lo tendr\u00e1 lugar una vez que el Cliente haya abonado la totalidad del precio, independientemente de la fecha de entrega de los Productos.<\/p>\n\n\n\n<p><strong>Art\u00edculo 10 &#8211; Derecho de desistimiento<\/strong><\/p>\n\n\n\n<p>En el caso de un pedido realizado a distancia, a trav\u00e9s del sitio web del Vendedor, por tel\u00e9fono o por correo electr\u00f3nico, el Comprador dispone de un derecho de desistimiento de 14 d\u00edas a partir de la fecha de recepci\u00f3n de los Productos por su parte o por parte de un tercero.<\/p>\n\n\n\n<p>El Comprador dispone de un plazo de 14 d\u00edas, a partir de la comunicaci\u00f3n de su decisi\u00f3n de desistimiento, para devolver los Productos entregados, por su cuenta y riesgo, en su embalaje original, acompa\u00f1ados de una copia del albar\u00e1n de entrega, al almac\u00e9n que se le indique.<\/p>\n\n\n\n<p>El Comprador ser\u00e1 reembolsado en un plazo de 14 d\u00edas a partir de la fecha en que el Vendedor haya sido informado de la decisi\u00f3n de desistimiento del Comprador, previa devoluci\u00f3n de los Productos.<\/p>\n\n\n\n<p>Si el Comprador rechaza la entrega una vez enviados los Productos, los gastos de devoluci\u00f3n correr\u00e1n a cargo del Comprador. Los gastos de devoluci\u00f3n facturados podr\u00e1n ser superiores a los gastos de entrega fijos pagados en el momento del pedido, en funci\u00f3n de la lista de precios del transportista.<\/p>\n\n\n\n<p><strong>Art\u00edculo 11 &#8211; Responsabilidad del vendedor &#8211; Garant\u00eda<\/strong><\/p>\n\n\n\n<p>Los productos ofrecidos a la venta cumplen con la normativa vigente en Italia.<\/p>\n\n\n\n<p>Los productos suministrados por el Vendedor est\u00e1n cubiertos por la ley y sin pago adicional, de conformidad con las disposiciones de la ley,<\/p>\n\n\n\n<p>la garant\u00eda legal de conformidad, para los productos que aparezcan defectuosos, da\u00f1ados o que no correspondan al pedido o a la compra inmediata, la garant\u00eda legal contra vicios ocultos resultante de un defecto de material, de dise\u00f1o o de fabricaci\u00f3n que afecte a los productos entregados y los haga no aptos para su uso, seg\u00fan los t\u00e9rminos y condiciones indicados en el recuadro siguiente y definidos en el ap\u00e9ndice de las presentes CGV (garant\u00eda de conformidad \/ garant\u00eda contra vicios ocultos).<\/p>\n\n\n\n<p>Tenga en cuenta que, en virtud de la garant\u00eda legal de conformidad, el cliente :<\/p>\n\n\n\n<p>dispone de un plazo de dos a\u00f1os a partir de la entrega de la mercanc\u00eda para actuar contra el vendedor y puede elegir entre la reparaci\u00f3n o la sustituci\u00f3n del producto pedido, en las condiciones de coste previstas en el art\u00edculo L.217-9 del C\u00f3digo de Consumo.<\/p>\n\n\n\n<p>Los defectos de conformidad que se manifiesten en los veinticuatro meses siguientes a la entrega del bien se presumen existentes en el momento de la entrega, salvo prueba en contrario, excepto en el caso de bienes de segunda mano, para los que el plazo se ampl\u00eda a seis meses (art. L.217-7 del C\u00f3digo de Consumo).<\/p>\n\n\n\n<p>La garant\u00eda legal de conformidad se aplica independientemente de cualquier garant\u00eda comercial que pueda cubrir el producto.<\/p>\n\n\n\n<p>El reembolso de los productos considerados no conformes o defectuosos se efectuar\u00e1 lo antes posible y, a m\u00e1s tardar, en un plazo de 14 d\u00edas a partir del momento en que el vendedor tenga conocimiento del defecto de conformidad o del vicio oculto.<\/p>\n\n\n\n<p>Los reembolsos se efectuar\u00e1n mediante transferencia a la cuenta bancaria del cliente.<\/p>\n\n\n\n<p><strong>Art\u00edculo 12 &#8211; Datos personales<\/strong><\/p>\n\n\n\n<p>Los datos personales comunicados por el Cliente son conservados por el Vendedor a efectos de la actividad de ELECTROPRECIO.<\/p>\n\n\n\n<p>El vendedor garantiza la confidencialidad de los datos personales recogidos.<\/p>\n\n\n\n<p><strong>Art\u00edculo 13 &#8211; Prestaci\u00f3n en especie<\/strong><\/p>\n\n\n\n<p>No obstante lo dispuesto en el art\u00edculo 1221 del C\u00f3digo Civil espa\u00f1ol, las partes acuerdan que, en caso de incumplimiento por una de las partes de sus obligaciones, la parte incumplidora no podr\u00e1 solicitar la ejecuci\u00f3n forzosa.<\/p>\n\n\n\n<p>La parte incumplidora podr\u00e1, en caso de incumplimiento de cualquiera de las obligaciones de la otra parte, solicitar la resoluci\u00f3n del contrato en los t\u00e9rminos y condiciones que se establecen a continuaci\u00f3n.<\/p>\n\n\n\n<p><strong>Art\u00edculo 14 &#8211; Excepci\u00f3n de incumplimiento<\/strong><\/p>\n\n\n\n<p>De conformidad con el art\u00edculo 1219 del C\u00f3digo Civil espa\u00f1ol, cualquiera de las partes podr\u00e1 denegar el cumplimiento de su obligaci\u00f3n, aunque sea exigible, si la otra parte no cumple con la suya y si dicho incumplimiento es suficientemente grave, es decir, de tal naturaleza que ponga en peligro la continuaci\u00f3n del contrato o altere sustancialmente su equilibrio econ\u00f3mico.<\/p>\n\n\n\n<p>La suspensi\u00f3n del cumplimiento surtir\u00e1 efecto inmediatamente despu\u00e9s de la recepci\u00f3n por la parte incumplidora de la notificaci\u00f3n de incumplimiento que a tal efecto le remita la parte que ha incumplido, indicando la intenci\u00f3n de aplicar la excepci\u00f3n de incumplimiento mientras la parte incumplidora no subsane el incumplimiento constatado, notificada por carta certificada con acuse de recibo o por cualquier otro soporte escrito duradero que deje constancia de su env\u00edo.<\/p>\n\n\n\n<p>La excepci\u00f3n de incumplimiento tambi\u00e9n puede utilizarse como medida preventiva, de conformidad con lo dispuesto en el art\u00edculo 1220 del C\u00f3digo Civil espa\u00f1ol, si es evidente que una de las partes no cumplir\u00e1 sus obligaciones en la fecha de vencimiento y que las consecuencias de dicho incumplimiento son suficientemente graves para la parte incumplidora.<\/p>\n\n\n\n<p>Esta opci\u00f3n se utiliza a riesgo de la Parte que toma la iniciativa.<\/p>\n\n\n\n<p>La suspensi\u00f3n del cumplimiento surtir\u00e1 efecto inmediatamente despu\u00e9s de la recepci\u00f3n por la presunta Parte incumplidora de la notificaci\u00f3n de la intenci\u00f3n de aplicar la excepci\u00f3n de incumplimiento anticipado hasta que la presunta Parte incumplidora ejecute la obligaci\u00f3n cuyo incumplimiento futuro es manifiesto, notificada por carta certificada con acuse de recibo o por cualquier otro soporte escrito duradero que permita acreditar el env\u00edo.<\/p>\n\n\n\n<p>Si el impedimento es definitivo o persiste durante m\u00e1s de dos meses, el presente acuerdo se rescindir\u00e1 pura y simplemente seg\u00fan los t\u00e9rminos y condiciones definidos en el art\u00edculo Rescisi\u00f3n por incumplimiento de una parte.<\/p>\n\n\n\n<p><strong>Art\u00edculo 15 &#8211; Litigios<\/strong><\/p>\n\n\n\n<p>Todos los litigios que puedan derivarse de las operaciones de venta celebradas en virtud de las presentes CGCT, relativos a su validez, interpretaci\u00f3n, ejecuci\u00f3n, rescisi\u00f3n, consecuencias y efectos, y que no hayan podido resolverse amistosamente entre el vendedor y el cliente, se someter\u00e1n a los tribunales competentes en las condiciones del derecho com\u00fan.<\/p>\n\n\n\n<p><\/p>","protected":false},"excerpt":{"rendered":"<p>Art\u00edculo 1 &#8211; Objeto Las presentes CGV se aplican sin limitaci\u00f3n ni reserva a todas las ventas concluidas por ELECTROPRECIO con compradores que deseen adquirir los productos puestos a la venta mediante su compra inmediata o mediante la realizaci\u00f3n de un pedido a trav\u00e9s del sitio web del vendedor. El vendedor o ELECTROPRECIO, el cliente [&hellip;]<\/p>","protected":false},"author":1,"featured_media":0,"parent":0,"menu_order":0,"comment_status":"closed","ping_status":"closed","template":"","meta":{"footnotes":""},"class_list":["post-11758","page","type-page","status-publish","hentry"],"_links":{"self":[{"href":"https:\/\/electro-precio.com\/fr\/wp-json\/wp\/v2\/pages\/11758","targetHints":{"allow":["GET"]}}],"collection":[{"href":"https:\/\/electro-precio.com\/fr\/wp-json\/wp\/v2\/pages"}],"about":[{"href":"https:\/\/electro-precio.com\/fr\/wp-json\/wp\/v2\/types\/page"}],"author":[{"embeddable":true,"href":"https:\/\/electro-precio.com\/fr\/wp-json\/wp\/v2\/users\/1"}],"replies":[{"embeddable":true,"href":"https:\/\/electro-precio.com\/fr\/wp-json\/wp\/v2\/comments?post=11758"}],"version-history":[{"count":2,"href":"https:\/\/electro-precio.com\/fr\/wp-json\/wp\/v2\/pages\/11758\/revisions"}],"predecessor-version":[{"id":12205,"href":"https:\/\/electro-precio.com\/fr\/wp-json\/wp\/v2\/pages\/11758\/revisions\/12205"}],"wp:attachment":[{"href":"https:\/\/electro-precio.com\/fr\/wp-json\/wp\/v2\/media?parent=11758"}],"curies":[{"name":"wp","href":"https:\/\/api.w.org\/{rel}","templated":true}]}}