{"id":11760,"date":"2025-05-03T20:01:40","date_gmt":"2025-05-03T20:01:40","guid":{"rendered":"https:\/\/electro-precio.com\/?page_id=11760"},"modified":"2025-07-03T03:03:04","modified_gmt":"2025-07-03T03:03:04","slug":"politica-de-devoluciones-y-reembolsos","status":"publish","type":"page","link":"https:\/\/electro-precio.com\/fr\/politica-de-devoluciones-y-reembolsos\/","title":{"rendered":"Pol\u00edtica de Devoluciones y Reembolsos"},"content":{"rendered":"<p>Hay algunas situaciones en las que s\u00f3lo se conceder\u00e1n reembolsos parciales:<\/p>\n\n\n\n<p>Cualquier art\u00edculo que no est\u00e9 en su estado original, est\u00e9 da\u00f1ado o le falten piezas por motivos no imputables a nosotros.<br>Cualquier art\u00edculo devuelto m\u00e1s de 30 d\u00edas despu\u00e9s de la entrega<\/p>\n\n\n\n<p><strong>Reembolsos<\/strong><br>Una vez recibida e inspeccionada su devoluci\u00f3n, le enviaremos un correo electr\u00f3nico para informarle de que hemos recibido su art\u00edculo devuelto. Tambi\u00e9n le comunicaremos si su devoluci\u00f3n ha sido aprobada o rechazada.<\/p>\n\n\n\n<p>Si su solicitud es aprobada, su reembolso ser\u00e1 procesado y se realizar\u00e1 autom\u00e1ticamente una transferencia bancaria a su cuenta bancaria.<\/p>\n\n\n\n<p><strong>Reembolsos atrasados o no recibidos<\/strong><br>Si a\u00fan no ha recibido el reembolso, compruebe primero su cuenta bancaria.<\/p>\n\n\n\n<p>Si lo ha hecho y a\u00fan no ha recibido el reembolso, p\u00f3ngase en contacto con nosotros por correo electr\u00f3nico en contacto@electro-precio.com.<\/p>\n\n\n\n<p><strong>Cambios<\/strong><br>S\u00f3lo sustituimos art\u00edculos si est\u00e1n defectuosos o da\u00f1ados. Si desea sustituir el art\u00edculo por otro del mismo tipo, env\u00ede un e-mail a contacto@electro-precio.com y env\u00ede el art\u00edculo a : Paseo Ubarburu, 35, 1, Nave 12, 20014, Donostia-San Sebasti\u00e1n (Guip\u00fazcoa).<\/p>\n\n\n\n<p><strong>Devoluci\u00f3n<\/strong><br>Para devolver el producto, env\u00edelo por correo a : Paseo Ubarburu, 35, 1, Nave 12, 20014, Donostia-San Sebasti\u00e1n (Guip\u00fazcoa).<\/p>\n\n\n\n<p>Los gastos de env\u00edo para la devoluci\u00f3n del art\u00edculo correr\u00e1n a cargo del cliente. Los gastos de env\u00edo no son reembolsables. En caso de reembolso, los gastos de env\u00edo de la devoluci\u00f3n se deducir\u00e1n del reembolso.<\/p>\n\n\n\n<p>Dependiendo de su ubicaci\u00f3n, el tiempo necesario para recibir el producto sustituido puede variar.<\/p>","protected":false},"excerpt":{"rendered":"<p>Hay algunas situaciones en las que s\u00f3lo se conceder\u00e1n reembolsos parciales: Cualquier art\u00edculo que no est\u00e9 en su estado original, est\u00e9 da\u00f1ado o le falten piezas por motivos no imputables a nosotros.Cualquier art\u00edculo devuelto m\u00e1s de 30 d\u00edas despu\u00e9s de la entrega ReembolsosUna vez recibida e inspeccionada su devoluci\u00f3n, le enviaremos un correo electr\u00f3nico para [&hellip;]<\/p>","protected":false},"author":1,"featured_media":0,"parent":0,"menu_order":0,"comment_status":"closed","ping_status":"closed","template":"","meta":{"footnotes":""},"class_list":["post-11760","page","type-page","status-publish","hentry"],"_links":{"self":[{"href":"https:\/\/electro-precio.com\/fr\/wp-json\/wp\/v2\/pages\/11760","targetHints":{"allow":["GET"]}}],"collection":[{"href":"https:\/\/electro-precio.com\/fr\/wp-json\/wp\/v2\/pages"}],"about":[{"href":"https:\/\/electro-precio.com\/fr\/wp-json\/wp\/v2\/types\/page"}],"author":[{"embeddable":true,"href":"https:\/\/electro-precio.com\/fr\/wp-json\/wp\/v2\/users\/1"}],"replies":[{"embeddable":true,"href":"https:\/\/electro-precio.com\/fr\/wp-json\/wp\/v2\/comments?post=11760"}],"version-history":[{"count":2,"href":"https:\/\/electro-precio.com\/fr\/wp-json\/wp\/v2\/pages\/11760\/revisions"}],"predecessor-version":[{"id":12200,"href":"https:\/\/electro-precio.com\/fr\/wp-json\/wp\/v2\/pages\/11760\/revisions\/12200"}],"wp:attachment":[{"href":"https:\/\/electro-precio.com\/fr\/wp-json\/wp\/v2\/media?parent=11760"}],"curies":[{"name":"wp","href":"https:\/\/api.w.org\/{rel}","templated":true}]}}