{"id":11765,"date":"2025-05-03T20:11:06","date_gmt":"2025-05-03T20:11:06","guid":{"rendered":"https:\/\/electro-precio.com\/?page_id=11765"},"modified":"2025-07-03T04:51:12","modified_gmt":"2025-07-03T04:51:12","slug":"politica-de-confidencialidad","status":"publish","type":"page","link":"https:\/\/electro-precio.com\/fr\/politica-de-confidencialidad\/","title":{"rendered":"Pol\u00edtica de confidencialidad"},"content":{"rendered":"<p>La presente pol\u00edtica de privacidad tiene por objeto informarle sobre la forma en que ELECTROPRECIO usa, gestiona y protege los datos de car\u00e1cter personal que usted pueda facilitar a la empresa con ocasi\u00f3n de la utilizaci\u00f3n de su sitio web: www.electro-precio.com. Esta pol\u00edtica de privacidad se basa en las obligaciones del editor del sitio web, definidas por el Reglamento General de Protecci\u00f3n de Datos (RGPD), en materia de consentimiento para la recogida de datos personales, protecci\u00f3n y seguridad de los datos personales, respeto de los derechos de acceso, rectificaci\u00f3n, tratamiento, portabilidad y supresi\u00f3n de datos.<\/p>\n\n\n\n<p>La pol\u00edtica de privacidad de ELECTROPRECIO podr\u00e1 ser modificada en funci\u00f3n de los cambios legislativos (GDPR), reglamentarios y jurisprudenciales que determinen su desarrollo y aplicaci\u00f3n.<\/p>\n\n\n\n<p><strong>1\u00b0 Recogida de datos personales<\/strong><br>Es posible navegar por el sitio www.electro-precio.com sin comunicar sus datos personales al editor del sitio, con las limitaciones que ello conlleva en cuanto al acceso a determinadas informaciones y servicios ofrecidos.<\/p>\n\n\n\n<p>La comunicaci\u00f3n de datos personales (nombre y apellidos, direcci\u00f3n de correo electr\u00f3nico, n\u00famero de tel\u00e9fono de la empresa, etc.) a ELECTROPRECIO es obligatoria si se desea recibir una oferta o establecer contacto.<\/p>\n\n\n\n<p>El usuario acepta, por tanto, el principio de su recogida para las finalidades descritas en los formularios y en el apartado \u00abFinalidades del tratamiento de datos\u00bb. El editor tambi\u00e9n recopila datos personales a trav\u00e9s de la distribuci\u00f3n de archivos de conexi\u00f3n, de conformidad con la legislaci\u00f3n vigente sobre el uso de cookies.<\/p>\n\n\n\n<p><strong>2\u00b0 Seguridad de los datos personales<\/strong><br>ELECTROPRECIO aplica una serie de medidas de seguridad para salvaguardar la seguridad de sus datos personales:<\/p>\n\n\n\n<p>uso de cifrado de \u00faltima generaci\u00f3n para proteger los datos personales transmitidos en l\u00ednea,<br>uso de ordenadores y servidores en un entorno seguro para almacenar y procesar datos personales,<br>acceso limitado a la informaci\u00f3n personal para los empleados que necesitan realizar trabajos espec\u00edficos (preparaci\u00f3n de presupuestos, facturaci\u00f3n, etc.).<\/p>\n\n\n\n<p><strong>3\u00b0 Tratamiento de datos personales<\/strong><br>ELECTROPRECIO tiene una pol\u00edtica muy estricta en materia de tratamiento de datos personales, que consiste en no cederlos, prestarlos, alquilarlos ni revenderlos a terceros.<\/p>\n\n\n\n<p>Todo tratamiento de datos personales recogidos en el sitio www.electro-precio.com es efectuado directamente por miembros del equipo de ELECTROPRECIO habilitados para ello.<\/p>\n\n\n\n<p>Por lo tanto, usted acepta el principio del tratamiento de sus datos personales para los fines descritos en los formularios de contacto, en los formularios de creaci\u00f3n\/gesti\u00f3n de cuenta y en el p\u00e1rrafo siguiente, con el fin de comprender mejor sus necesidades en t\u00e9rminos de productos y servicios.<\/p>\n\n\n\n<p><strong>4\u00b0 Finalidad del tratamiento de los datos<\/strong><br>ELECTROPRECIO trata sus datos personales de forma manual o automatizada para fines espec\u00edficos:<\/p>\n\n\n\n<p>Los datos recogidos a trav\u00e9s de los formularios utilizados para introducir informaci\u00f3n en el sitio web (toma de contacto, solicitud de presupuesto, etc.) se utilizan para enviar presupuestos y crear o desarrollar una relaci\u00f3n comercial.<br>Los datos recogidos al utilizar los botones de acceso a las redes sociales son necesarios para ejecutar las solicitudes de estos sitios de terceros.<\/p>\n\n\n\n<p><strong>5\u00b0 Consentimiento para la recogida de datos<\/strong><br>Para todo tipo de recogida de datos personales a trav\u00e9s de su sitio web, ELECTROPRECIO utiliza mecanismos para obtener el consentimiento expreso del usuario<\/p>\n\n\n\n<p>para la aceptaci\u00f3n de la recogida de datos cuando se rellenan formularios de contacto,<br>para la aceptaci\u00f3n de cookies cuando se muestra el banner de aviso.<br>ELECTROPRECIO conserva los formularios de consentimiento para la recogida de datos personales con el fin de ponerlos a disposici\u00f3n de la CNIL y de cualquier otro organismo de control que los solicite.<\/p>\n\n\n\n<p><strong>6\u00b0 Cu\u00e1nto tiempo conservamos sus datos personales<\/strong><br>El tiempo que conservamos sus datos personales var\u00eda en funci\u00f3n de su naturaleza y de la tecnolog\u00eda utilizada para recopilarlos:<\/p>\n\n\n\n<p>para todos sus datos personales recogidos a trav\u00e9s de cookies, el plazo m\u00e1ximo de conservaci\u00f3n es de 13 meses,<br>para todos los datos recogidos a trav\u00e9s de formularios, el plazo m\u00e1ximo de conservaci\u00f3n es de 36 meses.<\/p>\n\n\n\n<p><strong>7\u00b0 Transferencia de datos personales<\/strong><br>ELECTROPRECIO no transfiere sus datos personales a terceros pa\u00edses, ni dentro ni fuera de la Uni\u00f3n Europea.<\/p>\n\n\n\n<p><strong>8\u00b0 Prestadores de servicios autorizados<\/strong><br>ELECTROPRECIO utiliza los servicios de prestadores de servicios autorizados para facilitar el tratamiento de los datos personales que el usuario utiliza en el sitio web: www.bufoli-legnami.com.<\/p>\n\n\n\n<p><strong>9\u00b0 Ejercicio de los derechos de los internautas<\/strong><br>De conformidad con el Reglamento General de Protecci\u00f3n de Datos adoptado por el Parlamento Europeo el 14 de abril de 2016 y la Ley de Protecci\u00f3n de Datos modificada de 6 de enero de 1998, usted dispone de una serie de derechos relativos a sus datos personales.<\/p>\n\n\n\n<p>Puede ejercer estos derechos poni\u00e9ndose en contacto con el editor del sitio web.<\/p>\n\n\n\n<p><\/p>","protected":false},"excerpt":{"rendered":"<p>La presente pol\u00edtica de privacidad tiene por objeto informarle sobre la forma en que ELECTROPRECIO usa, gestiona y protege los datos de car\u00e1cter personal que usted pueda facilitar a la empresa con ocasi\u00f3n de la utilizaci\u00f3n de su sitio web: www.electro-precio.com. Esta pol\u00edtica de privacidad se basa en las obligaciones del editor del sitio web, [&hellip;]<\/p>","protected":false},"author":1,"featured_media":0,"parent":0,"menu_order":0,"comment_status":"closed","ping_status":"closed","template":"","meta":{"footnotes":""},"class_list":["post-11765","page","type-page","status-publish","hentry"],"_links":{"self":[{"href":"https:\/\/electro-precio.com\/fr\/wp-json\/wp\/v2\/pages\/11765","targetHints":{"allow":["GET"]}}],"collection":[{"href":"https:\/\/electro-precio.com\/fr\/wp-json\/wp\/v2\/pages"}],"about":[{"href":"https:\/\/electro-precio.com\/fr\/wp-json\/wp\/v2\/types\/page"}],"author":[{"embeddable":true,"href":"https:\/\/electro-precio.com\/fr\/wp-json\/wp\/v2\/users\/1"}],"replies":[{"embeddable":true,"href":"https:\/\/electro-precio.com\/fr\/wp-json\/wp\/v2\/comments?post=11765"}],"version-history":[{"count":4,"href":"https:\/\/electro-precio.com\/fr\/wp-json\/wp\/v2\/pages\/11765\/revisions"}],"predecessor-version":[{"id":12207,"href":"https:\/\/electro-precio.com\/fr\/wp-json\/wp\/v2\/pages\/11765\/revisions\/12207"}],"wp:attachment":[{"href":"https:\/\/electro-precio.com\/fr\/wp-json\/wp\/v2\/media?parent=11765"}],"curies":[{"name":"wp","href":"https:\/\/api.w.org\/{rel}","templated":true}]}}