{"id":11767,"date":"2025-05-03T20:16:21","date_gmt":"2025-05-03T20:16:21","guid":{"rendered":"https:\/\/electro-precio.com\/?page_id=11767"},"modified":"2025-07-03T02:10:04","modified_gmt":"2025-07-03T02:10:04","slug":"quienes-somos","status":"publish","type":"page","link":"https:\/\/electro-precio.com\/fr\/quienes-somos\/","title":{"rendered":"\u00bfQui\u00e9nes somos?"},"content":{"rendered":"<p>Electro-precio.com es la tienda online de referencia para todos aquellos que buscan calidad, comodidad y servicio.<br>Desde sus inicios, nuestro principal objetivo ha sido la satisfacci\u00f3n del cliente, poniendo a su disposici\u00f3n un equipo interno de asistencia, disponible tanto durante la evaluaci\u00f3n de la compra como una vez recibido el pedido.<br>Todos los productos ofrecidos por Electro-precio.com son originales y est\u00e1n cubiertos por una garant\u00eda de 24 meses (o 12 meses para el IVA), adquiridos directamente de distribuidores oficiales espa\u00f1oles. Los productos se entregan exclusivamente por mensajer\u00eda y siempre est\u00e1n asegurados. En Electro-precio.com pagas por transferencia bancaria y siempre con la m\u00e1xima seguridad.<\/p>\n\n\n\n<p>El cat\u00e1logo de Electro-precio.com incluye m\u00e1s de 10.000 productos, entre electrodom\u00e9sticos de las marcas m\u00e1s prestigiosas, equipos electr\u00f3nicos e inform\u00e1ticos, gadgets y juegos, art\u00edculos y accesorios para la movilidad, art\u00edculos para el hogar y el cuidado personal, en un surtido que es uno de los m\u00e1s completos de la red en la actualidad. Si es usted un apasionado de la electr\u00f3nica, encontrar\u00e1 todo lo que busca.<\/p>\n\n\n\n<p>De conformidad con el art\u00edculo 64 y siguientes del Decreto Legislativo n\u00ba 206\/2005, recogido en el C\u00f3digo de Consumo, Electroprecio ofrece a sus clientes (no titulares del IVA) la posibilidad de devolver un producto en el plazo de 14 d\u00edas desde su compra.<\/p>","protected":false},"excerpt":{"rendered":"<p>Electro-precio.com es la tienda online de referencia para todos aquellos que buscan calidad, comodidad y servicio.Desde sus inicios, nuestro principal objetivo ha sido la satisfacci\u00f3n del cliente, poniendo a su disposici\u00f3n un equipo interno de asistencia, disponible tanto durante la evaluaci\u00f3n de la compra como una vez recibido el pedido.Todos los productos ofrecidos por Electro-precio.com [&hellip;]<\/p>","protected":false},"author":1,"featured_media":0,"parent":0,"menu_order":0,"comment_status":"closed","ping_status":"closed","template":"","meta":{"footnotes":""},"class_list":["post-11767","page","type-page","status-publish","hentry"],"_links":{"self":[{"href":"https:\/\/electro-precio.com\/fr\/wp-json\/wp\/v2\/pages\/11767","targetHints":{"allow":["GET"]}}],"collection":[{"href":"https:\/\/electro-precio.com\/fr\/wp-json\/wp\/v2\/pages"}],"about":[{"href":"https:\/\/electro-precio.com\/fr\/wp-json\/wp\/v2\/types\/page"}],"author":[{"embeddable":true,"href":"https:\/\/electro-precio.com\/fr\/wp-json\/wp\/v2\/users\/1"}],"replies":[{"embeddable":true,"href":"https:\/\/electro-precio.com\/fr\/wp-json\/wp\/v2\/comments?post=11767"}],"version-history":[{"count":2,"href":"https:\/\/electro-precio.com\/fr\/wp-json\/wp\/v2\/pages\/11767\/revisions"}],"predecessor-version":[{"id":12196,"href":"https:\/\/electro-precio.com\/fr\/wp-json\/wp\/v2\/pages\/11767\/revisions\/12196"}],"wp:attachment":[{"href":"https:\/\/electro-precio.com\/fr\/wp-json\/wp\/v2\/media?parent=11767"}],"curies":[{"name":"wp","href":"https:\/\/api.w.org\/{rel}","templated":true}]}}