{"id":11768,"date":"2025-05-03T20:21:13","date_gmt":"2025-05-03T20:21:13","guid":{"rendered":"https:\/\/electro-precio.com\/?page_id=11768"},"modified":"2025-07-03T02:47:47","modified_gmt":"2025-07-03T02:47:47","slug":"datos-legales","status":"publish","type":"page","link":"https:\/\/electro-precio.com\/fr\/datos-legales\/","title":{"rendered":"Datos legales"},"content":{"rendered":"<h2 class=\"wp-block-heading\">Informaci\u00f3n General de\u00a0Electro-precio.com<\/h2>\n\n\n\n<h3 class=\"wp-block-heading\">Informaci\u00f3n General<\/h3>\n\n\n\n<figure class=\"wp-block-table\"><table class=\"has-fixed-layout\"><tbody><tr><th>Nombre<\/th><td>Electroprecio<\/td><\/tr><tr><th>CIF<\/th><td>B20854071<\/td><\/tr><tr><th>Forma jur\u00eddica<\/th><td>SOCIEDAD LIMITADA<\/td><\/tr><tr><th>Fecha de constituci\u00f3n<\/th><td>02\/11\/2004<\/td><\/tr><\/tbody><\/table><\/figure>\n\n\n\n<h3 class=\"wp-block-heading\">Detalles del Negocio<\/h3>\n\n\n\n<figure class=\"wp-block-table\"><table class=\"has-fixed-layout\"><tbody><tr><th>Direcci\u00f3n<\/th><td>PASEO UBARBURU. 35 1&amp; NAVE 12.\u00a020014,\u00a0DONOSTIA-SAN SEBASTIAN,\u00a0GUIPUZCOA, ESPA\u00d1A<\/td><\/tr><tr><th>Tel\u00e9fono<\/th><td>691153424<\/td><\/tr><\/tbody><\/table><\/figure>\n\n\n\n<h3 class=\"wp-block-heading\">Detalles del Negocio<\/h3>\n\n\n\n<figure class=\"wp-block-table\"><table class=\"has-fixed-layout\"><tbody><tr><th>Objeto social<\/th><td>LA VENTA AL POR MENOR DE PRODUCTOS ELECTR\u00d3NICOS, ART\u00cdCULOS PARA EL HOGAR, PRODUCTOS DE MOVILIDAD Y ACCESORIOS<\/td><\/tr><tr><th>CNAE<\/th><td>4743 Comercio al por menor <\/td><\/tr><\/tbody><\/table><\/figure>","protected":false},"excerpt":{"rendered":"<p>Informaci\u00f3n General de\u00a0Electro-precio.com Informaci\u00f3n General Nombre Electroprecio CIF B20854071 Forma jur\u00eddica SOCIEDAD LIMITADA Fecha de constituci\u00f3n 02\/11\/2004 Detalles del Negocio Direcci\u00f3n PASEO UBARBURU. 35 1&amp; NAVE 12.\u00a020014,\u00a0DONOSTIA-SAN SEBASTIAN,\u00a0GUIPUZCOA, ESPA\u00d1A Tel\u00e9fono 691153424 Detalles del Negocio Objeto social LA VENTA AL POR MENOR DE PRODUCTOS ELECTR\u00d3NICOS, ART\u00cdCULOS PARA EL HOGAR, PRODUCTOS DE MOVILIDAD Y ACCESORIOS CNAE 4743 [&hellip;]<\/p>","protected":false},"author":1,"featured_media":0,"parent":0,"menu_order":0,"comment_status":"closed","ping_status":"closed","template":"","meta":{"footnotes":""},"class_list":["post-11768","page","type-page","status-publish","hentry"],"_links":{"self":[{"href":"https:\/\/electro-precio.com\/fr\/wp-json\/wp\/v2\/pages\/11768","targetHints":{"allow":["GET"]}}],"collection":[{"href":"https:\/\/electro-precio.com\/fr\/wp-json\/wp\/v2\/pages"}],"about":[{"href":"https:\/\/electro-precio.com\/fr\/wp-json\/wp\/v2\/types\/page"}],"author":[{"embeddable":true,"href":"https:\/\/electro-precio.com\/fr\/wp-json\/wp\/v2\/users\/1"}],"replies":[{"embeddable":true,"href":"https:\/\/electro-precio.com\/fr\/wp-json\/wp\/v2\/comments?post=11768"}],"version-history":[{"count":2,"href":"https:\/\/electro-precio.com\/fr\/wp-json\/wp\/v2\/pages\/11768\/revisions"}],"predecessor-version":[{"id":12198,"href":"https:\/\/electro-precio.com\/fr\/wp-json\/wp\/v2\/pages\/11768\/revisions\/12198"}],"wp:attachment":[{"href":"https:\/\/electro-precio.com\/fr\/wp-json\/wp\/v2\/media?parent=11768"}],"curies":[{"name":"wp","href":"https:\/\/api.w.org\/{rel}","templated":true}]}}