{"id":12208,"date":"2025-07-03T05:12:10","date_gmt":"2025-07-03T05:12:10","guid":{"rendered":"https:\/\/electro-precio.com\/?page_id=12208"},"modified":"2025-07-03T05:18:04","modified_gmt":"2025-07-03T05:18:04","slug":"servicio-de-entrega","status":"publish","type":"page","link":"https:\/\/electro-precio.com\/fr\/servicio-de-entrega\/","title":{"rendered":"Servicio de entrega"},"content":{"rendered":"<h3 class=\"wp-block-heading\">Env\u00edo r\u00e1pido y gratuito<\/h3>\n\n\n\n<p>En ELECTROPRECIO, queremos que disfrutes de tus productos lo antes posible y sin costes a\u00f1adidos.<\/p>\n\n\n\n<ul class=\"wp-block-list\">\n<li><strong>Entrega gratuita<\/strong> en todos los pedidos, sin importe m\u00ednimo.<\/li>\n\n\n\n<li><strong>Env\u00edos r\u00e1pidos<\/strong>: Recibe tu pedido en <strong>24 a 72 horas laborables<\/strong> en la Pen\u00ednsula Ib\u00e9rica.<\/li>\n\n\n\n<li>Trabajamos con transportistas de confianza para garantizar un servicio \u00e1gil y seguro.<\/li>\n\n\n\n<li>Todos los pedidos se procesan el mismo d\u00eda si se realizan antes de las 14:00 h.<\/li>\n<\/ul>\n\n\n\n<p>Adem\u00e1s, recibir\u00e1s un correo electr\u00f3nico con el n\u00famero de seguimiento en cuanto tu pedido salga de nuestro almac\u00e9n.<\/p>","protected":false},"excerpt":{"rendered":"<p>Env\u00edo r\u00e1pido y gratuito En ELECTROPRECIO, queremos que disfrutes de tus productos lo antes posible y sin costes a\u00f1adidos. Adem\u00e1s, recibir\u00e1s un correo electr\u00f3nico con el n\u00famero de seguimiento en cuanto tu pedido salga de nuestro almac\u00e9n.<\/p>","protected":false},"author":1,"featured_media":0,"parent":0,"menu_order":0,"comment_status":"closed","ping_status":"closed","template":"","meta":{"footnotes":""},"class_list":["post-12208","page","type-page","status-publish","hentry"],"_links":{"self":[{"href":"https:\/\/electro-precio.com\/fr\/wp-json\/wp\/v2\/pages\/12208","targetHints":{"allow":["GET"]}}],"collection":[{"href":"https:\/\/electro-precio.com\/fr\/wp-json\/wp\/v2\/pages"}],"about":[{"href":"https:\/\/electro-precio.com\/fr\/wp-json\/wp\/v2\/types\/page"}],"author":[{"embeddable":true,"href":"https:\/\/electro-precio.com\/fr\/wp-json\/wp\/v2\/users\/1"}],"replies":[{"embeddable":true,"href":"https:\/\/electro-precio.com\/fr\/wp-json\/wp\/v2\/comments?post=12208"}],"version-history":[{"count":2,"href":"https:\/\/electro-precio.com\/fr\/wp-json\/wp\/v2\/pages\/12208\/revisions"}],"predecessor-version":[{"id":12211,"href":"https:\/\/electro-precio.com\/fr\/wp-json\/wp\/v2\/pages\/12208\/revisions\/12211"}],"wp:attachment":[{"href":"https:\/\/electro-precio.com\/fr\/wp-json\/wp\/v2\/media?parent=12208"}],"curies":[{"name":"wp","href":"https:\/\/api.w.org\/{rel}","templated":true}]}}