{"id":11783,"date":"2025-05-07T22:11:53","date_gmt":"2025-05-07T22:11:53","guid":{"rendered":"https:\/\/electro-precio.com\/?post_type=product&#038;p=11783"},"modified":"2025-07-05T04:25:11","modified_gmt":"2025-07-05T04:25:11","slug":"piscina-grigio-scuro-da-305x200x84-cm","status":"publish","type":"product","link":"https:\/\/electro-precio.com\/fr\/product\/piscina-grigio-scuro-da-305x200x84-cm\/","title":{"rendered":"Piscina gris oscuro de 305x200x84 cm"},"content":{"rendered":"<div class=\"ProductDataSheet_columnLeft__koP8F\">\n<section>\n<div class=\"ProductDataSheet_sectionContent__rAxYg\">\n<div class=\"ProductDataSheet_attribute__7uhvr\">Peso del producto (kg) 24,372<br \/>\nDimensiones totales del producto montado LxAxA (cm) 305x233x84<br \/>\nAltura m\u00e1xima del agua (cm) 75<br \/>\nDimensiones del paquete LxAxA (cm) 31,5&#215;57,5&#215;102,5<br \/>\nCapacidad (l) 3668<br \/>\nDimensiones del espejo LxA (cm) 288 x 163<br \/>\nMaterial Tritech<br \/>\nForma Oval<\/div>\n<\/div>\n<\/section>\n<\/div>\n<div class=\"ProductDataSheet_columnRight__IVpW8\">\n<section>\n<div class=\"ProductDataSheet_sectionContent__rAxYg\">\n<div class=\"ProductDataSheet_attribute__7uhvr\">Contenido del paquete Un liner, una estructura<br \/>\nTiempo de montaje 30 minutos<br \/>\nPeso del paquete (kg) 24,37<br \/>\nDi\u00e1metro de la manguera de la piscina (mm) \u03c6 32 mm<\/div>\n<\/div>\n<\/section>\n<\/div>","protected":false},"excerpt":{"rendered":"<ul>\n<li>Dimensiones: 3,05 m x 200 cm x 84 cm<\/li>\n<li>Forma: ovalada<\/li>\n<li>El revestimiento Tritech de triple capa garantiza la resistencia a la perforaci\u00f3n, la estanqueidad y la durabilidad<\/li>\n<li>Estructura de soporte de acero anticorrosi\u00f3n con pr\u00e1cticos accesorios de conexi\u00f3n r\u00e1pida ClickConnect<\/li>\n<li>Compatible con las bombas de filtraci\u00f3n Bestway (bomba no incluida)<\/li>\n<li>F\u00e1cil montaje sin herramientas<\/li>\n<\/ul>","protected":false},"featured_media":11819,"comment_status":"open","ping_status":"closed","template":"","meta":[],"product_brand":[],"product_cat":[136],"product_tag":[],"class_list":{"0":"post-11783","1":"product","2":"type-product","3":"status-publish","4":"has-post-thumbnail","6":"product_cat-piscinas-hinchables-y-spas","8":"first","9":"instock","10":"sale","11":"shipping-taxable","12":"purchasable","13":"product-type-simple"},"_links":{"self":[{"href":"https:\/\/electro-precio.com\/fr\/wp-json\/wp\/v2\/product\/11783","targetHints":{"allow":["GET"]}}],"collection":[{"href":"https:\/\/electro-precio.com\/fr\/wp-json\/wp\/v2\/product"}],"about":[{"href":"https:\/\/electro-precio.com\/fr\/wp-json\/wp\/v2\/types\/product"}],"replies":[{"embeddable":true,"href":"https:\/\/electro-precio.com\/fr\/wp-json\/wp\/v2\/comments?post=11783"}],"wp:featuredmedia":[{"embeddable":true,"href":"https:\/\/electro-precio.com\/fr\/wp-json\/wp\/v2\/media\/11819"}],"wp:attachment":[{"href":"https:\/\/electro-precio.com\/fr\/wp-json\/wp\/v2\/media?parent=11783"}],"wp:term":[{"taxonomy":"product_brand","embeddable":true,"href":"https:\/\/electro-precio.com\/fr\/wp-json\/wp\/v2\/product_brand?post=11783"},{"taxonomy":"product_cat","embeddable":true,"href":"https:\/\/electro-precio.com\/fr\/wp-json\/wp\/v2\/product_cat?post=11783"},{"taxonomy":"product_tag","embeddable":true,"href":"https:\/\/electro-precio.com\/fr\/wp-json\/wp\/v2\/product_tag?post=11783"}],"curies":[{"name":"wp","href":"https:\/\/api.w.org\/{rel}","templated":true}]}}