{"id":11785,"date":"2025-05-07T22:11:53","date_gmt":"2025-05-07T22:11:53","guid":{"rendered":"https:\/\/electro-precio.com\/?post_type=product&#038;p=11785"},"modified":"2025-07-05T04:07:05","modified_gmt":"2025-07-05T04:07:05","slug":"set-piscina-da-366x100-cm-effetto-rattan","status":"publish","type":"product","link":"https:\/\/electro-precio.com\/fr\/product\/set-piscina-da-366x100-cm-effetto-rattan\/","title":{"rendered":"Juego de piscina 366&#215;100 cm efecto rat\u00e1n"},"content":{"rendered":"<div class=\"ProductDataSheet_columnLeft__koP8F\">\n<section>\n<div class=\"ProductDataSheet_sectionContent__rAxYg\">\n<div class=\"ProductDataSheet_attribute__7uhvr\">Peso del producto (kg) 33,61<br \/>\nDimensiones totales del producto montado LxAxA (cm) 366x366x100<br \/>\nAltura m\u00e1xima del agua (cm) 90<br \/>\nDimensiones del embalaje LxAxA (cm) 35x44x115<br \/>\nCapacidad (l) 9150<br \/>\nDimensiones del espejo LxL (cm) \u03c6 360<br \/>\nMaterial Duraplus<br \/>\nForma Redonda<\/div>\n<\/div>\n<\/section>\n<\/div>\n<div class=\"ProductDataSheet_columnRight__IVpW8\">\n<section>\n<div class=\"ProductDataSheet_sectionContent__rAxYg\">\n<div class=\"ProductDataSheet_attribute__7uhvr\">Tiempo de montaje 20 minutos<br \/>\nPeso del paquete (kg) 33,61<br \/>\nCaudal de agua de la bomba (l) 2.006 L\/h<br \/>\nConsumo del sistema de filtraci\u00f3n (W) 29 W<br \/>\nCompatibilidad de cartuchos #58094 (II)<br \/>\nDi\u00e1metro de la manguera de la piscina (mm) \u03c6 32 mm<br \/>\nTensi\u00f3n (V) 240<br \/>\nContenido del paquete: Una piscina, bomba de filtraci\u00f3n #58383 con cartuchos de filtraci\u00f3n #58094 (II), una escalera de seguridad #58331, parche de reparaci\u00f3n<\/div>\n<\/div>\n<\/section>\n<\/div>","protected":false},"excerpt":{"rendered":"<ul>\n<li>Dimensiones: 3,66 m x 1,00 m<\/li>\n<li>Capacidad de llenado (90%): 9159 L (2417 gal.)<\/li>\n<li>El revestimiento mejorado DuraPlus\u2122 de 3 capas es un 15% m\u00e1s resistente al desgarro, un 33% m\u00e1s resistente al estiramiento y un 83% m\u00e1s resistente a los pinchazos que el PVC est\u00e1ndar<\/li>\n<li>El armaz\u00f3n de acero resistente a la corrosi\u00f3n cuenta con nuestro sistema FrameLink\u2122 para una conexi\u00f3n fuerte y segura entre los tubos collegamento robusto e sicuro fra i tubolari<\/li>\n<li>Atractivo estampado Prismatic Stone \u2122 en el revestimiento interior<\/li>\n<li>Incluye bomba de filtraci\u00f3n de 2006 L (530 gal.)<\/li>\n<li>Se monta y se guarda f\u00e1cilmente, sin necesidad de herramientas<\/li>\n<li>Contenido: 1 piscina, 1 bomba de filtraci\u00f3n (compatible con cartuchos de tipo II), 1 escalera<\/li>\n<\/ul>","protected":false},"featured_media":11839,"comment_status":"open","ping_status":"closed","template":"","meta":[],"product_brand":[],"product_cat":[136],"product_tag":[],"class_list":{"0":"post-11785","1":"product","2":"type-product","3":"status-publish","4":"has-post-thumbnail","6":"product_cat-piscinas-hinchables-y-spas","8":"first","9":"instock","10":"sale","11":"shipping-taxable","12":"purchasable","13":"product-type-simple"},"_links":{"self":[{"href":"https:\/\/electro-precio.com\/fr\/wp-json\/wp\/v2\/product\/11785","targetHints":{"allow":["GET"]}}],"collection":[{"href":"https:\/\/electro-precio.com\/fr\/wp-json\/wp\/v2\/product"}],"about":[{"href":"https:\/\/electro-precio.com\/fr\/wp-json\/wp\/v2\/types\/product"}],"replies":[{"embeddable":true,"href":"https:\/\/electro-precio.com\/fr\/wp-json\/wp\/v2\/comments?post=11785"}],"wp:featuredmedia":[{"embeddable":true,"href":"https:\/\/electro-precio.com\/fr\/wp-json\/wp\/v2\/media\/11839"}],"wp:attachment":[{"href":"https:\/\/electro-precio.com\/fr\/wp-json\/wp\/v2\/media?parent=11785"}],"wp:term":[{"taxonomy":"product_brand","embeddable":true,"href":"https:\/\/electro-precio.com\/fr\/wp-json\/wp\/v2\/product_brand?post=11785"},{"taxonomy":"product_cat","embeddable":true,"href":"https:\/\/electro-precio.com\/fr\/wp-json\/wp\/v2\/product_cat?post=11785"},{"taxonomy":"product_tag","embeddable":true,"href":"https:\/\/electro-precio.com\/fr\/wp-json\/wp\/v2\/product_tag?post=11785"}],"curies":[{"name":"wp","href":"https:\/\/api.w.org\/{rel}","templated":true}]}}