{"id":11788,"date":"2025-05-07T22:11:53","date_gmt":"2025-05-07T22:11:53","guid":{"rendered":"https:\/\/electro-precio.com\/?post_type=product&#038;p=11788"},"modified":"2025-07-05T03:52:31","modified_gmt":"2025-07-05T03:52:31","slug":"juego-de-piscina-gris-oscuro-412x201x122-cm","status":"publish","type":"product","link":"https:\/\/electro-precio.com\/fr\/product\/juego-de-piscina-gris-oscuro-412x201x122-cm\/","title":{"rendered":"Juego de piscina gris oscuro 412x201x122 cm"},"content":{"rendered":"<div class=\"ProductDataSheet_columnLeft__koP8F\">\n<section>\n<div class=\"ProductDataSheet_sectionContent__rAxYg\">\n<div class=\"ProductDataSheet_attribute__7uhvr\">Peso del producto (kg) 62,511<br \/>\nDimensiones totales del producto montado LxAnxAl (cm) 462x254x122<br \/>\nAltura m\u00e1xima del agua (cm) 110<br \/>\nDimensiones del embalaje LxAnxAl (cm) 41x58x148<br \/>\nCapacidad (l) 8124<br \/>\nDimensiones del espejo de agua LxAnxAl (cm) 381 x 181<br \/>\nMaterial Tritech<br \/>\nForma rectangular<\/div>\n<\/div>\n<\/section>\n<\/div>\n<div class=\"ProductDataSheet_columnRight__IVpW8\">\n<section>\n<div class=\"ProductDataSheet_sectionContent__rAxYg\">\n<div class=\"ProductDataSheet_attribute__7uhvr\"><\/div>\n<div class=\"ProductDataSheet_attribute__7uhvr\">Tiempo de montaje 40 minutos<br \/>\nPeso del paquete (kg) 62,51<br \/>\nCaudal de agua de la bomba (l) 2.006 L\/h<br \/>\nConsumo del sistema de filtraci\u00f3n (W) 29<br \/>\nCompatibilidad cartucho 58094<br \/>\nDi\u00e1metro de la manguera de la piscina (mm) \u03c6 32 mm<br \/>\nTensi\u00f3n (V) 240<br \/>\nContenido del paquete: Una piscina, bomba de filtraci\u00f3n #58383 con cartucho 58094 (II), escalera de seguridad #58331, cubierta de piscina #P03654, parche de reparaci\u00f3n<\/div>\n<\/div>\n<\/section>\n<\/div>","protected":false},"excerpt":{"rendered":"<ul>\n<li>Dimensiones: 4,12 m x 2,01 m x 1,22 m<\/li>\n<li>Forma: rectangular<\/li>\n<li>El revestimiento Tritech de triple capa garantiza la resistencia a la perforaci\u00f3n, el sellado y la durabilidad<\/li>\n<li>Estructura de soporte de acero resistente a la corrosi\u00f3n con pr\u00e1cticos cierres r\u00e1pidos ClickConnect<\/li>\n<li>Sistema de filtraci\u00f3n incluido<\/li>\n<li>F\u00e1cil montaje y almacenamiento, sin necesidad de herramientas<\/li>\n<\/ul>","protected":false},"featured_media":11860,"comment_status":"open","ping_status":"closed","template":"","meta":[],"product_brand":[],"product_cat":[136],"product_tag":[],"class_list":{"0":"post-11788","1":"product","2":"type-product","3":"status-publish","4":"has-post-thumbnail","6":"product_cat-piscinas-hinchables-y-spas","8":"first","9":"instock","10":"sale","11":"shipping-taxable","12":"purchasable","13":"product-type-simple"},"_links":{"self":[{"href":"https:\/\/electro-precio.com\/fr\/wp-json\/wp\/v2\/product\/11788","targetHints":{"allow":["GET"]}}],"collection":[{"href":"https:\/\/electro-precio.com\/fr\/wp-json\/wp\/v2\/product"}],"about":[{"href":"https:\/\/electro-precio.com\/fr\/wp-json\/wp\/v2\/types\/product"}],"replies":[{"embeddable":true,"href":"https:\/\/electro-precio.com\/fr\/wp-json\/wp\/v2\/comments?post=11788"}],"wp:featuredmedia":[{"embeddable":true,"href":"https:\/\/electro-precio.com\/fr\/wp-json\/wp\/v2\/media\/11860"}],"wp:attachment":[{"href":"https:\/\/electro-precio.com\/fr\/wp-json\/wp\/v2\/media?parent=11788"}],"wp:term":[{"taxonomy":"product_brand","embeddable":true,"href":"https:\/\/electro-precio.com\/fr\/wp-json\/wp\/v2\/product_brand?post=11788"},{"taxonomy":"product_cat","embeddable":true,"href":"https:\/\/electro-precio.com\/fr\/wp-json\/wp\/v2\/product_cat?post=11788"},{"taxonomy":"product_tag","embeddable":true,"href":"https:\/\/electro-precio.com\/fr\/wp-json\/wp\/v2\/product_tag?post=11788"}],"curies":[{"name":"wp","href":"https:\/\/api.w.org\/{rel}","templated":true}]}}