{"id":11789,"date":"2025-05-07T22:11:53","date_gmt":"2025-05-07T22:11:53","guid":{"rendered":"https:\/\/electro-precio.com\/?post_type=product&#038;p=11789"},"modified":"2025-07-05T04:38:04","modified_gmt":"2025-07-05T04:38:04","slug":"idromassaggio-gonfiabile-hawaii-lay-z-spa-airjet-4-6-persone","status":"publish","type":"product","link":"https:\/\/electro-precio.com\/fr\/product\/idromassaggio-gonfiabile-hawaii-lay-z-spa-airjet-4-6-persone\/","title":{"rendered":"Ba\u00f1era de hidromasaje hinchable Hawaii Lay-Z-Spa AirJet 4-6 personas"},"content":{"rendered":"<p>Una ba\u00f1era de hidromasaje hinchable Hawaii AirJet es la isla de la relajaci\u00f3n de lujo a un paso. El sistema de masaje AirJet libera burbujas de aire de los 140 chorros del fondo de la ba\u00f1era para crear un ambiente agradable y relajante. El agua alcanza una temperatura de 40 \u00b0C, gracias al eficiente sistema de calefacci\u00f3n que tambi\u00e9n evita autom\u00e1ticamente que el agua se congele cuando la ba\u00f1era de hidromasaje no est\u00e1 en uso. Con la aplicaci\u00f3n dedicada Bestway SmartSpa, puede gestionar los principales ajustes de calefacci\u00f3n, filtrado y ahorro de energ\u00eda directamente desde su smartphone. La bomba UltraFit del Spa Lay-Z-Spa Hawaii est\u00e1 integrada dentro de la estructura, por lo que ocupa menos espacio. La estructura interna de material MaxHold garantiza la estabilidad y una excelente resistencia a la presi\u00f3n sin dejar de ser extremadamente ligera. Adem\u00e1s, las paredes y la cubierta est\u00e1n fabricadas con el material multicapa EnergySense. Este innovador material est\u00e1 dise\u00f1ado para evitar la p\u00e9rdida de calor, lo que hace que Lay-Z-Spa Hawaii sea hasta un 40% m\u00e1s eficiente energ\u00e9ticamente que las ba\u00f1eras de hidromasaje hinchables convencionales.<\/p>\n<h3 class=\"ProductView_accordionHeader__2Uvy9\" data-orientation=\"vertical\" data-state=\"open\"><button id=\"radix-:Rlbbadm:\" class=\"ProductView_accordionTrigger__xN51X\" type=\"button\" aria-controls=\"radix-:R1lbbadm:\" aria-expanded=\"true\" data-state=\"open\" data-orientation=\"vertical\" data-radix-collection-item=\"\">Ficha t\u00e9cnica<\/button><\/h3>\n<div id=\"radix-:R1lbbadm:\" class=\"ProductView_accordionContent__UDIi0\" role=\"region\" data-state=\"open\" aria-labelledby=\"radix-:Rlbbadm:\" data-orientation=\"vertical\">\n<div class=\"ProductView_contentWrapper__rcSQp\">\n<div class=\"ProductDataSheet_root__trM7X ProductDataSheet_full__aNmCB\">\n<div class=\"grid grid-cols-1 xl:grid-cols-2 gap-[40px_100px]\">\n<div class=\"ProductDataSheet_columnLeft__koP8F\">\n<section>\n<div class=\"ProductDataSheet_sectionContent__rAxYg\">\n<div class=\"ProductDataSheet_attribute__7uhvr\">Peso del producto (kg) 32,7<br \/>\nDimensiones totales del producto montado LxAxA (cm) 196x196x71<br \/>\nAltura m\u00e1xima del agua (cm) 52<br \/>\nDimensiones del embalaje LxAxA (cm) 47x77x64,5<br \/>\nCapacidad (l) 980<br \/>\nDimensiones del producto inflado LxAxA (cm) 196x196x71<br \/>\nAltura inflado (cm) 71<\/div>\n<div class=\"ProductDataSheet_attribute__7uhvr\"><span class=\"ProductDataSheet_label__cmohz\">Asientos\u00a0 Cuatro + \u00a0 \u00a0 \u00a0 \u00a0 \u00a0 \u00a0 \u00a0 \u00a0 \u00a0 \u00a0 \u00a0 \u00a0 \u00a0 \u00a0 \u00a0 \u00a0 \u00a0 \u00a0 \u00a0 \u00a0 \u00a0 \u00a0 \u00a0 \u00a0 \u00a0 \u00a0 \u00a0 \u00a0 \u00a0 \u00a0 \u00a0 \u00a0 \u00a0 \u00a0 \u00a0 \u00a0 \u00a0 \u00a0 \u00a0 \u00a0<\/span><\/div>\n<div class=\"ProductDataSheet_attribute__7uhvr\">Dimensiones interiores LxAnxAl (cm) 151&#215;151<br \/>\nSpa lleno (kg) 1012<\/div>\n<div><\/div>\n<\/div>\n<\/section>\n<section>\n<div class=\"ProductDataSheet_sectionContent__rAxYg\">\n<div class=\"ProductDataSheet_attribute__7uhvr\">Material Bomba integrada<br \/>\nForma redonda<\/div>\n<div><\/div>\n<\/div>\n<\/section>\n<\/div>\n<div class=\"ProductDataSheet_columnRight__IVpW8\">\n<section>\n<div class=\"ProductDataSheet_sectionContent__rAxYg\">\n<div class=\"ProductDataSheet_attribute__7uhvr\">Tiempo de instalaci\u00f3n 5 minutos<br \/>\nPeso del paquete (kg) 39,19<br \/>\nN\u00famero de chorros de aire 140<br \/>\nConsumo del sistema de filtraci\u00f3n (W) 2050 w<br \/>\nConsumo del chorro de aire (W) 800 w<br \/>\nConsumo del calentador de agua (W) 2050<br \/>\nCompatibilidad del cartucho 60311<\/div>\n<div class=\"ProductDataSheet_attribute__7uhvr\">Airjetyes App Smart Hubyes<br \/>\nCapacidad m\u00e1xima de calentamiento (\u00b0C) 40\u00b0C<br \/>\nContenido del paquete: Un spa, una cubierta, una bomba multifunci\u00f3n, un cartucho de filtro #60311 (VI), un dispensador ChemConnect, parche de reparaci\u00f3n, sistema AirJet<\/div>\n<\/div>\n<\/section>\n<\/div>\n<\/div>\n<\/div>\n<\/div>\n<\/div>","protected":false},"excerpt":{"rendered":"<ul>\n<li>Dimensioni: 1,96 m x 71 cm<\/li>\n<li>Capienza: 4-6 persone<\/li>\n<li>Il sistema AirJet rilascia centinaia di bollicine di aria calda dal fondo della vasca, per avvolgerti in un delicato massaggio rilassante<\/li>\n<li>Pi\u00f9 stabile grazie alla struttura interna in MaxHold, senza nulla perdere in portabilit\u00e0 e leggerezza<\/li>\n<li>Il liner in EnergySense migliora l&#8217;efficienza energetica di questa spa fino al 40% rispetto a modelli comparabili sul mercato<\/li>\n<li>Controlla tutte le sue funzioni dal palmo della tua mano grazie all&#8217;app Bestway SmartSpa<\/li>\n<li>Programma i tuoi momenti di benessere fino a 40 giorni in anticipo, con il timer di risparmio energetico<\/li>\n<li>Il sistema Freeze Shield protegge la spa anche nei periodi pi\u00f9 freddi dell&#8217;anno<\/li>\n<li>Con pompa multifunzione UltraFit, incorporata nel liner per una pratica opzione salvaspazio<\/li>\n<\/ul>","protected":false},"featured_media":11872,"comment_status":"open","ping_status":"closed","template":"","meta":[],"product_brand":[],"product_cat":[136],"product_tag":[],"class_list":{"0":"post-11789","1":"product","2":"type-product","3":"status-publish","4":"has-post-thumbnail","6":"product_cat-piscinas-hinchables-y-spas","8":"first","9":"instock","10":"sale","11":"shipping-taxable","12":"purchasable","13":"product-type-simple"},"_links":{"self":[{"href":"https:\/\/electro-precio.com\/fr\/wp-json\/wp\/v2\/product\/11789","targetHints":{"allow":["GET"]}}],"collection":[{"href":"https:\/\/electro-precio.com\/fr\/wp-json\/wp\/v2\/product"}],"about":[{"href":"https:\/\/electro-precio.com\/fr\/wp-json\/wp\/v2\/types\/product"}],"replies":[{"embeddable":true,"href":"https:\/\/electro-precio.com\/fr\/wp-json\/wp\/v2\/comments?post=11789"}],"wp:featuredmedia":[{"embeddable":true,"href":"https:\/\/electro-precio.com\/fr\/wp-json\/wp\/v2\/media\/11872"}],"wp:attachment":[{"href":"https:\/\/electro-precio.com\/fr\/wp-json\/wp\/v2\/media?parent=11789"}],"wp:term":[{"taxonomy":"product_brand","embeddable":true,"href":"https:\/\/electro-precio.com\/fr\/wp-json\/wp\/v2\/product_brand?post=11789"},{"taxonomy":"product_cat","embeddable":true,"href":"https:\/\/electro-precio.com\/fr\/wp-json\/wp\/v2\/product_cat?post=11789"},{"taxonomy":"product_tag","embeddable":true,"href":"https:\/\/electro-precio.com\/fr\/wp-json\/wp\/v2\/product_tag?post=11789"}],"curies":[{"name":"wp","href":"https:\/\/api.w.org\/{rel}","templated":true}]}}