{"id":11790,"date":"2025-05-07T22:11:53","date_gmt":"2025-05-07T22:11:53","guid":{"rendered":"https:\/\/electro-precio.com\/?post_type=product&#038;p=11790"},"modified":"2025-10-27T22:47:53","modified_gmt":"2025-10-27T22:47:53","slug":"banera-de-hidromasaje-hinchable-lay-z-spa-st-lucia-airjet-2-3-personas","status":"publish","type":"product","link":"https:\/\/electro-precio.com\/fr\/product\/banera-de-hidromasaje-hinchable-lay-z-spa-st-lucia-airjet-2-3-personas\/","title":{"rendered":"Ba\u00f1era de hidromasaje hinchable Lay-Z-Spa St. Lucia AirJet 2-3 personas"},"content":{"rendered":"<div class=\"ProductDataSheet_columnLeft__koP8F\">\n<section>\n<div class=\"ProductDataSheet_sectionContent__rAxYg\">\n<div class=\"ProductDataSheet_attribute__7uhvr\">Peso del producto (kg) 26.023<br \/>\nDimensiones totales del producto montado LxAxA (cm) 211x170x66<br \/>\nAltura m\u00e1xima del agua (cm) 52<br \/>\nDimensiones del embalaje LxAnxAl (cm) 45x80x57,5<br \/>\nCapacidad (l) 605<br \/>\nDimensiones del producto inflado LxAnxAl (cm) 170x170x66<br \/>\nAltura inflado (cm) 66<br \/>\nTres asientos<br \/>\nDimensiones interiores LxAnxAl (cm) 124&#215;124<br \/>\nSpa lleno (kg) 630<br \/>\nMaterial Duraplus<br \/>\nForma Redonda<\/div>\n<\/div>\n<\/section>\n<\/div>\n<div class=\"ProductDataSheet_columnRight__IVpW8\">\n<section>\n<div class=\"ProductDataSheet_sectionContent__rAxYg\">\n<div class=\"ProductDataSheet_attribute__7uhvr\"><\/div>\n<div class=\"ProductDataSheet_attribute__7uhvr\">Tiempo de montaje 5 minutos<br \/>\nPeso del paquete (kg) 31,8<br \/>\nN\u00famero de chorros de aire 110<br \/>\nConsumo del sistema de filtrado (W) 50 W<br \/>\nConsumo del chorro de aire (W) 800 W<br \/>\nConsumo del calentador de agua (W) 2050 W<br \/>\nCompatibilidad cartucho 60311<br \/>\nChorro de aire s\u00ed<br \/>\nCapacidad m\u00e1xima de calentamiento (\u00b0C) 40\u00b0C<br \/>\nContenido del paquete: Un spa, una cubierta, una bomba multifunci\u00f3n, un cartucho de filtro n\u00ba 60311 (VI), un dispensador ChemConnect, parche de reparaci\u00f3n, sistema AirJet<\/div>\n<\/div>\n<\/section>\n<\/div>","protected":false},"excerpt":{"rendered":"<ul>\n<li>Dimensiones: 1,70 m x 66 cm<\/li>\n<li>Capacidad: 2-3 personas<\/li>\n<li>El sistema AirJet libera cientos de burbujas de aire caliente desde el fondo de la ba\u00f1era para envolverle en un suave masaje relajante<\/li>\n<li>Programe sus momentos de bienestar con hasta 40 d\u00edas de antelaci\u00f3n con el temporizador de ahorro de energ\u00eda<\/li>\n<li>El sistema Freeze Shield protege el spa incluso en las \u00e9pocas m\u00e1s fr\u00edas del a\u00f1o<\/li>\n<li>La bomba multifunci\u00f3n infla el spa y activa el sistema de filtraci\u00f3n, calefacci\u00f3n y masaje<\/li>\n<li>Incluye una pr\u00e1ctica cubierta reforzada para conservar el calor cuando no se utiliza el spa<\/li>\n<\/ul>","protected":false},"featured_media":11881,"comment_status":"open","ping_status":"closed","template":"","meta":[],"product_brand":[],"product_cat":[136],"product_tag":[],"class_list":{"0":"post-11790","1":"product","2":"type-product","3":"status-publish","4":"has-post-thumbnail","6":"product_cat-piscinas-hinchables-y-spas","8":"first","9":"instock","10":"sale","11":"shipping-taxable","12":"purchasable","13":"product-type-simple"},"_links":{"self":[{"href":"https:\/\/electro-precio.com\/fr\/wp-json\/wp\/v2\/product\/11790","targetHints":{"allow":["GET"]}}],"collection":[{"href":"https:\/\/electro-precio.com\/fr\/wp-json\/wp\/v2\/product"}],"about":[{"href":"https:\/\/electro-precio.com\/fr\/wp-json\/wp\/v2\/types\/product"}],"replies":[{"embeddable":true,"href":"https:\/\/electro-precio.com\/fr\/wp-json\/wp\/v2\/comments?post=11790"}],"wp:featuredmedia":[{"embeddable":true,"href":"https:\/\/electro-precio.com\/fr\/wp-json\/wp\/v2\/media\/11881"}],"wp:attachment":[{"href":"https:\/\/electro-precio.com\/fr\/wp-json\/wp\/v2\/media?parent=11790"}],"wp:term":[{"taxonomy":"product_brand","embeddable":true,"href":"https:\/\/electro-precio.com\/fr\/wp-json\/wp\/v2\/product_brand?post=11790"},{"taxonomy":"product_cat","embeddable":true,"href":"https:\/\/electro-precio.com\/fr\/wp-json\/wp\/v2\/product_cat?post=11790"},{"taxonomy":"product_tag","embeddable":true,"href":"https:\/\/electro-precio.com\/fr\/wp-json\/wp\/v2\/product_tag?post=11790"}],"curies":[{"name":"wp","href":"https:\/\/api.w.org\/{rel}","templated":true}]}}