{"id":11791,"date":"2025-05-07T22:11:53","date_gmt":"2025-05-07T22:11:53","guid":{"rendered":"https:\/\/electro-precio.com\/?post_type=product&#038;p=11791"},"modified":"2025-07-01T18:01:47","modified_gmt":"2025-07-01T18:01:47","slug":"auriculares-para-pilotos-a30-de-bose","status":"publish","type":"product","link":"https:\/\/electro-precio.com\/fr\/product\/auriculares-para-pilotos-a30-de-bose\/","title":{"rendered":"Auriculares para pilotos A30 de Bose"},"content":{"rendered":"<div class=\"title\">\n<h1 class=\"bose-title-v1 -marginTopLarge -marginLeftMedium -marginRightMediumX -marginBottomDefault -bold -center bose-h1 -black -ignoreHorizontal bose-marginAlignment__Mobile\">Cierra el paso al ruido. Abre la puerta a una nueva experiencia.<\/h1>\n<\/div>\n<div class=\"bose-text\">\n<p>\u00bfQu\u00e9 ocurrir\u00eda si pudieras alejar de ti todas las distracciones, todo lo que se interpone en tu camino? Pues que podr\u00edas limitarte a disfrutar de la libertad de volar, esa sensaci\u00f3n tan pura e indescriptible.<\/p>\n<div class=\"bose-richText -marginTopSmall -marginLeftLargeX -marginRightLargeX -marginBottomSmall -ignoreHorizontal bose-marginAlignment__Mobile\">\n<div class=\"title\">\n<h2 class=\"bose-title-v1 -marginTopLarge -marginLeftLargeX -marginRightLargeX -marginBottomDefault -bold -center bose-h2 -white -ignoreHorizontal bose-marginAlignment__Mobile\">\u00bfPor qu\u00e9 elegir si puedes tenerlo todo?<\/h2>\n<\/div>\n<div class=\"bose-text\">\n<p>Los auriculares para pilotos A30 de Bose son ideales en entornos con un ruido omnipresente, cuando m\u00e1s necesario es el confort y m\u00e1s esencial una buena comunicaci\u00f3n.<\/p>\n<div class=\"bose-richText -marginTopDefault -marginLeftLargeX -marginRightLargeX -marginBottomMedium -ignoreHorizontal bose-marginAlignment__Mobile\">\n<div class=\"title\">\n<h2 class=\"bose-title-v1 -marginTopLarge -marginLeftMedium -marginRightMedium -marginBottomDefault -bold -center bose-h2 -black -ignoreHorizontal bose-marginAlignment__Mobile\">Un confort nunca visto. Un silencio nunca o\u00eddo.<\/h2>\n<\/div>\n<div class=\"bose-text\">\n<p>Los A30 de Bose son los auriculares circumaurales para pilotos m\u00e1s c\u00f3modos y avanzados que hemos dise\u00f1ado nunca. Con una combinaci\u00f3n de confort, nitidez del sonido y cancelaci\u00f3n de ruido activa sin rival en el mercado, son perfectos para disfrutar todav\u00eda m\u00e1s de cada vuelo.<\/p>\n<div class=\"bose-richText -marginTopSmall -marginLeftLargeX -marginRightLargeX -marginBottomSmall -ignoreHorizontal bose-marginAlignment__Mobile\">\n<div class=\"title\">\n<h3 class=\"bose-title-v1 -marginTopSmall -marginLeftSmall -marginRightMediumX -marginBottomDefault -bold -left bose-h3 -black -ignoreHorizontal bose-marginAlignment__Mobile\">Un confort de altos vuelos<\/h3>\n<\/div>\n<div class=\"bose-text\">\n<p>El\u00a0<b>dise\u00f1o ligero y con una presi\u00f3n de sujeci\u00f3n m\u00ednima<\/b>\u00a0de los auriculares A30 garantiza un confort m\u00e1ximo en los vuelos m\u00e1s largos. Incluyen la prestigiosa tecnolog\u00eda de cancelaci\u00f3n de ruido de los A20 de Bose, pero con un peso inferior y una presi\u00f3n de sujeci\u00f3n un 20% m\u00e1s baja.<\/p>\n<div class=\"bose-richText -marginTopSmall -marginLeftSmall -marginRightLargeX -marginBottomExtraSmall -ignoreHorizontal bose-marginAlignment__Mobile\">\n<div class=\"title\">\n<h3 class=\"bose-title-v1 -marginTopSmall -marginLeftDefault -marginRightSmall -marginBottomDefault -bold -left bose-h3 -black -ignoreHorizontal bose-marginAlignment__Mobile\">Un sonido a tu aire<\/h3>\n<\/div>\n<div class=\"bose-text\">\n<p>Los auriculares A30 consiguen un equilibrio ideal entre atenuaci\u00f3n y nitidez del audio, mejor que cualquier otro modelo de auriculares para pilotos del mercado. Con su interfaz Bluetooth\u00ae opcional y\u00a0<b>tres modos de cancelaci\u00f3n de ruido activa seleccionables<\/b>\u00a0con comunicaci\u00f3n directa, son ideales para mantener todas las l\u00edneas de comunicaci\u00f3n abiertas en cualquier tipo de avi\u00f3n.<\/p>\n<div class=\"bose-richText -marginTopDefault -marginLeftDefault -marginRightSmall -marginBottomExtraSmall -ignoreHorizontal bose-marginAlignment__Mobile\">\n<div class=\"title\">\n<h3 class=\"bose-title-v1 -marginTopSmall -marginLeftSmall -marginRightDefault -marginBottomDefault -bold -left bose-h3 -black -ignoreHorizontal bose-marginAlignment__Mobile\">Pensados para darlo todo<\/h3>\n<\/div>\n<div class=\"bose-text\">\n<p>Con un dise\u00f1o moderno y estilizado y\u00a0<b>un micr\u00f3fono intercambiable sin necesidad de herramientas<\/b>, los A30 est\u00e1n dise\u00f1ados para aportar m\u00e1s versatilidad y rendimiento en pr\u00e1cticamente cualquier tipo de cabina. Adem\u00e1s, est\u00e1n fabricados con materiales extremadamente resistentes y duraderos, pero en un tama\u00f1o m\u00e1s compacto y con menos presi\u00f3n de sujeci\u00f3n que muchos otros auriculares para pilotos.<\/p>\n<div class=\"bose-richText -marginTopDefault -marginLeftSmall -marginRightMedium -marginBottomExtraSmall -ignoreHorizontal bose-marginAlignment__Mobile\">\n<h2 class=\"bose-title-v1 -marginTopLarge -marginLeftLargeX -marginRightLargeX -marginBottomSmall -bold -center bose-h2 -black -ignoreHorizontal bose-marginAlignment__Mobile\">Unos vuelos sin sobresaltos<\/h2>\n<\/div>\n<\/div>\n<\/div>\n<\/div>\n<\/div>\n<\/div>\n<\/div>\n<\/div>\n<\/div>\n<\/div>\n<\/div>\n<\/div>","protected":false},"excerpt":{"rendered":"<ul>\n<li>DISE\u00d1O ESTABLE Y LIGERO QUE NO APRIETA<\/li>\n<li>TRES MODOS DE CANCELACI\u00d3N ACTIVA DEL RUIDO<\/li>\n<li>CERTIFICADO DE ACUERDO CON LAS NORMAS FAA TSO Y EASA E\/TSO-C139a<\/li>\n<li>CLARIDAD INSUPERABLE CON ECUALIZACI\u00d3N ACTIVA<\/li>\n<li>MICR\u00d3FONO DE PRECISI\u00d3N CON CANCELACI\u00d3N DE RUIDO<\/li>\n<li>EL CABLE Y EL MICR\u00d3FONO SE PUEDEN COLOCAR A LA IZQUIERDA O A LA DERECHA, SIN NECESIDAD DE HERRAMIENTAS<\/li>\n<li>LA GARANT\u00cdA DE LOS AURICULARES BOSE A30 PARA AVIACI\u00d3N CUBRE CINCO A\u00d1OS A PARTIR DE LA FECHA DE COMPRA<\/li>\n<\/ul>","protected":false},"featured_media":11890,"comment_status":"open","ping_status":"closed","template":"","meta":[],"product_brand":[],"product_cat":[99],"product_tag":[],"class_list":{"0":"post-11791","1":"product","2":"type-product","3":"status-publish","4":"has-post-thumbnail","6":"product_cat-accesorios","8":"first","9":"instock","10":"shipping-taxable","11":"purchasable","12":"product-type-variable"},"_links":{"self":[{"href":"https:\/\/electro-precio.com\/fr\/wp-json\/wp\/v2\/product\/11791","targetHints":{"allow":["GET"]}}],"collection":[{"href":"https:\/\/electro-precio.com\/fr\/wp-json\/wp\/v2\/product"}],"about":[{"href":"https:\/\/electro-precio.com\/fr\/wp-json\/wp\/v2\/types\/product"}],"replies":[{"embeddable":true,"href":"https:\/\/electro-precio.com\/fr\/wp-json\/wp\/v2\/comments?post=11791"}],"wp:featuredmedia":[{"embeddable":true,"href":"https:\/\/electro-precio.com\/fr\/wp-json\/wp\/v2\/media\/11890"}],"wp:attachment":[{"href":"https:\/\/electro-precio.com\/fr\/wp-json\/wp\/v2\/media?parent=11791"}],"wp:term":[{"taxonomy":"product_brand","embeddable":true,"href":"https:\/\/electro-precio.com\/fr\/wp-json\/wp\/v2\/product_brand?post=11791"},{"taxonomy":"product_cat","embeddable":true,"href":"https:\/\/electro-precio.com\/fr\/wp-json\/wp\/v2\/product_cat?post=11791"},{"taxonomy":"product_tag","embeddable":true,"href":"https:\/\/electro-precio.com\/fr\/wp-json\/wp\/v2\/product_tag?post=11791"}],"curies":[{"name":"wp","href":"https:\/\/api.w.org\/{rel}","templated":true}]}}