{"id":11916,"date":"2025-05-07T22:13:42","date_gmt":"2025-05-07T22:13:42","guid":{"rendered":"https:\/\/electro-precio.com\/?post_type=product&#038;p=11916"},"modified":"2025-07-08T09:11:41","modified_gmt":"2025-07-08T09:11:41","slug":"maquina-automatica-de-plegado-y-planchado-de-ropa-foldimate","status":"publish","type":"product","link":"https:\/\/electro-precio.com\/fr\/product\/maquina-automatica-de-plegado-y-planchado-de-ropa-foldimate\/","title":{"rendered":"M\u00e1quina autom\u00e1tica de plegado y planchado de ropa &#8211; FOLDIMATE"},"content":{"rendered":"<p>Doblado autom\u00e1tico: Foldimate dobla su ropa de forma uniforme para obtener resultados impecables en todo momento.<br \/>\nPlanchado eficaz: gracias a su avanzada tecnolog\u00eda, Foldimate plancha su ropa, elimina las arrugas m\u00e1s rebeldes y hace que su colada vuelva a ser ponible.<br \/>\nCompacta y ligera: a pesar de sus potentes funciones, Foldimate es compacta y ligera: mide 71 cm x 81 cm x 79 cm y pesa aproximadamente 30 kg.<br \/>\nAdaptable: ya sean camisas, pantalones, toallas o prendas voluminosas, Foldimate se adapta a todas las necesidades.<br \/>\nAhorro de tiempo: simplifique su rutina y ahorre un tiempo valioso dejando que Foldimate haga la colada.<\/p>\n<h3 style=\"text-align: center;\">Pliegues perfectos, siempre<\/h3>\n<p style=\"text-align: left;\">Se acabaron los pliegues err\u00f3neos y la ropa arrugada despu\u00e9s de un largo d\u00eda. FOLDIMATE cuenta con un algoritmo inteligente que analiza el tama\u00f1o y el tipo de prenda para aplicar el pliegue m\u00e1s adecuado.<\/p>\n<h3 style=\"text-align: center;\">Planchado autom\u00e1tico de alto rendimiento<\/h3>\n<p style=\"text-align: left;\">Gracias al calor y la presi\u00f3n perfectamente calibrados, esta m\u00e1quina elimina las arrugas m\u00e1s rebeldes y deja sus prendas como nuevas.<\/p>\n<h3 style=\"text-align: center;\">Optimizaci\u00f3n del espacio y el tiempo<\/h3>\n<p style=\"text-align: left;\">Gracias a su tama\u00f1o compacto y dise\u00f1o moderno, la FOLDIMATE cabe f\u00e1cilmente en cualquier espacio y puede procesar hasta 30 prendas a la vez.<\/p>\n<h3 style=\"text-align: center;\">Ahorre tiempo y aumente la productividad<\/h3>\n<p>FOLDIMATE ahorra hasta un 70% de tiempo en comparaci\u00f3n con el plegado y planchado manual.<\/p>\n<h3 style=\"text-align: center;\"><strong>Design e sicurezza di alta qualit\u00e0<\/strong><\/h3>\n<p>Construida con materiales duraderos y equipada con un avanzado sistema de seguridad, esta m\u00e1quina garantiza un funcionamiento seguro.<\/p>\n<h3 style=\"text-align: center;\">Aplicaciones profesionales y dom\u00e9sticas<\/h3>\n<p>Ideal para viviendas particulares, hoteles, lavander\u00edas y muchos otros sectores, FOLDIMATE simplifica y agiliza el proceso de gesti\u00f3n de la lavander\u00eda.<\/p>\n<h3 style=\"text-align: center;\">Garant\u00eda y servicio al cliente<\/h3>\n<p style=\"text-align: left;\">FOLDIMATE tiene 2 a\u00f1os de garant\u00eda y un excepcional servicio postventa.<\/p>\n<h3 style=\"text-align: center;\">P\u00eddalo ahora y transforme su vida cotidiana<\/h3>\n<p style=\"text-align: left;\">Deje de perder tiempo doblando y planchando a mano. Haga su pedido hoy mismo y benef\u00edciese de nuestro servicio r\u00e1pido y seguro.<\/p>","protected":false},"excerpt":{"rendered":"<p><strong>Plegado r\u00e1pido:<\/strong> Doble hasta 25 prendas en s\u00f3lo 3 minutos. As\u00ed podr\u00e1 ocuparse de su colada en un abrir y cerrar de ojos, incluso en los d\u00edas m\u00e1s ajetreados.<br \/>\n<strong>Tecnolog\u00eda de planchado suave y vapor delicado:<\/strong> Con su suave vapor, FOLDIMATE alisa sus prendas a medida que las dobla, eliminando las arrugas sin necesidad de plancha. Estar\u00e1n listas para vestir en un abrir y cerrar de ojos.<br \/>\n<strong>Versatilidad excepcional:<\/strong> Se adapta a una amplia gama de prendas (tallas de la S a la 4XL): camisetas, camisas, pantalones, vestidos, vaqueros, s\u00e1banas, toallas e incluso ropa infantil. Satisface todas las necesidades, tanto si est\u00e1s solo como en familia.<br \/>\n<strong>F\u00e1cil de usar:<\/strong> Basta con introducir cada prenda de una en una. La m\u00e1quina hace el resto con una precisi\u00f3n de alta calidad. Una pinza se abre para agarrar cada pieza y doblarla sin ning\u00fan esfuerzo por tu parte.<br \/>\n<strong>Ahorro de energ\u00eda:<\/strong> la m\u00e1quina se apaga autom\u00e1ticamente tras 5 minutos de inactividad, lo que garantiza un consumo \u00f3ptimo de energ\u00eda.<br \/>\n<strong>Seguridad y conformidad:<\/strong> cumple todas las normas de seguridad aplicables (CE, RoHS), lo que garantiza un uso seguro y fiable.<\/p>","protected":false},"featured_media":12103,"comment_status":"open","ping_status":"closed","template":"","meta":[],"product_brand":[],"product_cat":[99],"product_tag":[],"class_list":{"0":"post-11916","1":"product","2":"type-product","3":"status-publish","4":"has-post-thumbnail","6":"product_cat-accesorios","8":"first","9":"instock","10":"sale","11":"shipping-taxable","12":"purchasable","13":"product-type-variable"},"_links":{"self":[{"href":"https:\/\/electro-precio.com\/fr\/wp-json\/wp\/v2\/product\/11916","targetHints":{"allow":["GET"]}}],"collection":[{"href":"https:\/\/electro-precio.com\/fr\/wp-json\/wp\/v2\/product"}],"about":[{"href":"https:\/\/electro-precio.com\/fr\/wp-json\/wp\/v2\/types\/product"}],"replies":[{"embeddable":true,"href":"https:\/\/electro-precio.com\/fr\/wp-json\/wp\/v2\/comments?post=11916"}],"wp:featuredmedia":[{"embeddable":true,"href":"https:\/\/electro-precio.com\/fr\/wp-json\/wp\/v2\/media\/12103"}],"wp:attachment":[{"href":"https:\/\/electro-precio.com\/fr\/wp-json\/wp\/v2\/media?parent=11916"}],"wp:term":[{"taxonomy":"product_brand","embeddable":true,"href":"https:\/\/electro-precio.com\/fr\/wp-json\/wp\/v2\/product_brand?post=11916"},{"taxonomy":"product_cat","embeddable":true,"href":"https:\/\/electro-precio.com\/fr\/wp-json\/wp\/v2\/product_cat?post=11916"},{"taxonomy":"product_tag","embeddable":true,"href":"https:\/\/electro-precio.com\/fr\/wp-json\/wp\/v2\/product_tag?post=11916"}],"curies":[{"name":"wp","href":"https:\/\/api.w.org\/{rel}","templated":true}]}}