{"id":12114,"date":"2025-07-01T01:33:41","date_gmt":"2025-07-01T01:33:41","guid":{"rendered":"https:\/\/electro-precio.com\/?post_type=product&#038;p=12114"},"modified":"2025-07-01T01:33:42","modified_gmt":"2025-07-01T01:33:42","slug":"palet-lena-de-encina-1-metro-cubico","status":"publish","type":"product","link":"https:\/\/electro-precio.com\/fr\/product\/palet-lena-de-encina-1-metro-cubico\/","title":{"rendered":"Palet le\u00f1a de Encina 1 metro c\u00fabico"},"content":{"rendered":"<p>Dejamos secar la le\u00f1a de encina un m\u00ednimo de 28 meses en nuestras instalaciones. Con este tiempo de secado la le\u00f1a de encina est\u00e1 en un punto \u00f3ptimo de consumo, proporcionando entonces sus mejores cualidades calor\u00edficas y una \u00f3ptima duraci\u00f3n.<\/p>\n<p>La le\u00f1a de encina es una le\u00f1a dura y consistente, de alto peso especifico y gran poder calor\u00edfico. Al quemar a m\u00e1s temperatura proporciona mucho calor y gracias a su dureza se consigue un fuego duradero.<\/p>\n<p>La le\u00f1a est\u00e1 perfectamente seca y lista para su uso, con un contenido de humedad ideal inferior al 20%.<\/p>","protected":false},"excerpt":{"rendered":"<h2>Entrega gratuita en su domicilio<\/h2>\n<p>Le\u00f1a mezclada secada durante al menos 28 meses, troceada en un tama\u00f1o ideal para ser usada en chimeneas y estufas de le\u00f1a.<\/p>\n<p>Entrega gratuita mediante transpaleta de 2 a 3 d\u00edas laborables. El repartidor colocar\u00e1 el palet hasta donde la transpaleta le permita.<\/p>\n<p>Medidas aproximadas del palet: <b>Longitud<\/b>\u00a0120cm \u2013 <b>Ancho<\/b>\u00a0100cm \u2013\u00a0<b>Alto<\/b>\u00a080cm.<\/p>","protected":false},"featured_media":12115,"comment_status":"open","ping_status":"closed","template":"","meta":[],"product_brand":[],"product_cat":[111],"product_tag":[],"class_list":{"0":"post-12114","1":"product","2":"type-product","3":"status-publish","4":"has-post-thumbnail","6":"product_cat-lena","8":"first","9":"instock","10":"shipping-taxable","11":"purchasable","12":"product-type-variable"},"_links":{"self":[{"href":"https:\/\/electro-precio.com\/fr\/wp-json\/wp\/v2\/product\/12114","targetHints":{"allow":["GET"]}}],"collection":[{"href":"https:\/\/electro-precio.com\/fr\/wp-json\/wp\/v2\/product"}],"about":[{"href":"https:\/\/electro-precio.com\/fr\/wp-json\/wp\/v2\/types\/product"}],"replies":[{"embeddable":true,"href":"https:\/\/electro-precio.com\/fr\/wp-json\/wp\/v2\/comments?post=12114"}],"wp:featuredmedia":[{"embeddable":true,"href":"https:\/\/electro-precio.com\/fr\/wp-json\/wp\/v2\/media\/12115"}],"wp:attachment":[{"href":"https:\/\/electro-precio.com\/fr\/wp-json\/wp\/v2\/media?parent=12114"}],"wp:term":[{"taxonomy":"product_brand","embeddable":true,"href":"https:\/\/electro-precio.com\/fr\/wp-json\/wp\/v2\/product_brand?post=12114"},{"taxonomy":"product_cat","embeddable":true,"href":"https:\/\/electro-precio.com\/fr\/wp-json\/wp\/v2\/product_cat?post=12114"},{"taxonomy":"product_tag","embeddable":true,"href":"https:\/\/electro-precio.com\/fr\/wp-json\/wp\/v2\/product_tag?post=12114"}],"curies":[{"name":"wp","href":"https:\/\/api.w.org\/{rel}","templated":true}]}}