{"id":12129,"date":"2025-07-01T02:13:46","date_gmt":"2025-07-01T02:13:46","guid":{"rendered":"https:\/\/electro-precio.com\/?post_type=product&#038;p=12129"},"modified":"2025-07-01T02:13:46","modified_gmt":"2025-07-01T02:13:46","slug":"palet-lena-de-olivo-1-metro-cubico","status":"publish","type":"product","link":"https:\/\/electro-precio.com\/fr\/product\/palet-lena-de-olivo-1-metro-cubico\/","title":{"rendered":"Palet le\u00f1a de Olivo 1 metro c\u00fabico"},"content":{"rendered":"<p>La madera de olivo est\u00e1 entre las consideradas como maderas duras; tiene un alto poder calor\u00edfico y produce menor cantidad de ceniza que otras maderas como la encina. La dejamos secar al menos 28 meses lo que garantiza una humedad inferior al 20%.<\/p>\n<p>Si hacemos troncos y maderos relativamente peque\u00f1os, es\u00a0ideal para estufas y chimeneas peque\u00f1as. La madera de olivo contiene menos gas en su interior que la de encina, por lo que el n\u00famero de chispas que produce es mucho menor, y aunque jam\u00e1s debemos dejar un fuego o chimenea abiertos sin vigilancia, el riesgo de que salte una chispa es menor con esta madera.<\/p>","protected":false},"excerpt":{"rendered":"<h2>Entrega gratuita en su domicilio<\/h2>\n<p>Le\u00f1a mezclada secada durante al menos 28 meses, troceada en un tama\u00f1o ideal para ser usada en chimeneas y estufas de le\u00f1a.<\/p>\n<p>Entrega gratuita mediante transpaleta de 2 a 3 d\u00edas laborables. El operario colocar\u00e1 el palet hasta donde la transpaleta le permita.<\/p>\n<p>Medidas aproximadas del palet: <b>Longitud<\/b>\u00a0120cm \u2013 <b>Ancho<\/b>\u00a0100cm \u2013\u00a0<b>Alto<\/b>\u00a080cm.<\/p>","protected":false},"featured_media":12130,"comment_status":"open","ping_status":"closed","template":"","meta":[],"product_brand":[],"product_cat":[111],"product_tag":[],"class_list":{"0":"post-12129","1":"product","2":"type-product","3":"status-publish","4":"has-post-thumbnail","6":"product_cat-lena","8":"first","9":"instock","10":"shipping-taxable","11":"purchasable","12":"product-type-variable"},"_links":{"self":[{"href":"https:\/\/electro-precio.com\/fr\/wp-json\/wp\/v2\/product\/12129","targetHints":{"allow":["GET"]}}],"collection":[{"href":"https:\/\/electro-precio.com\/fr\/wp-json\/wp\/v2\/product"}],"about":[{"href":"https:\/\/electro-precio.com\/fr\/wp-json\/wp\/v2\/types\/product"}],"replies":[{"embeddable":true,"href":"https:\/\/electro-precio.com\/fr\/wp-json\/wp\/v2\/comments?post=12129"}],"wp:featuredmedia":[{"embeddable":true,"href":"https:\/\/electro-precio.com\/fr\/wp-json\/wp\/v2\/media\/12130"}],"wp:attachment":[{"href":"https:\/\/electro-precio.com\/fr\/wp-json\/wp\/v2\/media?parent=12129"}],"wp:term":[{"taxonomy":"product_brand","embeddable":true,"href":"https:\/\/electro-precio.com\/fr\/wp-json\/wp\/v2\/product_brand?post=12129"},{"taxonomy":"product_cat","embeddable":true,"href":"https:\/\/electro-precio.com\/fr\/wp-json\/wp\/v2\/product_cat?post=12129"},{"taxonomy":"product_tag","embeddable":true,"href":"https:\/\/electro-precio.com\/fr\/wp-json\/wp\/v2\/product_tag?post=12129"}],"curies":[{"name":"wp","href":"https:\/\/api.w.org\/{rel}","templated":true}]}}