{"id":12171,"date":"2025-07-01T16:15:58","date_gmt":"2025-07-01T16:15:58","guid":{"rendered":"https:\/\/electro-precio.com\/?post_type=product&#038;p=12171"},"modified":"2025-07-01T16:15:58","modified_gmt":"2025-07-01T16:15:58","slug":"palet-de-77-sacos-de-15kg-de-pellets-huella-verde","status":"publish","type":"product","link":"https:\/\/electro-precio.com\/fr\/product\/palet-de-77-sacos-de-15kg-de-pellets-huella-verde\/","title":{"rendered":"Palet de 77 sacos de 15Kg de pellets Huella Verde"},"content":{"rendered":"<p>Palet de 70 sacos de 15 kg de pellets<\/p>\n<p>Pellets de madera premium 100% natural Huella Verde.<br \/>\nUltracompactos y de larga duraci\u00f3n.<br \/>\nMedidas: \u00d8 6 x long. 3,15-40 mm<br \/>\nCombusti\u00f3n \u00f3ptima -sin aditivos- para un menor mantenimiento de la caldera.<br \/>\nProcedente de residuos y subproductos de madera y fuste.<br \/>\nBolsa 100 % reciclable: elaborada con un 60 % de pl\u00e1stico reciclado.<br \/>\nUso recomendado: combustible en estufas, calderas y hornos aptos para pellet.<\/p>\n<p>La biomasa es una fuente de energ\u00eda renovable asequible, segura y eficiente, con menos emisiones de CO2 por su forma de combusti\u00f3n. Su composici\u00f3n ayuda al mantenimiento de los bosques y al reciclaje de residuos agr\u00edcolas. No contaminante.<\/p>\n<p>Producci\u00f3n bajo criterios de sostenibilidad: al usarlo est\u00e1n colaborando en la conservaci\u00f3n del h\u00e1bitat de muchas especies amenazadas, como abejas, b\u00fahos, ciervos, muflones o quebrantahuesos, entre otros.<br \/>\nCertificado EnPlus A1: mayor rendimiento y poder calor\u00edfico de la caldera, menor consumo de combustible y una menor cantidad de residuo; limpiar\u00e1s tu caldera m\u00e1s f\u00e1cilmente.<br \/>\nCertificado PEFC: madera procedente de bosques gestionados de acuerdo a criterios de sostenibilidad.<\/p>","protected":false},"excerpt":{"rendered":"<p>Pellets Huella Verde, combustible natural que no produce olores y genera un alto poder calor\u00edfico con muy bajos niveles de CO\u2082, lo que contribuye a reducir las emisiones de gases perjudiciales al medioambiente. Est\u00e1 compuesto por madera de pino silvestre 100% descortezada y cuenta con las certificaciones EN Plus A1, que garantiza que se ha utilizado madera virgen, sin tratamientos qu\u00edmicos, y el sello PEFC, que certifica que la madera que contiene proviene de bosques gestionados de forma sostenible y respetuosa con el medioambiente. Este producto no contiene sustancias peligrosas para las personas o el medio ambiente.<\/p>\n<ul>\n<li>Contenido: 77 sacos de 15Kg.<\/li>\n<li>Ventajas:\u00a0Sin tratamientos qu\u00edmicos. No producen olores. Ecol\u00f3gico y respetuoso con el medioambiente y las personas.<\/li>\n<\/ul>","protected":false},"featured_media":12172,"comment_status":"open","ping_status":"closed","template":"","meta":[],"product_brand":[],"product_cat":[112],"product_tag":[],"class_list":{"0":"post-12171","1":"product","2":"type-product","3":"status-publish","4":"has-post-thumbnail","6":"product_cat-pellets","8":"first","9":"instock","10":"shipping-taxable","11":"purchasable","12":"product-type-simple"},"_links":{"self":[{"href":"https:\/\/electro-precio.com\/fr\/wp-json\/wp\/v2\/product\/12171","targetHints":{"allow":["GET"]}}],"collection":[{"href":"https:\/\/electro-precio.com\/fr\/wp-json\/wp\/v2\/product"}],"about":[{"href":"https:\/\/electro-precio.com\/fr\/wp-json\/wp\/v2\/types\/product"}],"replies":[{"embeddable":true,"href":"https:\/\/electro-precio.com\/fr\/wp-json\/wp\/v2\/comments?post=12171"}],"wp:featuredmedia":[{"embeddable":true,"href":"https:\/\/electro-precio.com\/fr\/wp-json\/wp\/v2\/media\/12172"}],"wp:attachment":[{"href":"https:\/\/electro-precio.com\/fr\/wp-json\/wp\/v2\/media?parent=12171"}],"wp:term":[{"taxonomy":"product_brand","embeddable":true,"href":"https:\/\/electro-precio.com\/fr\/wp-json\/wp\/v2\/product_brand?post=12171"},{"taxonomy":"product_cat","embeddable":true,"href":"https:\/\/electro-precio.com\/fr\/wp-json\/wp\/v2\/product_cat?post=12171"},{"taxonomy":"product_tag","embeddable":true,"href":"https:\/\/electro-precio.com\/fr\/wp-json\/wp\/v2\/product_tag?post=12171"}],"curies":[{"name":"wp","href":"https:\/\/api.w.org\/{rel}","templated":true}]}}