{"id":12258,"date":"2025-07-04T20:01:09","date_gmt":"2025-07-04T20:01:09","guid":{"rendered":"https:\/\/electro-precio.com\/?post_type=product&#038;p=12258"},"modified":"2025-07-04T20:01:09","modified_gmt":"2025-07-04T20:01:09","slug":"estufa-de-pellet-qlima-fiorina-90-s-line-9-10-kw","status":"publish","type":"product","link":"https:\/\/electro-precio.com\/fr\/product\/estufa-de-pellet-qlima-fiorina-90-s-line-9-10-kw\/","title":{"rendered":"Estufa de pellet Qlima Fiorina 90 S-LINE 9-10 kW"},"content":{"rendered":"<h3>Caracter\u00edsticas:<\/h3>\n<ul>\n<li>Incorpora un dep\u00f3sito de gran capacidad para pellets de madera. Tiene una autonom\u00eda de 22 horas.<\/li>\n<li>Cuenta con una pantalla de gran tama\u00f1o para poder ver disfrutar de un ambiente de confort viendo las llamas.<\/li>\n<li>La alimentaci\u00f3n del quemador de pellets est\u00e1 totalmente automatizado.<\/li>\n<li>De f\u00e1cil manejo fijando la temperatura deseada, el resto es autom\u00e1tico.<\/li>\n<li>Con programaci\u00f3n diaria y semanal.<\/li>\n<li>Dispone de la funci\u00f3n ahorro que permite economizar con el ajuste de temperatura, cuando se alcanza la temperatura programada la estufa se activa autom\u00e1ticamente para la quema m\u00e1s baja o apagado autom\u00e1tico de la estufa, en el caso que la temperatura ambiente baje la estufa se conecta autom\u00e1ticamente hasta alcanzar la temperatura deseada.<\/li>\n<\/ul>\n<p><strong>Pantalla LCD<\/strong><\/p>\n<p>El dise\u00f1o simple y pr\u00e1ctico de la pantalla LCD permite un f\u00e1cil acceso de los botones de control a la funcionalidades de la estufa.<\/p>\n<p><strong>Raspador<\/strong><\/p>\n<p>El mantenimiento regular de la estufa es esencial para evitar su mal funcionamiento. Esta varilla, utilizada cuando la estufa est\u00e1 apagada, permite que se elimine la ceniza, lo que facilita las operaciones de limpieza.<\/p>\n<p><strong>Quemador de hierro fundido<\/strong><\/p>\n<p>La solidez y la resistencia del hierro fundido garantizan una larga vida al cenicero de pellets.<\/p>\n<h3>Ficha t\u00e9cnica:<\/h3>\n<ul>\n<li>Potencia: 9\/ 10,1 kw.<\/li>\n<li>Eficiencia t\u00e9rmica: 92,7-94,3 %.<\/li>\n<li>Volumen estancia: 200-240 m3.<\/li>\n<li>Capacidad de la tolva: 13 kg.<\/li>\n<li>Dimensiones ( ancho x profundo x alto): 470 x 476 x 996 mm.<\/li>\n<li>Peso neto: 81-91 kg.<\/li>\n<li>Autonom\u00eda: 6,5\/22 horas.<\/li>\n<li>Temperatura de os humos (nom-min): 150\/77 \u00baC.<\/li>\n<li>Garant\u00eda: 2 a\u00f1os.<\/li>\n<\/ul>","protected":false},"excerpt":{"rendered":"<p>La\u00a0<strong>estufa de pellet Qlima Fiorina 90S-LINE<\/strong>\u00a0te ofrece de 9\/10,1 kw de potencia, es de f\u00e1cil manejo, con autonom\u00eda de hasta 22 horas. Programaci\u00f3n diaria y semanal. Colores disponibles: Rojo o gris.<\/p>","protected":false},"featured_media":12259,"comment_status":"open","ping_status":"closed","template":"","meta":[],"product_brand":[],"product_cat":[132],"product_tag":[],"class_list":{"0":"post-12258","1":"product","2":"type-product","3":"status-publish","4":"has-post-thumbnail","6":"product_cat-estufa","8":"first","9":"instock","10":"sale","11":"shipping-taxable","12":"purchasable","13":"product-type-variable"},"_links":{"self":[{"href":"https:\/\/electro-precio.com\/fr\/wp-json\/wp\/v2\/product\/12258","targetHints":{"allow":["GET"]}}],"collection":[{"href":"https:\/\/electro-precio.com\/fr\/wp-json\/wp\/v2\/product"}],"about":[{"href":"https:\/\/electro-precio.com\/fr\/wp-json\/wp\/v2\/types\/product"}],"replies":[{"embeddable":true,"href":"https:\/\/electro-precio.com\/fr\/wp-json\/wp\/v2\/comments?post=12258"}],"wp:featuredmedia":[{"embeddable":true,"href":"https:\/\/electro-precio.com\/fr\/wp-json\/wp\/v2\/media\/12259"}],"wp:attachment":[{"href":"https:\/\/electro-precio.com\/fr\/wp-json\/wp\/v2\/media?parent=12258"}],"wp:term":[{"taxonomy":"product_brand","embeddable":true,"href":"https:\/\/electro-precio.com\/fr\/wp-json\/wp\/v2\/product_brand?post=12258"},{"taxonomy":"product_cat","embeddable":true,"href":"https:\/\/electro-precio.com\/fr\/wp-json\/wp\/v2\/product_cat?post=12258"},{"taxonomy":"product_tag","embeddable":true,"href":"https:\/\/electro-precio.com\/fr\/wp-json\/wp\/v2\/product_tag?post=12258"}],"curies":[{"name":"wp","href":"https:\/\/api.w.org\/{rel}","templated":true}]}}