{"id":12290,"date":"2025-07-04T22:12:09","date_gmt":"2025-07-04T22:12:09","guid":{"rendered":"https:\/\/electro-precio.com\/?post_type=product&#038;p=12290"},"modified":"2025-07-04T22:12:09","modified_gmt":"2025-07-04T22:12:09","slug":"estufa-de-pellets-la-nordica-extraflame-souvenir-steel-102-kw","status":"publish","type":"product","link":"https:\/\/electro-precio.com\/fr\/product\/estufa-de-pellets-la-nordica-extraflame-souvenir-steel-102-kw\/","title":{"rendered":"Estufa de pellets La Nordica Extraflame Souvenir Steel 10,2 kW"},"content":{"rendered":"<h3>Caracter\u00edsticas de la estufa de pellet La Nordica Extraflame Souvenir Steel<\/h3>\n<ul>\n<li>Revestimiento en acero barnizado.<\/li>\n<li>Ventilaci\u00f3n forzada.<\/li>\n<li>Hogar en fundici\u00f3n extra\u00edble.<\/li>\n<li>Intercambiador de calor con sistema de limpieza manual.<\/li>\n<li>Termostato de seguridad.<\/li>\n<li>Termostato interno.<\/li>\n<li>Posibilidad de conexi\u00f3n con termostato externo (TA).<\/li>\n<li>Cronotermostato semanal.<\/li>\n<li>Mando a distancia.<\/li>\n<li>Canalizaci\u00f3n hasta 6 metros y salida de humos de 80 de di\u00e1metro a trav\u00e9s de 1 salida posterior, superior o lateral derecha.<\/li>\n<\/ul>\n<h3>Ficha t\u00e9cnica:<\/h3>\n<ul>\n<li>Rendimiento: 90%.<\/li>\n<li>Dimensiones (L-H-P): 821 X 1122 X 296 mm.<\/li>\n<li>Peso neto: 139 kg.<\/li>\n<li>Consumo horario: 0,8-2,3 kg\/h.<\/li>\n<li>Di\u00e1metro salida de humos: 80 mm.<\/li>\n<li>Capacidad total dep\u00f3sito: 18 kg.<\/li>\n<\/ul>\n<h3><strong>Garant\u00eda:<\/strong><\/h3>\n<ul>\n<li>2 a\u00f1os de garant\u00eda<\/li>\n<\/ul>","protected":false},"excerpt":{"rendered":"<p><strong>La estufa de pellet \u201cestrecha\u201d herm\u00e9tica Souvenir Steel canalizada<\/strong>\u00a0y con revestimiento de acero pintado. Con una potencia t\u00e9rmica nominal de 3,7-10,2 kw es capaz de calentar hasta 292 m3. Mando a distancia. Canalizaci\u00f3n hasta 6 metros y salida de humos de 80 de di\u00e1metro a trav\u00e9s de 1 salida posterior, superior o lateral derecha.<\/p>","protected":false},"featured_media":12291,"comment_status":"open","ping_status":"closed","template":"","meta":[],"product_brand":[],"product_cat":[132],"product_tag":[],"class_list":{"0":"post-12290","1":"product","2":"type-product","3":"status-publish","4":"has-post-thumbnail","6":"product_cat-estufa","8":"first","9":"instock","10":"sale","11":"shipping-taxable","12":"purchasable","13":"product-type-simple"},"_links":{"self":[{"href":"https:\/\/electro-precio.com\/fr\/wp-json\/wp\/v2\/product\/12290","targetHints":{"allow":["GET"]}}],"collection":[{"href":"https:\/\/electro-precio.com\/fr\/wp-json\/wp\/v2\/product"}],"about":[{"href":"https:\/\/electro-precio.com\/fr\/wp-json\/wp\/v2\/types\/product"}],"replies":[{"embeddable":true,"href":"https:\/\/electro-precio.com\/fr\/wp-json\/wp\/v2\/comments?post=12290"}],"wp:featuredmedia":[{"embeddable":true,"href":"https:\/\/electro-precio.com\/fr\/wp-json\/wp\/v2\/media\/12291"}],"wp:attachment":[{"href":"https:\/\/electro-precio.com\/fr\/wp-json\/wp\/v2\/media?parent=12290"}],"wp:term":[{"taxonomy":"product_brand","embeddable":true,"href":"https:\/\/electro-precio.com\/fr\/wp-json\/wp\/v2\/product_brand?post=12290"},{"taxonomy":"product_cat","embeddable":true,"href":"https:\/\/electro-precio.com\/fr\/wp-json\/wp\/v2\/product_cat?post=12290"},{"taxonomy":"product_tag","embeddable":true,"href":"https:\/\/electro-precio.com\/fr\/wp-json\/wp\/v2\/product_tag?post=12290"}],"curies":[{"name":"wp","href":"https:\/\/api.w.org\/{rel}","templated":true}]}}