{"id":12297,"date":"2025-07-04T22:49:41","date_gmt":"2025-07-04T22:49:41","guid":{"rendered":"https:\/\/electro-precio.com\/?post_type=product&#038;p=12297"},"modified":"2025-07-04T22:49:41","modified_gmt":"2025-07-04T22:49:41","slug":"estufa-de-lena-nordica-extraflame-tea-66-kw","status":"publish","type":"product","link":"https:\/\/electro-precio.com\/fr\/product\/estufa-de-lena-nordica-extraflame-tea-66-kw\/","title":{"rendered":"Estufa de le\u00f1a Nordica Extraflame Tea 6,6 kW"},"content":{"rendered":"<h3>Caracter\u00edsticas de la estufa de le\u00f1a Nordica Tea<\/h3>\n<ul>\n<li>Revestimiento externo de acero esmaltado.<\/li>\n<li>Base, cabecera y puerta de fundici\u00f3n.<\/li>\n<li>Cristal cer\u00e1mico resistente a 750 \u00ba.<\/li>\n<li>Cenicero extra\u00edble.<\/li>\n<li>Aire primaria y secundaria regulable, aire terciaria con sistema de postcombusti\u00f3n precalibrado.<\/li>\n<\/ul>\n<h3>Ficha t\u00e9cnica:<\/h3>\n<ul>\n<li>Rendimiento: 82 %.<\/li>\n<li>Dimensiones (L-H-P): 414 X 832 X 419 mm.<\/li>\n<li>Peso Neto: 77 kg.<\/li>\n<li>Gasto horario: 1,8 kg\/h.<\/li>\n<li>Dimensiones salida de humos: 120 mm sup<\/li>\n<\/ul>","protected":false},"excerpt":{"rendered":"<p><strong>La estufa de le\u00f1a Nordica Tea<\/strong>\u00a0de tama\u00f1o peque\u00f1o con revestimiento externo de acero esmaltado. Con una potencia nominal t\u00e9rmica de 6,6 kw capaz de calentar hasta 189m3.<\/p>","protected":false},"featured_media":12298,"comment_status":"open","ping_status":"closed","template":"","meta":[],"product_brand":[],"product_cat":[132],"product_tag":[],"class_list":{"0":"post-12297","1":"product","2":"type-product","3":"status-publish","4":"has-post-thumbnail","6":"product_cat-estufa","8":"first","9":"instock","10":"sale","11":"shipping-taxable","12":"purchasable","13":"product-type-simple"},"_links":{"self":[{"href":"https:\/\/electro-precio.com\/fr\/wp-json\/wp\/v2\/product\/12297","targetHints":{"allow":["GET"]}}],"collection":[{"href":"https:\/\/electro-precio.com\/fr\/wp-json\/wp\/v2\/product"}],"about":[{"href":"https:\/\/electro-precio.com\/fr\/wp-json\/wp\/v2\/types\/product"}],"replies":[{"embeddable":true,"href":"https:\/\/electro-precio.com\/fr\/wp-json\/wp\/v2\/comments?post=12297"}],"wp:featuredmedia":[{"embeddable":true,"href":"https:\/\/electro-precio.com\/fr\/wp-json\/wp\/v2\/media\/12298"}],"wp:attachment":[{"href":"https:\/\/electro-precio.com\/fr\/wp-json\/wp\/v2\/media?parent=12297"}],"wp:term":[{"taxonomy":"product_brand","embeddable":true,"href":"https:\/\/electro-precio.com\/fr\/wp-json\/wp\/v2\/product_brand?post=12297"},{"taxonomy":"product_cat","embeddable":true,"href":"https:\/\/electro-precio.com\/fr\/wp-json\/wp\/v2\/product_cat?post=12297"},{"taxonomy":"product_tag","embeddable":true,"href":"https:\/\/electro-precio.com\/fr\/wp-json\/wp\/v2\/product_tag?post=12297"}],"curies":[{"name":"wp","href":"https:\/\/api.w.org\/{rel}","templated":true}]}}