{"id":12300,"date":"2025-07-04T23:06:19","date_gmt":"2025-07-04T23:06:19","guid":{"rendered":"https:\/\/electro-precio.com\/?post_type=product&#038;p=12300"},"modified":"2025-07-04T23:06:19","modified_gmt":"2025-07-04T23:06:19","slug":"estufa-de-lena-nordica-extraflame-candy-72-kw","status":"publish","type":"product","link":"https:\/\/electro-precio.com\/fr\/product\/estufa-de-lena-nordica-extraflame-candy-72-kw\/","title":{"rendered":"Estufa de le\u00f1a Nordica Extraflame Candy 7,2 kW"},"content":{"rendered":"<h3>Caracter\u00edsticas de la estufa Extraflame Candy<\/h3>\n<ul>\n<li>Estufa totalmente de fundici\u00f3n barnizada.<\/li>\n<li>Fundici\u00f3n de alto rendimiento t\u00e9rmico.<\/li>\n<li>Hogar de fundici\u00f3n y Nordiker con sistema de postcombusti\u00f3n precalibrado.<\/li>\n<li>Cristal cer\u00e1mico resistente hasta 750\u00baC.<\/li>\n<\/ul>\n<h3>Ficha t\u00e9cnica:<\/h3>\n<ul>\n<li>Rendimiento: 82,6%.<\/li>\n<li>Dimensiones (L-H-P): 404 x 890 x 397 mm.<\/li>\n<li>Peso Neto: 85 kg.<\/li>\n<li>Gasto horario: 2,0 kg\/h.<\/li>\n<li>Dimensiones salida de humos: 120 mm sup.<\/li>\n<\/ul>","protected":false},"excerpt":{"rendered":"<p><strong>La estufa de le\u00f1a de fundici\u00f3n Extraflame Candy<\/strong>. Fundici\u00f3n de alto rendimiento t\u00e9rmico. Cristal cer\u00e1mico resistente hasta 750\u00baC. Con una potencia t\u00e9rmica de 7,2 kw capaz de calentar hasta 206m3.<\/p>","protected":false},"featured_media":12301,"comment_status":"open","ping_status":"closed","template":"","meta":[],"product_brand":[],"product_cat":[132],"product_tag":[],"class_list":{"0":"post-12300","1":"product","2":"type-product","3":"status-publish","4":"has-post-thumbnail","6":"product_cat-estufa","8":"first","9":"instock","10":"sale","11":"shipping-taxable","12":"purchasable","13":"product-type-simple"},"_links":{"self":[{"href":"https:\/\/electro-precio.com\/fr\/wp-json\/wp\/v2\/product\/12300","targetHints":{"allow":["GET"]}}],"collection":[{"href":"https:\/\/electro-precio.com\/fr\/wp-json\/wp\/v2\/product"}],"about":[{"href":"https:\/\/electro-precio.com\/fr\/wp-json\/wp\/v2\/types\/product"}],"replies":[{"embeddable":true,"href":"https:\/\/electro-precio.com\/fr\/wp-json\/wp\/v2\/comments?post=12300"}],"wp:featuredmedia":[{"embeddable":true,"href":"https:\/\/electro-precio.com\/fr\/wp-json\/wp\/v2\/media\/12301"}],"wp:attachment":[{"href":"https:\/\/electro-precio.com\/fr\/wp-json\/wp\/v2\/media?parent=12300"}],"wp:term":[{"taxonomy":"product_brand","embeddable":true,"href":"https:\/\/electro-precio.com\/fr\/wp-json\/wp\/v2\/product_brand?post=12300"},{"taxonomy":"product_cat","embeddable":true,"href":"https:\/\/electro-precio.com\/fr\/wp-json\/wp\/v2\/product_cat?post=12300"},{"taxonomy":"product_tag","embeddable":true,"href":"https:\/\/electro-precio.com\/fr\/wp-json\/wp\/v2\/product_tag?post=12300"}],"curies":[{"name":"wp","href":"https:\/\/api.w.org\/{rel}","templated":true}]}}