{"id":12303,"date":"2025-07-04T23:30:07","date_gmt":"2025-07-04T23:30:07","guid":{"rendered":"https:\/\/electro-precio.com\/?post_type=product&#038;p=12303"},"modified":"2025-07-04T23:30:07","modified_gmt":"2025-07-04T23:30:07","slug":"estufa-de-lena-nordica-extraflame-gemma-forno-7kw","status":"publish","type":"product","link":"https:\/\/electro-precio.com\/fr\/product\/estufa-de-lena-nordica-extraflame-gemma-forno-7kw\/","title":{"rendered":"Estufa de le\u00f1a Nordica Extraflame Gemma Forno 7kW"},"content":{"rendered":"<h3>Caracter\u00edsticas de la estufa de le\u00f1a Nordica Gemma Forno<\/h3>\n<ul>\n<li>Revestimiento externo de may\u00f3lica o piedra natural.<\/li>\n<li>Hogar en fundici\u00f3n.<\/li>\n<li>Horno esmaltado de 19 l.<\/li>\n<li>Puertas y cabecera de fundici\u00f3n esmaltada.<\/li>\n<li>Cristal cer\u00e1mico resistente a 750\u00ba.<\/li>\n<\/ul>\n<h3>Ficha t\u00e9cnica:<\/h3>\n<ul>\n<li>Rendimiento: 85,3 %.<\/li>\n<li>Dimensiones (L-H-P): 460 X 1207 X 495 mm.<\/li>\n<li>Peso Neto: 121-mod.PT 134 kg.<\/li>\n<li>Gasto horario: 1,9 kg\/h.<\/li>\n<li>Dimensiones salida de humos: 120 mm sup<\/li>\n<\/ul>","protected":false},"excerpt":{"rendered":"<p><strong>La estufa de le\u00f1a Nordica\u00a0<\/strong><b>Extraflame\u00a0<\/b><strong>Gemma Forno<\/strong>\u00a0con horno para cocinar. Horno esmaltado de 19 l. Con una potencia de 7 kw capaz de calentar hasta 200m3.<\/p>","protected":false},"featured_media":12304,"comment_status":"open","ping_status":"closed","template":"","meta":[],"product_brand":[],"product_cat":[132],"product_tag":[],"class_list":{"0":"post-12303","1":"product","2":"type-product","3":"status-publish","4":"has-post-thumbnail","6":"product_cat-estufa","8":"first","9":"instock","10":"sale","11":"shipping-taxable","12":"purchasable","13":"product-type-simple"},"_links":{"self":[{"href":"https:\/\/electro-precio.com\/fr\/wp-json\/wp\/v2\/product\/12303","targetHints":{"allow":["GET"]}}],"collection":[{"href":"https:\/\/electro-precio.com\/fr\/wp-json\/wp\/v2\/product"}],"about":[{"href":"https:\/\/electro-precio.com\/fr\/wp-json\/wp\/v2\/types\/product"}],"replies":[{"embeddable":true,"href":"https:\/\/electro-precio.com\/fr\/wp-json\/wp\/v2\/comments?post=12303"}],"wp:featuredmedia":[{"embeddable":true,"href":"https:\/\/electro-precio.com\/fr\/wp-json\/wp\/v2\/media\/12304"}],"wp:attachment":[{"href":"https:\/\/electro-precio.com\/fr\/wp-json\/wp\/v2\/media?parent=12303"}],"wp:term":[{"taxonomy":"product_brand","embeddable":true,"href":"https:\/\/electro-precio.com\/fr\/wp-json\/wp\/v2\/product_brand?post=12303"},{"taxonomy":"product_cat","embeddable":true,"href":"https:\/\/electro-precio.com\/fr\/wp-json\/wp\/v2\/product_cat?post=12303"},{"taxonomy":"product_tag","embeddable":true,"href":"https:\/\/electro-precio.com\/fr\/wp-json\/wp\/v2\/product_tag?post=12303"}],"curies":[{"name":"wp","href":"https:\/\/api.w.org\/{rel}","templated":true}]}}