{"id":12319,"date":"2025-07-05T05:02:57","date_gmt":"2025-07-05T05:02:57","guid":{"rendered":"https:\/\/electro-precio.com\/?post_type=product&#038;p=12319"},"modified":"2025-07-05T05:28:42","modified_gmt":"2025-07-05T05:28:42","slug":"aire-acondicionado-portatil-daitsu-apd-12-fx","status":"publish","type":"product","link":"https:\/\/electro-precio.com\/fr\/product\/aire-acondicionado-portatil-daitsu-apd-12-fx\/","title":{"rendered":"Aire Acondicionado port\u00e1til Daitsu APD 12 FX"},"content":{"rendered":"<h3>Silencioso y Compacto<\/h3>\n<p>Los nuevos port\u00e1tiles Daitsu Portable garantizan el confort en cualquier lugar de la casa. Su elevado ahorro energ\u00e9tico y respeto por el medio ambiente le otorgan una clasificaci\u00f3n de eficiencia energ\u00e9tica A y A+.<\/p>\n<p>El modelo APD 12 F\/C tambi\u00e9n incorpora el sistema de calefacci\u00f3n de bomba de calor. Incluye funciones de auto fan, refrigeraci\u00f3n, deshumificaci\u00f3n, ventilaci\u00f3n y calefacci\u00f3n.<\/p>\n<p>Adem\u00e1s, toda la gama utiliza el nuevo gas refrigerante ecol\u00f3gico y eficiente R-290.<\/p>\n<h3>Ficha t\u00e9cnica:<\/h3>\n<ul>\n<li>Potencia Fr\u00edo: 2.923 kcal\/h. 3,4 kW.<\/li>\n<li>Potencia absorbida: 1,3 kw<\/li>\n<li>Clase energ\u00e9tica: A.<\/li>\n<li>Alimentaci\u00f3n el\u00e9ctrica: 220-240\/1\/50 V\/Ph\/Hz<\/li>\n<li>Caudal de aire: 360\/300 m3\/h.<\/li>\n<li>Presi\u00f3n sonora: 53\/51\/49 dBA<\/li>\n<li>Refrigerante: R-290<\/li>\n<li>Carga refrigerante: 0,20 kg.<\/li>\n<li>Calificaci\u00f3n energ\u00e9tica: A<\/li>\n<li>Superficie a climatizar (m2): De 20 a 30 m2<\/li>\n<\/ul>\n<h3>Dimensiones:<\/h3>\n<ul>\n<li>Alto: 820 mm.<\/li>\n<li>Ancho: 390 mm.<\/li>\n<li>Fondo: 405 mm.<\/li>\n<li>Peso: 35 kg.<\/li>\n<\/ul>\n<h3>Garant\u00eda:<\/h3>\n<p>2 a\u00f1os de garant\u00eda<\/p>","protected":false},"excerpt":{"rendered":"<p><strong>El Aire Acondicionado port\u00e1til Daitsu APD 12 X<\/strong>\u00a0te ofrece una potencia de 2.923 kcal en fr\u00edo. Eficiencia energ\u00e9tica A. Refrigerante R290.<\/p>","protected":false},"featured_media":12320,"comment_status":"open","ping_status":"closed","template":"","meta":[],"product_brand":[],"product_cat":[134],"product_tag":[],"class_list":{"0":"post-12319","1":"product","2":"type-product","3":"status-publish","4":"has-post-thumbnail","6":"product_cat-climatizacion","8":"first","9":"instock","10":"sale","11":"shipping-taxable","12":"purchasable","13":"product-type-simple"},"_links":{"self":[{"href":"https:\/\/electro-precio.com\/fr\/wp-json\/wp\/v2\/product\/12319","targetHints":{"allow":["GET"]}}],"collection":[{"href":"https:\/\/electro-precio.com\/fr\/wp-json\/wp\/v2\/product"}],"about":[{"href":"https:\/\/electro-precio.com\/fr\/wp-json\/wp\/v2\/types\/product"}],"replies":[{"embeddable":true,"href":"https:\/\/electro-precio.com\/fr\/wp-json\/wp\/v2\/comments?post=12319"}],"wp:featuredmedia":[{"embeddable":true,"href":"https:\/\/electro-precio.com\/fr\/wp-json\/wp\/v2\/media\/12320"}],"wp:attachment":[{"href":"https:\/\/electro-precio.com\/fr\/wp-json\/wp\/v2\/media?parent=12319"}],"wp:term":[{"taxonomy":"product_brand","embeddable":true,"href":"https:\/\/electro-precio.com\/fr\/wp-json\/wp\/v2\/product_brand?post=12319"},{"taxonomy":"product_cat","embeddable":true,"href":"https:\/\/electro-precio.com\/fr\/wp-json\/wp\/v2\/product_cat?post=12319"},{"taxonomy":"product_tag","embeddable":true,"href":"https:\/\/electro-precio.com\/fr\/wp-json\/wp\/v2\/product_tag?post=12319"}],"curies":[{"name":"wp","href":"https:\/\/api.w.org\/{rel}","templated":true}]}}