{"id":12323,"date":"2025-07-05T05:23:22","date_gmt":"2025-07-05T05:23:22","guid":{"rendered":"https:\/\/electro-precio.com\/?post_type=product&#038;p=12323"},"modified":"2025-09-09T19:14:25","modified_gmt":"2025-09-09T19:14:25","slug":"aire-acondicionado-portatil-midea-mppda-09crn7-qb7g1","status":"publish","type":"product","link":"https:\/\/electro-precio.com\/fr\/product\/aire-acondicionado-portatil-midea-mppda-09crn7-qb7g1\/","title":{"rendered":"Aire Acondicionado port\u00e1til Midea MPPDA-09CRN7-QB7G1"},"content":{"rendered":"<h3>Caracter\u00edsticas<\/h3>\n<p>Gracias a asu movilidad y facilidad de transporte, los aires acondicionados port\u00e1tiles Midea garantizan el confort en cualquier lugar de la casa. Unidades que no requieren instalaci\u00f3n, disponibles en solo fr\u00edo y en bomba de calor. Una opci\u00f3n de climatizaci\u00f3n sin necesidad de realizar obras en nuestra vivienda.<\/p>\n<p>Sin necesidad de instalaci\u00f3n y f\u00e1cil de transportar<\/p>\n<p>Todos los equipos no requieren instalaci\u00f3n y disponen de ruedas para transportarlos c\u00f3modamente.<\/p>\n<p>Programador 24 horas<\/p>\n<p>Todas las unidades de la gama disponen de programador horario de 24 horas. Esto nos permite programar un encendido o un apagado durante el d\u00eda.<\/p>\n<h3>Ficha t\u00e9cnica<\/h3>\n<ul>\n<li>Capacidad Frigor\u00edfica nominal: 2,7 Kw.<\/li>\n<li>Consumo de fr\u00edo nominal: 970W.<\/li>\n<li>Eficiencia energ\u00e9tica EER: 2,8-A.<\/li>\n<\/ul>\n<p><strong>Unidad interior<\/strong><\/p>\n<ul>\n<li>Caudal de aire (bj\/me\/al): 352\/366\/398 m3\/h.<\/li>\n<li>Presi\u00f3n sonora (bj\/me\/al):50,4\/50,7\/51,3 dB(A):<\/li>\n<li>Nivel de potencia ac\u00fastica:62 dB(A)<\/li>\n<li>Ancho x Alto x Fondo: 454\/700\/365 mm.<\/li>\n<li>Peso neto: 29,5 kg.<\/li>\n<li>Alimentaci\u00f3n: 220-240\/1\/50 V\/f\/Hz.<\/li>\n<li>Refrigerante: R-290<\/li>\n<li>T\u00aa interior para refrigeraci\u00f3n min\/max: 17\u00baC\/35\u00baC<\/li>\n<li>Calificaci\u00f3n energ\u00e9tica: A<\/li>\n<li>Superficie a climatizar (m2): De 15 a 20 m2<\/li>\n<\/ul>\n<h3>Garant\u00eda:<\/h3>\n<p><strong>2 a\u00f1os<\/strong>\u00a0de garant\u00eda<\/p>","protected":false},"excerpt":{"rendered":"<p><strong>El Aire Acondicionado port\u00e1til Midea MPPDA-09CRN7-QB7G1<\/strong>\u00a0te ofrece una\u00a0<strong>potencia en fr\u00edo de 2.333 kcal.\u00a0<\/strong>Su eficiencia energ\u00e9tica es A. El gas refrigerante es R-290.<\/p>","protected":false},"featured_media":12325,"comment_status":"open","ping_status":"closed","template":"","meta":[],"product_brand":[],"product_cat":[134],"product_tag":[],"class_list":{"0":"post-12323","1":"product","2":"type-product","3":"status-publish","4":"has-post-thumbnail","6":"product_cat-climatizacion","8":"first","9":"instock","10":"sale","11":"shipping-taxable","12":"purchasable","13":"product-type-simple"},"_links":{"self":[{"href":"https:\/\/electro-precio.com\/fr\/wp-json\/wp\/v2\/product\/12323","targetHints":{"allow":["GET"]}}],"collection":[{"href":"https:\/\/electro-precio.com\/fr\/wp-json\/wp\/v2\/product"}],"about":[{"href":"https:\/\/electro-precio.com\/fr\/wp-json\/wp\/v2\/types\/product"}],"replies":[{"embeddable":true,"href":"https:\/\/electro-precio.com\/fr\/wp-json\/wp\/v2\/comments?post=12323"}],"wp:featuredmedia":[{"embeddable":true,"href":"https:\/\/electro-precio.com\/fr\/wp-json\/wp\/v2\/media\/12325"}],"wp:attachment":[{"href":"https:\/\/electro-precio.com\/fr\/wp-json\/wp\/v2\/media?parent=12323"}],"wp:term":[{"taxonomy":"product_brand","embeddable":true,"href":"https:\/\/electro-precio.com\/fr\/wp-json\/wp\/v2\/product_brand?post=12323"},{"taxonomy":"product_cat","embeddable":true,"href":"https:\/\/electro-precio.com\/fr\/wp-json\/wp\/v2\/product_cat?post=12323"},{"taxonomy":"product_tag","embeddable":true,"href":"https:\/\/electro-precio.com\/fr\/wp-json\/wp\/v2\/product_tag?post=12323"}],"curies":[{"name":"wp","href":"https:\/\/api.w.org\/{rel}","templated":true}]}}