{"id":12332,"date":"2025-07-05T20:23:19","date_gmt":"2025-07-05T20:23:19","guid":{"rendered":"https:\/\/electro-precio.com\/?post_type=product&#038;p=12332"},"modified":"2025-07-05T20:23:19","modified_gmt":"2025-07-05T20:23:19","slug":"dji-mini-4-pro-rc2","status":"publish","type":"product","link":"https:\/\/electro-precio.com\/fr\/product\/dji-mini-4-pro-rc2\/","title":{"rendered":"DJI Mini 4 Pro RC2"},"content":{"rendered":"<p><b>En resumen:<\/b>\u00a0<span class=\"oopStage-productInfoTopItem\">Peso\u00a0249\u00a0g\u00a0<\/span>\u00a0<span class=\"oopStage-productInfoTopItem\">con c\u00e1mara integrada\u00a0<\/span>\u00a0<span class=\"oopStage-productInfoTopItem\">Zoom digital\u00a04\u00a0x\u00a0<\/span>\u00a0<span class=\"oopStage-productInfoTopItem\">Tiempo de vuelo\u00a034\u00a0min\u00a0<\/span>\u00a0<span class=\"oopStage-productInfoTopItem\">Clase del dron\u00a0C0<\/span><\/p>","protected":false},"excerpt":{"rendered":"<table class=\"datasheet-list expanded\">\n<tbody>\n<tr class=\"datasheet-listItem datasheet-listItem--properties\">\n<td class=\"datasheet-listItemKey small-6 larger-4 columns\">Tipos de producto<\/td>\n<td class=\"datasheet-listItemValue small-6 larger-8 columns\">Cuadric\u00f3ptero, Dron con c\u00e1mara, Dron plegable<\/td>\n<\/tr>\n<tr class=\"datasheet-listItem datasheet-listItem--properties\">\n<td class=\"datasheet-listItemKey small-6 larger-4 columns\">Uso<\/td>\n<td class=\"datasheet-listItemValue small-6 larger-8 columns\">v\u00eddeo<\/td>\n<\/tr>\n<tr class=\"datasheet-listItem datasheet-listItem--properties\">\n<td class=\"datasheet-listItemKey small-6 larger-4 columns\">Nivel de dificultad<\/td>\n<td class=\"datasheet-listItemValue small-6 larger-8 columns\">medio<\/td>\n<\/tr>\n<tr class=\"datasheet-listItem datasheet-listItem--properties\">\n<td class=\"datasheet-listItemKey small-6 larger-4 columns\">Fecha de lanzamiento<\/td>\n<td class=\"datasheet-listItemValue small-6 larger-8 columns\">2023<\/td>\n<\/tr>\n<\/tbody>\n<tbody>\n<tr class=\"datasheet-listItem datasheet-listItem--group\">\n<th>Modelo<\/th>\n<\/tr>\n<tr class=\"datasheet-listItem datasheet-listItem--properties\">\n<td class=\"datasheet-listItemKey small-6 larger-4 columns\">Tipo de maqueta<\/td>\n<td class=\"datasheet-listItemValue small-6 larger-8 columns\">RTF (Ready-to-Fly)<\/td>\n<\/tr>\n<tr class=\"datasheet-listItem datasheet-listItem--properties\">\n<td class=\"datasheet-listItemKey small-6 larger-4 columns\">Protecciones<\/td>\n<td class=\"datasheet-listItemValue small-6 larger-8 columns\">return home, fail safe, detecci\u00f3n de obst\u00e1culos<\/td>\n<\/tr>\n<tr class=\"datasheet-listItem datasheet-listItem--properties\">\n<td class=\"datasheet-listItemKey small-6 larger-4 columns\">Funciones RC<\/td>\n<td class=\"datasheet-listItemValue small-6 larger-8 columns\">modo spotlight, ActiveTrack, Point of interest, Follow Me, aterrizaje autom\u00e1tico, estabilizaci\u00f3n autom\u00e1tica, QuickShots<\/td>\n<\/tr>\n<tr class=\"datasheet-listItem datasheet-listItem--properties\">\n<td class=\"datasheet-listItemKey small-6 larger-4 columns\">Detecci\u00f3n de obst\u00e1culos<\/td>\n<td class=\"datasheet-listItemValue small-6 larger-8 columns\">delantera, lateral, trasera, sensores infrarrojos, abajo<\/td>\n<\/tr>\n<tr class=\"datasheet-listItem datasheet-listItem--properties\">\n<td class=\"datasheet-listItemKey small-6 larger-4 columns\">Sistemas de posicionamiento<\/td>\n<td class=\"datasheet-listItemValue small-6 larger-8 columns\">BeiDou, GPS, galileo<\/td>\n<\/tr>\n<tr class=\"datasheet-listItem datasheet-listItem--properties\">\n<td class=\"datasheet-listItemKey small-6 larger-4 columns\">Altura m\u00e1xima de vuelo<\/td>\n<td class=\"datasheet-listItemValue small-6 larger-8 columns\">4.000\u00a0m<\/td>\n<\/tr>\n<tr class=\"datasheet-listItem datasheet-listItem--properties\">\n<td class=\"datasheet-listItemKey small-6 larger-4 columns\">Velocidad m\u00e1xima<\/td>\n<td class=\"datasheet-listItemValue small-6 larger-8 columns\">16\u00a0m\/s<\/td>\n<\/tr>\n<tr class=\"datasheet-listItem datasheet-listItem--properties\">\n<td class=\"datasheet-listItemKey small-6 larger-4 columns\">Velocidad de bajada<\/td>\n<td class=\"datasheet-listItemValue small-6 larger-8 columns\">5\u00a0m\/s<\/td>\n<\/tr>\n<tr class=\"datasheet-listItem datasheet-listItem--properties\">\n<td class=\"datasheet-listItemKey small-6 larger-4 columns\">Velocidad de subida<\/td>\n<td class=\"datasheet-listItemValue small-6 larger-8 columns\">5\u00a0m\/s<\/td>\n<\/tr>\n<tr class=\"datasheet-listItem datasheet-listItem--properties\">\n<td class=\"datasheet-listItemKey small-6 larger-4 columns\">Longitud<\/td>\n<td class=\"datasheet-listItemValue small-6 larger-8 columns\">298\u00a0mm<\/td>\n<\/tr>\n<tr class=\"datasheet-listItem datasheet-listItem--properties datasheet-listItem--collapsible\">\n<td class=\"datasheet-listItemKey small-6 larger-4 columns\">Peso<\/td>\n<td class=\"datasheet-listItemValue small-6 larger-8 columns\">249\u00a0g<\/td>\n<\/tr>\n<tr class=\"datasheet-listItem datasheet-listItem--properties datasheet-listItem--collapsible\">\n<td class=\"datasheet-listItemKey small-6 larger-4 columns\">Dimensiones plegado<\/td>\n<td class=\"datasheet-listItemValue small-6 larger-8 columns\">148 x 94 x 64\u00a0mm<\/td>\n<\/tr>\n<tr class=\"datasheet-listItem datasheet-listItem--properties datasheet-listItem--collapsible\">\n<td class=\"datasheet-listItemKey small-6 larger-4 columns\">Anchura<\/td>\n<td class=\"datasheet-listItemValue small-6 larger-8 columns\">373\u00a0mm<\/td>\n<\/tr>\n<tr class=\"datasheet-listItem datasheet-listItem--properties datasheet-listItem--collapsible\">\n<td class=\"datasheet-listItemKey small-6 larger-4 columns\">Altura<\/td>\n<td class=\"datasheet-listItemValue small-6 larger-8 columns\">101\u00a0mm<\/td>\n<\/tr>\n<tr class=\"datasheet-listItem datasheet-listItem--properties datasheet-listItem--collapsible\">\n<td class=\"datasheet-listItemKey small-6 larger-4 columns\">Color<\/td>\n<td class=\"datasheet-listItemValue small-6 larger-8 columns\">gris<\/td>\n<\/tr>\n<\/tbody>\n<tbody>\n<tr class=\"datasheet-listItem datasheet-listItem--group datasheet-listItem--collapsible\">\n<th>C\u00e1mara<\/th>\n<\/tr>\n<tr class=\"datasheet-listItem datasheet-listItem--properties datasheet-listItem--collapsible\">\n<td class=\"datasheet-listItemKey small-6 larger-4 columns\">Tipo de c\u00e1mara<\/td>\n<td class=\"datasheet-listItemValue small-6 larger-8 columns\">con c\u00e1mara integrada<\/td>\n<\/tr>\n<tr class=\"datasheet-listItem datasheet-listItem--properties datasheet-listItem--collapsible\">\n<td class=\"datasheet-listItemKey small-6 larger-4 columns\">N\u00famero de c\u00e1maras<\/td>\n<td class=\"datasheet-listItemValue small-6 larger-8 columns\">1<\/td>\n<\/tr>\n<tr class=\"datasheet-listItem datasheet-listItem--properties datasheet-listItem--collapsible\">\n<td class=\"datasheet-listItemKey small-6 larger-4 columns\">Rango ISO (foto)<\/td>\n<td class=\"datasheet-listItemValue small-6 larger-8 columns\">100 &#8211; 3.200<\/td>\n<\/tr>\n<tr class=\"datasheet-listItem datasheet-listItem--properties datasheet-listItem--collapsible\">\n<td class=\"datasheet-listItemKey small-6 larger-4 columns\">Rango ISO (v\u00eddeo)<\/td>\n<td class=\"datasheet-listItemValue small-6 larger-8 columns\">100 &#8211; 6.400<\/td>\n<\/tr>\n<tr class=\"datasheet-listItem datasheet-listItem--properties datasheet-listItem--collapsible\">\n<td class=\"datasheet-listItemKey small-6 larger-4 columns\">Modos de captura<\/td>\n<td class=\"datasheet-listItemValue small-6 larger-8 columns\">c\u00e1mara lenta, HDR, video<\/td>\n<\/tr>\n<tr class=\"datasheet-listItem datasheet-listItem--properties datasheet-listItem--collapsible\">\n<td class=\"datasheet-listItemKey small-6 larger-4 columns\">Visibilidad<\/td>\n<td class=\"datasheet-listItemValue small-6 larger-8 columns\">82\u00b0<\/td>\n<\/tr>\n<tr class=\"datasheet-listItem datasheet-listItem--properties datasheet-listItem--collapsible\">\n<td class=\"datasheet-listItemKey small-6 larger-4 columns\">Diafragma<\/td>\n<td class=\"datasheet-listItemValue small-6 larger-8 columns\">f\/1.7<\/td>\n<\/tr>\n<tr class=\"datasheet-listItem datasheet-listItem--properties datasheet-listItem--collapsible\">\n<td class=\"datasheet-listItemKey small-6 larger-4 columns\">Sensor<\/td>\n<td class=\"datasheet-listItemValue small-6 larger-8 columns\">1\/1.3&#8243; CMOS<\/td>\n<\/tr>\n<tr class=\"datasheet-listItem datasheet-listItem--properties datasheet-listItem--collapsible\">\n<td class=\"datasheet-listItemKey small-6 larger-4 columns\">Resoluci\u00f3n de foto<\/td>\n<td class=\"datasheet-listItemValue small-6 larger-8 columns\">48 MP<\/td>\n<\/tr>\n<tr class=\"datasheet-listItem datasheet-listItem--properties datasheet-listItem--collapsible\">\n<td class=\"datasheet-listItemKey small-6 larger-4 columns\">Memoria interna<\/td>\n<td class=\"datasheet-listItemValue small-6 larger-8 columns\">2\u00a0GB<\/td>\n<\/tr>\n<tr class=\"datasheet-listItem datasheet-listItem--properties datasheet-listItem--collapsible\">\n<td class=\"datasheet-listItemKey small-6 larger-4 columns\">Zoom digital<\/td>\n<td class=\"datasheet-listItemValue small-6 larger-8 columns\">4\u00a0x<\/td>\n<\/tr>\n<tr class=\"datasheet-listItem datasheet-listItem--properties datasheet-listItem--collapsible\">\n<td class=\"datasheet-listItemKey small-6 larger-4 columns\">Gimbal<\/td>\n<td class=\"datasheet-listItemValue small-6 larger-8 columns\">mec\u00e1nico, paneo: -30\u00b0 hasta 30\u00b0, inclinaci\u00f3n (tilt): -135\u00b0 hasta 80\u00b0, rotaci\u00f3n (roll): -135\u00b0 hasta 45\u00b0<\/td>\n<\/tr>\n<tr class=\"datasheet-listItem datasheet-listItem--properties datasheet-listItem--collapsible\">\n<td class=\"datasheet-listItemKey small-6 larger-4 columns\">Distancia focal<\/td>\n<td class=\"datasheet-listItemValue small-6 larger-8 columns\">24\u00a0mm<\/td>\n<\/tr>\n<\/tbody>\n<tbody>\n<tr class=\"datasheet-listItem datasheet-listItem--group datasheet-listItem--collapsible\">\n<th>Bater\u00eda vuelo<\/th>\n<\/tr>\n<tr class=\"datasheet-listItem datasheet-listItem--properties datasheet-listItem--collapsible\">\n<td class=\"datasheet-listItemKey small-6 larger-4 columns\">Tiempo de vuelo<\/td>\n<td class=\"datasheet-listItemValue small-6 larger-8 columns\">34\u00a0min<\/td>\n<\/tr>\n<tr class=\"datasheet-listItem datasheet-listItem--properties datasheet-listItem--collapsible\">\n<td class=\"datasheet-listItemKey small-6 larger-4 columns\">Tiempo de carga<\/td>\n<td class=\"datasheet-listItemValue small-6 larger-8 columns\">58\u00a0min<\/td>\n<\/tr>\n<tr class=\"datasheet-listItem datasheet-listItem--properties datasheet-listItem--collapsible\">\n<td class=\"datasheet-listItemKey small-6 larger-4 columns\">Peso de la bater\u00eda de vuelo<\/td>\n<td class=\"datasheet-listItemValue small-6 larger-8 columns\">77\u00a0g<\/td>\n<\/tr>\n<tr class=\"datasheet-listItem datasheet-listItem--properties datasheet-listItem--collapsible\">\n<td class=\"datasheet-listItemKey small-6 larger-4 columns\">Capacidad de la bater\u00eda<\/td>\n<td class=\"datasheet-listItemValue small-6 larger-8 columns\">2.590\u00a0mAh<\/td>\n<\/tr>\n<tr class=\"datasheet-listItem datasheet-listItem--properties datasheet-listItem--collapsible\">\n<td class=\"datasheet-listItemKey small-6 larger-4 columns\">Tipo de bater\u00eda<\/td>\n<td class=\"datasheet-listItemValue small-6 larger-8 columns\">i\u00f3n litio<\/td>\n<\/tr>\n<tr class=\"datasheet-listItem datasheet-listItem--properties datasheet-listItem--collapsible\">\n<td class=\"datasheet-listItemKey small-6 larger-4 columns\">Voltaje de la bater\u00eda<\/td>\n<td class=\"datasheet-listItemValue small-6 larger-8 columns\">7,32\u00a0V<\/td>\n<\/tr>\n<\/tbody>\n<tbody>\n<tr class=\"datasheet-listItem datasheet-listItem--group datasheet-listItem--collapsible\">\n<th>Advertencias<\/th>\n<\/tr>\n<tr class=\"datasheet-listItem datasheet-listItem--properties datasheet-listItem--collapsible\">\n<td class=\"datasheet-listItemKey small-6 larger-4 columns\">Atenci\u00f3n<\/td>\n<td class=\"datasheet-listItemValue small-6 larger-8 columns\">Respete la normativa vigente sobre el uso de drones.<\/td>\n<\/tr>\n<tr class=\"datasheet-listItem datasheet-listItem--properties datasheet-listItem--collapsible\">\n<td class=\"datasheet-listItemKey small-6 larger-4 columns\">Clase del dron<\/td>\n<td class=\"datasheet-listItemValue small-6 larger-8 columns\">C0<\/td>\n<\/tr>\n<\/tbody>\n<\/table>","protected":false},"featured_media":12333,"comment_status":"open","ping_status":"closed","template":"","meta":[],"product_brand":[],"product_cat":[135],"product_tag":[],"class_list":{"0":"post-12332","1":"product","2":"type-product","3":"status-publish","4":"has-post-thumbnail","6":"product_cat-drones","8":"first","9":"instock","10":"shipping-taxable","11":"purchasable","12":"product-type-simple"},"_links":{"self":[{"href":"https:\/\/electro-precio.com\/fr\/wp-json\/wp\/v2\/product\/12332","targetHints":{"allow":["GET"]}}],"collection":[{"href":"https:\/\/electro-precio.com\/fr\/wp-json\/wp\/v2\/product"}],"about":[{"href":"https:\/\/electro-precio.com\/fr\/wp-json\/wp\/v2\/types\/product"}],"replies":[{"embeddable":true,"href":"https:\/\/electro-precio.com\/fr\/wp-json\/wp\/v2\/comments?post=12332"}],"wp:featuredmedia":[{"embeddable":true,"href":"https:\/\/electro-precio.com\/fr\/wp-json\/wp\/v2\/media\/12333"}],"wp:attachment":[{"href":"https:\/\/electro-precio.com\/fr\/wp-json\/wp\/v2\/media?parent=12332"}],"wp:term":[{"taxonomy":"product_brand","embeddable":true,"href":"https:\/\/electro-precio.com\/fr\/wp-json\/wp\/v2\/product_brand?post=12332"},{"taxonomy":"product_cat","embeddable":true,"href":"https:\/\/electro-precio.com\/fr\/wp-json\/wp\/v2\/product_cat?post=12332"},{"taxonomy":"product_tag","embeddable":true,"href":"https:\/\/electro-precio.com\/fr\/wp-json\/wp\/v2\/product_tag?post=12332"}],"curies":[{"name":"wp","href":"https:\/\/api.w.org\/{rel}","templated":true}]}}