{"id":12366,"date":"2025-07-06T14:42:25","date_gmt":"2025-07-06T14:42:25","guid":{"rendered":"https:\/\/electro-precio.com\/?post_type=product&#038;p=12366"},"modified":"2025-07-06T14:42:25","modified_gmt":"2025-07-06T14:42:25","slug":"dji-air-3s","status":"publish","type":"product","link":"https:\/\/electro-precio.com\/fr\/product\/dji-air-3s\/","title":{"rendered":"DJI Air 3S"},"content":{"rendered":"<table class=\"datasheet-list expanded\">\n<tbody>\n<tr class=\"datasheet-listItem datasheet-listItem--properties\">\n<td class=\"datasheet-listItemKey small-6 larger-4 columns\">Tipos de producto<\/td>\n<td class=\"datasheet-listItemValue small-6 larger-8 columns\">Dron plegable, Dron con c\u00e1mara, Cuadric\u00f3ptero<\/td>\n<\/tr>\n<tr class=\"datasheet-listItem datasheet-listItem--properties\">\n<td class=\"datasheet-listItemKey small-6 larger-4 columns\">Usos<\/td>\n<td class=\"datasheet-listItemValue small-6 larger-8 columns\">exterior, v\u00eddeo<\/td>\n<\/tr>\n<tr class=\"datasheet-listItem datasheet-listItem--properties\">\n<td class=\"datasheet-listItemKey small-6 larger-4 columns\">Nivel de dificultad<\/td>\n<td class=\"datasheet-listItemValue small-6 larger-8 columns\">f\u00e1cil<\/td>\n<\/tr>\n<tr class=\"datasheet-listItem datasheet-listItem--properties\">\n<td class=\"datasheet-listItemKey small-6 larger-4 columns\">Edad m\u00ednima recomendada<\/td>\n<td class=\"datasheet-listItemValue small-6 larger-8 columns\">16\u00a0a\u00f1os<\/td>\n<\/tr>\n<tr class=\"datasheet-listItem datasheet-listItem--properties\">\n<td class=\"datasheet-listItemKey small-6 larger-4 columns\">Fecha de lanzamiento<\/td>\n<td class=\"datasheet-listItemValue small-6 larger-8 columns\">2024<\/td>\n<\/tr>\n<\/tbody>\n<tbody>\n<tr class=\"datasheet-listItem datasheet-listItem--group\">\n<th>Modelo<\/th>\n<\/tr>\n<tr class=\"datasheet-listItem datasheet-listItem--properties\">\n<td class=\"datasheet-listItemKey small-6 larger-4 columns\">Tipo de maqueta<\/td>\n<td class=\"datasheet-listItemValue small-6 larger-8 columns\">RTF (Ready-to-Fly)<\/td>\n<\/tr>\n<tr class=\"datasheet-listItem datasheet-listItem--properties\">\n<td class=\"datasheet-listItemKey small-6 larger-4 columns\">Protecciones<\/td>\n<td class=\"datasheet-listItemValue small-6 larger-8 columns\">fusi\u00f3n de sensores redundantes, return home, desconexi\u00f3n autom\u00e1tica, control autom\u00e1tico de estabilidad, control autom\u00e1tico de altura, indicador de nivel de bater\u00eda, l\u00edmites de vuelo ajustables, fail safe, aviso de bater\u00eda baja<\/td>\n<\/tr>\n<tr class=\"datasheet-listItem datasheet-listItem--properties\">\n<td class=\"datasheet-listItemKey small-6 larger-4 columns\">Funciones RC<\/td>\n<td class=\"datasheet-listItemValue small-6 larger-8 columns\">ActiveTrack, QuickShots, TapFly, modo deporte, aterrizaje autom\u00e1tico, seguimiento autom\u00e1tico de objetos, despegue autom\u00e1tico, modo principiante, modo experto, posici\u00f3n fija, bloqueo de direcci\u00f3n de vuelo, no-fly-zone, Point of interest, Point to Fly, vuelo estacionario, modo tr\u00edpode<\/td>\n<\/tr>\n<tr class=\"datasheet-listItem datasheet-listItem--properties\">\n<td class=\"datasheet-listItemKey small-6 larger-4 columns\">Detecci\u00f3n de obst\u00e1culos<\/td>\n<td class=\"datasheet-listItemValue small-6 larger-8 columns\">delantera, arriba, trasera, sensores infrarrojos, abajo<\/td>\n<\/tr>\n<tr class=\"datasheet-listItem datasheet-listItem--properties\">\n<td class=\"datasheet-listItemKey small-6 larger-4 columns\">Sistemas de posicionamiento<\/td>\n<td class=\"datasheet-listItemValue small-6 larger-8 columns\">Visual Inertial Odometry (VIO), GPS, Glonass<\/td>\n<\/tr>\n<tr class=\"datasheet-listItem datasheet-listItem--properties\">\n<td class=\"datasheet-listItemKey small-6 larger-4 columns\">Equipamiento<\/td>\n<td class=\"datasheet-listItemValue small-6 larger-8 columns\">br\u00fajula<\/td>\n<\/tr>\n<tr class=\"datasheet-listItem datasheet-listItem--properties\">\n<td class=\"datasheet-listItemKey small-6 larger-4 columns\">Velocidad m\u00e1xima<\/td>\n<td class=\"datasheet-listItemValue small-6 larger-8 columns\">76\u00a0km\/h \/ 21\u00a0m\/s<\/td>\n<\/tr>\n<tr class=\"datasheet-listItem datasheet-listItem--properties\">\n<td class=\"datasheet-listItemKey small-6 larger-4 columns\">Temperatura de funcionamiento<\/td>\n<td class=\"datasheet-listItemValue small-6 larger-8 columns\">-10 hasta +40\u00a0\u00b0C<\/td>\n<\/tr>\n<tr class=\"datasheet-listItem datasheet-listItem--properties\">\n<td class=\"datasheet-listItemKey small-6 larger-4 columns\">Iluminaci\u00f3n<\/td>\n<td class=\"datasheet-listItemValue small-6 larger-8 columns\">LED de posici\u00f3n<\/td>\n<\/tr>\n<tr class=\"datasheet-listItem datasheet-listItem--properties datasheet-listItem--collapsible\">\n<td class=\"datasheet-listItemKey small-6 larger-4 columns\">Altura m\u00e1xima de vuelo<\/td>\n<td class=\"datasheet-listItemValue small-6 larger-8 columns\">6.000\u00a0m<\/td>\n<\/tr>\n<tr class=\"datasheet-listItem datasheet-listItem--properties datasheet-listItem--collapsible\">\n<td class=\"datasheet-listItemKey small-6 larger-4 columns\">Gir\u00f3scopo<\/td>\n<td class=\"datasheet-listItemValue small-6 larger-8 columns\">giroscopio<\/td>\n<\/tr>\n<tr class=\"datasheet-listItem datasheet-listItem--properties datasheet-listItem--collapsible\">\n<td class=\"datasheet-listItemKey small-6 larger-4 columns\">Velocidad de bajada<\/td>\n<td class=\"datasheet-listItemValue small-6 larger-8 columns\">10\u00a0m\/s<\/td>\n<\/tr>\n<tr class=\"datasheet-listItem datasheet-listItem--properties datasheet-listItem--collapsible\">\n<td class=\"datasheet-listItemKey small-6 larger-4 columns\">Velocidad de subida<\/td>\n<td class=\"datasheet-listItemValue small-6 larger-8 columns\">10\u00a0m\/s<\/td>\n<\/tr>\n<tr class=\"datasheet-listItem datasheet-listItem--properties datasheet-listItem--collapsible\">\n<td class=\"datasheet-listItemKey small-6 larger-4 columns\">Art\u00edculos incluidos<\/td>\n<td class=\"datasheet-listItemValue small-6 larger-8 columns\">maqueta, control remoto, bater\u00eda de vuelo, cargador, 4 h\u00e9lices, instrucciones<\/td>\n<\/tr>\n<tr class=\"datasheet-listItem datasheet-listItem--properties datasheet-listItem--collapsible\">\n<td class=\"datasheet-listItemKey small-6 larger-4 columns\">Longitud<\/td>\n<td class=\"datasheet-listItemValue small-6 larger-8 columns\">266\u00a0mm<\/td>\n<\/tr>\n<tr class=\"datasheet-listItem datasheet-listItem--properties datasheet-listItem--collapsible\">\n<td class=\"datasheet-listItemKey small-6 larger-4 columns\">Peso<\/td>\n<td class=\"datasheet-listItemValue small-6 larger-8 columns\">724\u00a0g<\/td>\n<\/tr>\n<tr class=\"datasheet-listItem datasheet-listItem--properties datasheet-listItem--collapsible\">\n<td class=\"datasheet-listItemKey small-6 larger-4 columns\">Dimensiones plegado<\/td>\n<td class=\"datasheet-listItemValue small-6 larger-8 columns\">214x101x89\u00a0mm<\/td>\n<\/tr>\n<tr class=\"datasheet-listItem datasheet-listItem--properties datasheet-listItem--collapsible\">\n<td class=\"datasheet-listItemKey small-6 larger-4 columns\">Anchura<\/td>\n<td class=\"datasheet-listItemValue small-6 larger-8 columns\">325\u00a0mm<\/td>\n<\/tr>\n<tr class=\"datasheet-listItem datasheet-listItem--properties datasheet-listItem--collapsible\">\n<td class=\"datasheet-listItemKey small-6 larger-4 columns\">Altura<\/td>\n<td class=\"datasheet-listItemValue small-6 larger-8 columns\">106\u00a0mm<\/td>\n<\/tr>\n<tr class=\"datasheet-listItem datasheet-listItem--properties datasheet-listItem--collapsible\">\n<td class=\"datasheet-listItemKey small-6 larger-4 columns\">Resistencia al viento<\/td>\n<td class=\"datasheet-listItemValue small-6 larger-8 columns\">12\u00a0m\/s<\/td>\n<\/tr>\n<tr class=\"datasheet-listItem datasheet-listItem--properties datasheet-listItem--collapsible\">\n<td class=\"datasheet-listItemKey small-6 larger-4 columns\">Conexiones<\/td>\n<td class=\"datasheet-listItemValue small-6 larger-8 columns\">USB 3.0, Micro-SD<\/td>\n<\/tr>\n<tr class=\"datasheet-listItem datasheet-listItem--properties datasheet-listItem--collapsible\">\n<td class=\"datasheet-listItemKey small-6 larger-4 columns\">Material de la estructura<\/td>\n<td class=\"datasheet-listItemValue small-6 larger-8 columns\">pl\u00e1stico<\/td>\n<\/tr>\n<tr class=\"datasheet-listItem datasheet-listItem--properties datasheet-listItem--collapsible\">\n<td class=\"datasheet-listItemKey small-6 larger-4 columns\">Di\u00e1metro<\/td>\n<td class=\"datasheet-listItemValue small-6 larger-8 columns\">213\u00a0mm<\/td>\n<\/tr>\n<tr class=\"datasheet-listItem datasheet-listItem--properties datasheet-listItem--collapsible\">\n<td class=\"datasheet-listItemKey small-6 larger-4 columns\">Color<\/td>\n<td class=\"datasheet-listItemValue small-6 larger-8 columns\">gris<\/td>\n<\/tr>\n<tr class=\"datasheet-listItem datasheet-listItem--properties datasheet-listItem--collapsible\">\n<td class=\"datasheet-listItemKey small-6 larger-4 columns\">Sistemas de control<\/td>\n<td class=\"datasheet-listItemValue small-6 larger-8 columns\">control por smartphone, control por gestos, radio<\/td>\n<\/tr>\n<\/tbody>\n<tbody>\n<tr class=\"datasheet-listItem datasheet-listItem--group datasheet-listItem--collapsible\">\n<th>C\u00e1mara<\/th>\n<\/tr>\n<tr class=\"datasheet-listItem datasheet-listItem--properties datasheet-listItem--collapsible\">\n<td class=\"datasheet-listItemKey small-6 larger-4 columns\">Tipo de c\u00e1mara<\/td>\n<td class=\"datasheet-listItemValue small-6 larger-8 columns\">con c\u00e1mara integrada<\/td>\n<\/tr>\n<tr class=\"datasheet-listItem datasheet-listItem--properties datasheet-listItem--collapsible\">\n<td class=\"datasheet-listItemKey small-6 larger-4 columns\">Im\u00e1genes por segundo 2,7K<\/td>\n<td class=\"datasheet-listItemValue small-6 larger-8 columns\">24 fps, 25 fps, 30 fps, 48 fps, 50 fps, 60 fps, 100 fps, 120 fps, 240 fps<\/td>\n<\/tr>\n<tr class=\"datasheet-listItem datasheet-listItem--properties datasheet-listItem--collapsible\">\n<td class=\"datasheet-listItemKey small-6 larger-4 columns\">N\u00famero de c\u00e1maras<\/td>\n<td class=\"datasheet-listItemValue small-6 larger-8 columns\">2<\/td>\n<\/tr>\n<tr class=\"datasheet-listItem datasheet-listItem--properties datasheet-listItem--collapsible\">\n<td class=\"datasheet-listItemKey small-6 larger-4 columns\">Rango ISO (foto)<\/td>\n<td class=\"datasheet-listItemValue small-6 larger-8 columns\">100 &#8211; 6.400<\/td>\n<\/tr>\n<tr class=\"datasheet-listItem datasheet-listItem--properties datasheet-listItem--collapsible\">\n<td class=\"datasheet-listItemKey small-6 larger-4 columns\">Rango ISO (v\u00eddeo)<\/td>\n<td class=\"datasheet-listItemValue small-6 larger-8 columns\">100 &#8211; 6.400<\/td>\n<\/tr>\n<tr class=\"datasheet-listItem datasheet-listItem--properties datasheet-listItem--collapsible\">\n<td class=\"datasheet-listItemKey small-6 larger-4 columns\">Modos de captura<\/td>\n<td class=\"datasheet-listItemValue small-6 larger-8 columns\">video, c\u00e1mara lenta, HDR, toma \u00fanica, toma continua 3\/5\/7, AEB 3\/5, Hyperlapse<\/td>\n<\/tr>\n<tr class=\"datasheet-listItem datasheet-listItem--properties datasheet-listItem--collapsible\">\n<td class=\"datasheet-listItemKey small-6 larger-4 columns\">Resoluciones de v\u00eddeo<\/td>\n<td class=\"datasheet-listItemValue small-6 larger-8 columns\">HD (2,7K): 2716\u00d71524, UHD (4K): 4096x2160p, Full-HD: 1920x1080p<\/td>\n<\/tr>\n<tr class=\"datasheet-listItem datasheet-listItem--properties datasheet-listItem--collapsible\">\n<td class=\"datasheet-listItemKey small-6 larger-4 columns\">Visibilidad<\/td>\n<td class=\"datasheet-listItemValue small-6 larger-8 columns\">35\u00b0, 84\u00b0<\/td>\n<\/tr>\n<tr class=\"datasheet-listItem datasheet-listItem--properties datasheet-listItem--collapsible\">\n<td class=\"datasheet-listItemKey small-6 larger-4 columns\">Im\u00e1genes por segundo 4K<\/td>\n<td class=\"datasheet-listItemValue small-6 larger-8 columns\">30 fps, 25 fps, 24 fps, 60 fps, 100 fps, 120 fps<\/td>\n<\/tr>\n<tr class=\"datasheet-listItem datasheet-listItem--properties datasheet-listItem--collapsible\">\n<td class=\"datasheet-listItemKey small-6 larger-4 columns\">Formatos de imagen<\/td>\n<td class=\"datasheet-listItemValue small-6 larger-8 columns\">FAT32\/exFAT, JPG, DNG, MP4, MOV<\/td>\n<\/tr>\n<tr class=\"datasheet-listItem datasheet-listItem--properties datasheet-listItem--collapsible\">\n<td class=\"datasheet-listItemKey small-6 larger-4 columns\">Im\u00e1genes por segundo Full HD<\/td>\n<td class=\"datasheet-listItemValue small-6 larger-8 columns\">24 fps, 25 fps, 30 fps, 48 fps, 50 fps, 60 fps, 120 fps, 200 fps, 240 fps<\/td>\n<\/tr>\n<tr class=\"datasheet-listItem datasheet-listItem--properties datasheet-listItem--collapsible\">\n<td class=\"datasheet-listItemKey small-6 larger-4 columns\">Diafragma<\/td>\n<td class=\"datasheet-listItemValue small-6 larger-8 columns\">f\/1.8, f\/2.8<\/td>\n<\/tr>\n<tr class=\"datasheet-listItem datasheet-listItem--properties datasheet-listItem--collapsible\">\n<td class=\"datasheet-listItemKey small-6 larger-4 columns\">Im\u00e1genes por segundo HD<\/td>\n<td class=\"datasheet-listItemValue small-6 larger-8 columns\">24 fps, 25 fps, 30 fps, 48 fps, 50 fps, 60 fps, 120 fps, 240 fps<\/td>\n<\/tr>\n<tr class=\"datasheet-listItem datasheet-listItem--properties datasheet-listItem--collapsible\">\n<td class=\"datasheet-listItemKey small-6 larger-4 columns\">Sensores<\/td>\n<td class=\"datasheet-listItemValue small-6 larger-8 columns\">1&#8243;, 1\/1.3&#8243; CMOS<\/td>\n<\/tr>\n<tr class=\"datasheet-listItem datasheet-listItem--properties datasheet-listItem--collapsible\">\n<td class=\"datasheet-listItemKey small-6 larger-4 columns\">Resoluci\u00f3n de fotos<\/td>\n<td class=\"datasheet-listItemValue small-6 larger-8 columns\">48 MP, 50 MP<\/td>\n<\/tr>\n<tr class=\"datasheet-listItem datasheet-listItem--properties datasheet-listItem--collapsible\">\n<td class=\"datasheet-listItemKey small-6 larger-4 columns\">Intensidades luminosas<\/td>\n<td class=\"datasheet-listItemValue small-6 larger-8 columns\">1.8, 2.8<\/td>\n<\/tr>\n<tr class=\"datasheet-listItem datasheet-listItem--properties datasheet-listItem--collapsible\">\n<td class=\"datasheet-listItemKey small-6 larger-4 columns\">Memoria interna<\/td>\n<td class=\"datasheet-listItemValue small-6 larger-8 columns\">42\u00a0GB<\/td>\n<\/tr>\n<tr class=\"datasheet-listItem datasheet-listItem--properties datasheet-listItem--collapsible\">\n<td class=\"datasheet-listItemKey small-6 larger-4 columns\">Zoom digital<\/td>\n<td class=\"datasheet-listItemValue small-6 larger-8 columns\">9\u00a0x<\/td>\n<\/tr>\n<tr class=\"datasheet-listItem datasheet-listItem--properties datasheet-listItem--collapsible\">\n<td class=\"datasheet-listItemKey small-6 larger-4 columns\">Opciones de configuraci\u00f3n<\/td>\n<td class=\"datasheet-listItemValue small-6 larger-8 columns\">exposici\u00f3n, obturador, resoluci\u00f3n de v\u00eddeo, balance de blancos, ISO<\/td>\n<\/tr>\n<tr class=\"datasheet-listItem datasheet-listItem--properties datasheet-listItem--collapsible\">\n<td class=\"datasheet-listItemKey small-6 larger-4 columns\">Gimbal<\/td>\n<td class=\"datasheet-listItemValue small-6 larger-8 columns\">3D, inclinaci\u00f3n (tilt): -135\u00b0 hasta 70\u00b0, rotaci\u00f3n: -50\u00b0 hasta 50\u00b0, paneo: -27\u00b0 hasta 27\u00b0<\/td>\n<\/tr>\n<tr class=\"datasheet-listItem datasheet-listItem--properties datasheet-listItem--collapsible\">\n<td class=\"datasheet-listItemKey small-6 larger-4 columns\">Distancias focales<\/td>\n<td class=\"datasheet-listItemValue small-6 larger-8 columns\">24\u00a0mm, 70\u00a0mm<\/td>\n<\/tr>\n<\/tbody>\n<tbody>\n<tr class=\"datasheet-listItem datasheet-listItem--group datasheet-listItem--collapsible\">\n<th>Control remoto<\/th>\n<\/tr>\n<tr class=\"datasheet-listItem datasheet-listItem--properties datasheet-listItem--collapsible\">\n<td class=\"datasheet-listItemKey small-6 larger-4 columns\">Rangos de frecuencias<\/td>\n<td class=\"datasheet-listItemValue small-6 larger-8 columns\">2,4\u00a0GHz, 5,8 GHz\u00a0GHz<\/td>\n<\/tr>\n<tr class=\"datasheet-listItem datasheet-listItem--properties datasheet-listItem--collapsible\">\n<td class=\"datasheet-listItemKey small-6 larger-4 columns\">Alcance de transmisi\u00f3n<\/td>\n<td class=\"datasheet-listItemValue small-6 larger-8 columns\">10.000\u00a0m<\/td>\n<\/tr>\n<tr class=\"datasheet-listItem datasheet-listItem--properties datasheet-listItem--collapsible\">\n<td class=\"datasheet-listItemKey small-6 larger-4 columns\">Conexiones del control remoto<\/td>\n<td class=\"datasheet-listItemValue small-6 larger-8 columns\">USB<\/td>\n<\/tr>\n<tr class=\"datasheet-listItem datasheet-listItem--properties datasheet-listItem--collapsible\">\n<td class=\"datasheet-listItemKey small-6 larger-4 columns\">Controles remotos<\/td>\n<td class=\"datasheet-listItemValue small-6 larger-8 columns\">mando, plegable<\/td>\n<\/tr>\n<tr class=\"datasheet-listItem datasheet-listItem--properties datasheet-listItem--collapsible\">\n<td class=\"datasheet-listItemKey small-6 larger-4 columns\">Frecuencia de transmisi\u00f3n de im\u00e1genes<\/td>\n<td class=\"datasheet-listItemValue small-6 larger-8 columns\">5,8\u00a0GHz<\/td>\n<\/tr>\n<tr class=\"datasheet-listItem datasheet-listItem--properties datasheet-listItem--collapsible\">\n<td class=\"datasheet-listItemKey small-6 larger-4 columns\">Alcance de transmisi\u00f3n de im\u00e1genes<\/td>\n<td class=\"datasheet-listItemValue small-6 larger-8 columns\">10.000\u00a0m<\/td>\n<\/tr>\n<tr class=\"datasheet-listItem datasheet-listItem--properties datasheet-listItem--collapsible\">\n<td class=\"datasheet-listItemKey small-6 larger-4 columns\">Tipo de transmisi\u00f3n<\/td>\n<td class=\"datasheet-listItemValue small-6 larger-8 columns\">SmartCapture<\/td>\n<\/tr>\n<\/tbody>\n<tbody>\n<tr class=\"datasheet-listItem datasheet-listItem--group datasheet-listItem--collapsible\">\n<th>Wifi<\/th>\n<\/tr>\n<tr class=\"datasheet-listItem datasheet-listItem--properties datasheet-listItem--collapsible\">\n<td class=\"datasheet-listItemKey small-6 larger-4 columns\">Sistemas operativos<\/td>\n<td class=\"datasheet-listItemValue small-6 larger-8 columns\">iOS, Android<\/td>\n<\/tr>\n<\/tbody>\n<tbody>\n<tr class=\"datasheet-listItem datasheet-listItem--group datasheet-listItem--collapsible\">\n<th>Bater\u00eda vuelo<\/th>\n<\/tr>\n<tr class=\"datasheet-listItem datasheet-listItem--properties datasheet-listItem--collapsible\">\n<td class=\"datasheet-listItemKey small-6 larger-4 columns\">Tiempo de vuelo<\/td>\n<td class=\"datasheet-listItemValue small-6 larger-8 columns\">45\u00a0min<\/td>\n<\/tr>\n<tr class=\"datasheet-listItem datasheet-listItem--properties datasheet-listItem--collapsible\">\n<td class=\"datasheet-listItemKey small-6 larger-4 columns\">Tiempo de carga<\/td>\n<td class=\"datasheet-listItemValue small-6 larger-8 columns\">80\u00a0min, 60\u00a0min<\/td>\n<\/tr>\n<tr class=\"datasheet-listItem datasheet-listItem--properties datasheet-listItem--collapsible\">\n<td class=\"datasheet-listItemKey small-6 larger-4 columns\">Energ\u00eda<\/td>\n<td class=\"datasheet-listItemValue small-6 larger-8 columns\">62,5\u00a0Wh<\/td>\n<\/tr>\n<tr class=\"datasheet-listItem datasheet-listItem--properties datasheet-listItem--collapsible\">\n<td class=\"datasheet-listItemKey small-6 larger-4 columns\">Peso de la bater\u00eda de vuelo<\/td>\n<td class=\"datasheet-listItemValue small-6 larger-8 columns\">267\u00a0g<\/td>\n<\/tr>\n<tr class=\"datasheet-listItem datasheet-listItem--properties datasheet-listItem--collapsible\">\n<td class=\"datasheet-listItemKey small-6 larger-4 columns\">Temperatura de funcionamiento de la bater\u00eda de vuelo<\/td>\n<td class=\"datasheet-listItemValue small-6 larger-8 columns\">+5 hasta +40\u00a0\u00b0C<\/td>\n<\/tr>\n<tr class=\"datasheet-listItem datasheet-listItem--properties datasheet-listItem--collapsible\">\n<td class=\"datasheet-listItemKey small-6 larger-4 columns\">Capacidad de la bater\u00eda<\/td>\n<td class=\"datasheet-listItemValue small-6 larger-8 columns\">4.276\u00a0mAh<\/td>\n<\/tr>\n<tr class=\"datasheet-listItem datasheet-listItem--properties datasheet-listItem--collapsible\">\n<td class=\"datasheet-listItemKey small-6 larger-4 columns\">Tipo de bater\u00eda<\/td>\n<td class=\"datasheet-listItemValue small-6 larger-8 columns\">Li-Ion 4S<\/td>\n<\/tr>\n<tr class=\"datasheet-listItem datasheet-listItem--properties datasheet-listItem--collapsible\">\n<td class=\"datasheet-listItemKey small-6 larger-4 columns\">Voltaje de la bater\u00eda<\/td>\n<td class=\"datasheet-listItemValue small-6 larger-8 columns\">14,76\u00a0V<\/td>\n<\/tr>\n<tr class=\"datasheet-listItem datasheet-listItem--properties datasheet-listItem--collapsible\">\n<td class=\"datasheet-listItemKey small-6 larger-4 columns\">Bater\u00eda intercambiable<\/td>\n<td class=\"datasheet-listItemValue small-6 larger-8 columns\">s\u00ed<\/td>\n<\/tr>\n<\/tbody>\n<tbody>\n<tr class=\"datasheet-listItem datasheet-listItem--group datasheet-listItem--collapsible\">\n<th>Cargador<\/th>\n<\/tr>\n<tr class=\"datasheet-listItem datasheet-listItem--properties datasheet-listItem--collapsible\">\n<td class=\"datasheet-listItemKey small-6 larger-4 columns\">Potencia<\/td>\n<td class=\"datasheet-listItemValue small-6 larger-8 columns\">65\u00a0W, 100\u00a0W<\/td>\n<\/tr>\n<\/tbody>\n<tbody>\n<tr class=\"datasheet-listItem datasheet-listItem--group datasheet-listItem--collapsible\">\n<th>Advertencias<\/th>\n<\/tr>\n<tr class=\"datasheet-listItem datasheet-listItem--properties datasheet-listItem--collapsible\">\n<td class=\"datasheet-listItemKey small-6 larger-4 columns\">Atenci\u00f3n<\/td>\n<td class=\"datasheet-listItemValue small-6 larger-8 columns\">La edad m\u00ednima es de 16 a\u00f1os., En la UE se requiere un registro en l\u00ednea para la clase CE C1 (a partir de 250 g de peso al despegue); el n\u00famero de registro debe colocarse de forma visible en el dron. \/ Respete la normativa vigente sobre el uso de drones.<\/td>\n<\/tr>\n<tr class=\"datasheet-listItem datasheet-listItem--properties datasheet-listItem--collapsible\">\n<td class=\"datasheet-listItemKey small-6 larger-4 columns\">Clase del dron<\/td>\n<td class=\"datasheet-listItemValue small-6 larger-8 columns\">C1<\/td>\n<\/tr>\n<\/tbody>\n<\/table>","protected":false},"excerpt":{"rendered":"<p><b>En resumen:<\/b>\u00a0<span class=\"oopStage-productInfoTopItem\">Velocidad m\u00e1xima\u00a076\u00a0km\/h\u00a0<\/span>\u00a0<span class=\"oopStage-productInfoTopItem\">Peso\u00a0724\u00a0g\u00a0<\/span>\u00a0<span class=\"oopStage-productInfoTopItem\">con c\u00e1mara integrada\u00a0<\/span>\u00a0<span class=\"oopStage-productInfoTopItem\">Zoom digital\u00a09\u00a0x\u00a0<\/span>\u00a0<span class=\"oopStage-productInfoTopItem\">Alcance de transmisi\u00f3n\u00a010.000\u00a0m\u00a0<\/span>\u00a0<span class=\"oopStage-productInfoTopItem\">Tiempo de vuelo\u00a045\u00a0min\u00a0<\/span>\u00a0<span class=\"oopStage-productInfoTopItem\">Clase del dron\u00a0C1\u00a0<\/span>\u00a0<span class=\"oopStage-productInfoTopItem\">exteriores\u00a0<\/span>\u00a0<span class=\"oopStage-productInfoTopItem\">control por gestos\u00a0<\/span>\u00a0<span class=\"oopStage-productInfoTopItem\">control por smartphone\u00a0<\/span>\u00a0<span class=\"oopStage-productInfoTopItem\">radiocontrol<\/span><\/p>","protected":false},"featured_media":12367,"comment_status":"open","ping_status":"closed","template":"","meta":[],"product_brand":[],"product_cat":[135],"product_tag":[],"class_list":{"0":"post-12366","1":"product","2":"type-product","3":"status-publish","4":"has-post-thumbnail","6":"product_cat-drones","8":"first","9":"instock","10":"shipping-taxable","11":"purchasable","12":"product-type-simple"},"_links":{"self":[{"href":"https:\/\/electro-precio.com\/fr\/wp-json\/wp\/v2\/product\/12366","targetHints":{"allow":["GET"]}}],"collection":[{"href":"https:\/\/electro-precio.com\/fr\/wp-json\/wp\/v2\/product"}],"about":[{"href":"https:\/\/electro-precio.com\/fr\/wp-json\/wp\/v2\/types\/product"}],"replies":[{"embeddable":true,"href":"https:\/\/electro-precio.com\/fr\/wp-json\/wp\/v2\/comments?post=12366"}],"wp:featuredmedia":[{"embeddable":true,"href":"https:\/\/electro-precio.com\/fr\/wp-json\/wp\/v2\/media\/12367"}],"wp:attachment":[{"href":"https:\/\/electro-precio.com\/fr\/wp-json\/wp\/v2\/media?parent=12366"}],"wp:term":[{"taxonomy":"product_brand","embeddable":true,"href":"https:\/\/electro-precio.com\/fr\/wp-json\/wp\/v2\/product_brand?post=12366"},{"taxonomy":"product_cat","embeddable":true,"href":"https:\/\/electro-precio.com\/fr\/wp-json\/wp\/v2\/product_cat?post=12366"},{"taxonomy":"product_tag","embeddable":true,"href":"https:\/\/electro-precio.com\/fr\/wp-json\/wp\/v2\/product_tag?post=12366"}],"curies":[{"name":"wp","href":"https:\/\/api.w.org\/{rel}","templated":true}]}}