{"id":12383,"date":"2025-07-06T14:58:05","date_gmt":"2025-07-06T14:58:05","guid":{"rendered":"https:\/\/electro-precio.com\/?post_type=product&#038;p=12383"},"modified":"2025-07-06T15:06:48","modified_gmt":"2025-07-06T15:06:48","slug":"dji-neo-fly-more-combo","status":"publish","type":"product","link":"https:\/\/electro-precio.com\/fr\/product\/dji-neo-fly-more-combo\/","title":{"rendered":"DJI Neo Fly More Combo"},"content":{"rendered":"<table class=\"datasheet-list expanded\">\n<tbody>\n<tr class=\"datasheet-listItem datasheet-listItem--properties\">\n<td class=\"datasheet-listItemKey small-6 larger-4 columns\">Tipos de producto<\/td>\n<td class=\"datasheet-listItemValue small-6 larger-8 columns\">Dron con c\u00e1mara, Cuadric\u00f3ptero<\/td>\n<\/tr>\n<tr class=\"datasheet-listItem datasheet-listItem--properties\">\n<td class=\"datasheet-listItemKey small-6 larger-4 columns\">Uso<\/td>\n<td class=\"datasheet-listItemValue small-6 larger-8 columns\">v\u00eddeo<\/td>\n<\/tr>\n<tr class=\"datasheet-listItem datasheet-listItem--properties\">\n<td class=\"datasheet-listItemKey small-6 larger-4 columns\">Nivel de dificultad<\/td>\n<td class=\"datasheet-listItemValue small-6 larger-8 columns\">f\u00e1cil<\/td>\n<\/tr>\n<tr class=\"datasheet-listItem datasheet-listItem--properties\">\n<td class=\"datasheet-listItemKey small-6 larger-4 columns\">Fecha de lanzamiento<\/td>\n<td class=\"datasheet-listItemValue small-6 larger-8 columns\">2024<\/td>\n<\/tr>\n<\/tbody>\n<tbody>\n<tr class=\"datasheet-listItem datasheet-listItem--group\">\n<th>Modelo<\/th>\n<\/tr>\n<tr class=\"datasheet-listItem datasheet-listItem--properties\">\n<td class=\"datasheet-listItemKey small-6 larger-4 columns\">Tipo de maqueta<\/td>\n<td class=\"datasheet-listItemValue small-6 larger-8 columns\">RTF (Ready-to-Fly)<\/td>\n<\/tr>\n<tr class=\"datasheet-listItem datasheet-listItem--properties\">\n<td class=\"datasheet-listItemKey small-6 larger-4 columns\">Propulsi\u00f3n<\/td>\n<td class=\"datasheet-listItemValue small-6 larger-8 columns\">brushless<\/td>\n<\/tr>\n<tr class=\"datasheet-listItem datasheet-listItem--properties\">\n<td class=\"datasheet-listItemKey small-6 larger-4 columns\">Protecciones<\/td>\n<td class=\"datasheet-listItemValue small-6 larger-8 columns\">detecci\u00f3n de obst\u00e1culos, return home<\/td>\n<\/tr>\n<tr class=\"datasheet-listItem datasheet-listItem--properties\">\n<td class=\"datasheet-listItemKey small-6 larger-4 columns\">Funciones RC<\/td>\n<td class=\"datasheet-listItemValue small-6 larger-8 columns\">QuickShots, ActiveTrack, Follow Me<\/td>\n<\/tr>\n<tr class=\"datasheet-listItem datasheet-listItem--properties\">\n<td class=\"datasheet-listItemKey small-6 larger-4 columns\">Detecci\u00f3n de obst\u00e1culos<\/td>\n<td class=\"datasheet-listItemValue small-6 larger-8 columns\">abajo<\/td>\n<\/tr>\n<tr class=\"datasheet-listItem datasheet-listItem--properties\">\n<td class=\"datasheet-listItemKey small-6 larger-4 columns\">Sistemas de posicionamiento<\/td>\n<td class=\"datasheet-listItemValue small-6 larger-8 columns\">GPS, galileo, BeiDou<\/td>\n<\/tr>\n<tr class=\"datasheet-listItem datasheet-listItem--properties\">\n<td class=\"datasheet-listItemKey small-6 larger-4 columns\">Velocidad m\u00e1xima<\/td>\n<td class=\"datasheet-listItemValue small-6 larger-8 columns\">58\u00a0km\/h \/ 16\u00a0m\/s<\/td>\n<\/tr>\n<tr class=\"datasheet-listItem datasheet-listItem--properties\">\n<td class=\"datasheet-listItemKey small-6 larger-4 columns\">Temperatura de funcionamiento<\/td>\n<td class=\"datasheet-listItemValue small-6 larger-8 columns\">+10 hasta +40\u00a0\u00b0C<\/td>\n<\/tr>\n<tr class=\"datasheet-listItem datasheet-listItem--properties\">\n<td class=\"datasheet-listItemKey small-6 larger-4 columns\">Altura m\u00e1xima de vuelo<\/td>\n<td class=\"datasheet-listItemValue small-6 larger-8 columns\">2.000\u00a0m<\/td>\n<\/tr>\n<tr class=\"datasheet-listItem datasheet-listItem--properties\">\n<td class=\"datasheet-listItemKey small-6 larger-4 columns\">Velocidad de bajada<\/td>\n<td class=\"datasheet-listItemValue small-6 larger-8 columns\">2\u00a0m\/s<\/td>\n<\/tr>\n<tr class=\"datasheet-listItem datasheet-listItem--properties datasheet-listItem--collapsible\">\n<td class=\"datasheet-listItemKey small-6 larger-4 columns\">Velocidad de subida<\/td>\n<td class=\"datasheet-listItemValue small-6 larger-8 columns\">3\u00a0m\/s<\/td>\n<\/tr>\n<tr class=\"datasheet-listItem datasheet-listItem--properties datasheet-listItem--collapsible\">\n<td class=\"datasheet-listItemKey small-6 larger-4 columns\">Art\u00edculo incluido<\/td>\n<td class=\"datasheet-listItemValue small-6 larger-8 columns\">control remoto<\/td>\n<\/tr>\n<tr class=\"datasheet-listItem datasheet-listItem--properties datasheet-listItem--collapsible\">\n<td class=\"datasheet-listItemKey small-6 larger-4 columns\">Longitud<\/td>\n<td class=\"datasheet-listItemValue small-6 larger-8 columns\">135\u00a0mm<\/td>\n<\/tr>\n<tr class=\"datasheet-listItem datasheet-listItem--properties datasheet-listItem--collapsible\">\n<td class=\"datasheet-listItemKey small-6 larger-4 columns\">Peso<\/td>\n<td class=\"datasheet-listItemValue small-6 larger-8 columns\">135\u00a0g<\/td>\n<\/tr>\n<tr class=\"datasheet-listItem datasheet-listItem--properties datasheet-listItem--collapsible\">\n<td class=\"datasheet-listItemKey small-6 larger-4 columns\">Anchura<\/td>\n<td class=\"datasheet-listItemValue small-6 larger-8 columns\">157\u00a0mm<\/td>\n<\/tr>\n<tr class=\"datasheet-listItem datasheet-listItem--properties datasheet-listItem--collapsible\">\n<td class=\"datasheet-listItemKey small-6 larger-4 columns\">Altura<\/td>\n<td class=\"datasheet-listItemValue small-6 larger-8 columns\">49\u00a0mm<\/td>\n<\/tr>\n<tr class=\"datasheet-listItem datasheet-listItem--properties datasheet-listItem--collapsible\">\n<td class=\"datasheet-listItemKey small-6 larger-4 columns\">Resistencia al viento<\/td>\n<td class=\"datasheet-listItemValue small-6 larger-8 columns\">8\u00a0m\/s<\/td>\n<\/tr>\n<tr class=\"datasheet-listItem datasheet-listItem--properties datasheet-listItem--collapsible\">\n<td class=\"datasheet-listItemKey small-6 larger-4 columns\">Material de la estructura<\/td>\n<td class=\"datasheet-listItemValue small-6 larger-8 columns\">pl\u00e1stico<\/td>\n<\/tr>\n<tr class=\"datasheet-listItem datasheet-listItem--properties datasheet-listItem--collapsible\">\n<td class=\"datasheet-listItemKey small-6 larger-4 columns\">Color<\/td>\n<td class=\"datasheet-listItemValue small-6 larger-8 columns\">gris<\/td>\n<\/tr>\n<\/tbody>\n<tbody>\n<tr class=\"datasheet-listItem datasheet-listItem--group datasheet-listItem--collapsible\">\n<th>C\u00e1mara<\/th>\n<\/tr>\n<tr class=\"datasheet-listItem datasheet-listItem--properties datasheet-listItem--collapsible\">\n<td class=\"datasheet-listItemKey small-6 larger-4 columns\">Tipo de c\u00e1mara<\/td>\n<td class=\"datasheet-listItemValue small-6 larger-8 columns\">con c\u00e1mara integrada<\/td>\n<\/tr>\n<tr class=\"datasheet-listItem datasheet-listItem--properties datasheet-listItem--collapsible\">\n<td class=\"datasheet-listItemKey small-6 larger-4 columns\">N\u00famero de c\u00e1maras<\/td>\n<td class=\"datasheet-listItemValue small-6 larger-8 columns\">1<\/td>\n<\/tr>\n<tr class=\"datasheet-listItem datasheet-listItem--properties datasheet-listItem--collapsible\">\n<td class=\"datasheet-listItemKey small-6 larger-4 columns\">Rango ISO (foto)<\/td>\n<td class=\"datasheet-listItemValue small-6 larger-8 columns\">100 &#8211; 6.400<\/td>\n<\/tr>\n<tr class=\"datasheet-listItem datasheet-listItem--properties datasheet-listItem--collapsible\">\n<td class=\"datasheet-listItemKey small-6 larger-4 columns\">Rango ISO (v\u00eddeo)<\/td>\n<td class=\"datasheet-listItemValue small-6 larger-8 columns\">100 &#8211; 6.400<\/td>\n<\/tr>\n<tr class=\"datasheet-listItem datasheet-listItem--properties datasheet-listItem--collapsible\">\n<td class=\"datasheet-listItemKey small-6 larger-4 columns\">Velocidad de obturaci\u00f3n v\u00eddeo<\/td>\n<td class=\"datasheet-listItemValue small-6 larger-8 columns\">1\/30 &#8211; 1\/8000\u00a0s<\/td>\n<\/tr>\n<tr class=\"datasheet-listItem datasheet-listItem--properties datasheet-listItem--collapsible\">\n<td class=\"datasheet-listItemKey small-6 larger-4 columns\">Modo de captura<\/td>\n<td class=\"datasheet-listItemValue small-6 larger-8 columns\">video<\/td>\n<\/tr>\n<tr class=\"datasheet-listItem datasheet-listItem--properties datasheet-listItem--collapsible\">\n<td class=\"datasheet-listItemKey small-6 larger-4 columns\">Resoluci\u00f3n de v\u00eddeo<\/td>\n<td class=\"datasheet-listItemValue small-6 larger-8 columns\">UHD (4K): 4096x2160p<\/td>\n<\/tr>\n<tr class=\"datasheet-listItem datasheet-listItem--properties datasheet-listItem--collapsible\">\n<td class=\"datasheet-listItemKey small-6 larger-4 columns\">Visibilidad<\/td>\n<td class=\"datasheet-listItemValue small-6 larger-8 columns\">118\u00b0<\/td>\n<\/tr>\n<tr class=\"datasheet-listItem datasheet-listItem--properties datasheet-listItem--collapsible\">\n<td class=\"datasheet-listItemKey small-6 larger-4 columns\">Im\u00e1genes por segundo 4K<\/td>\n<td class=\"datasheet-listItemValue small-6 larger-8 columns\">30 fps<\/td>\n<\/tr>\n<tr class=\"datasheet-listItem datasheet-listItem--properties datasheet-listItem--collapsible\">\n<td class=\"datasheet-listItemKey small-6 larger-4 columns\">Formatos de imagen<\/td>\n<td class=\"datasheet-listItemValue small-6 larger-8 columns\">JPEG, MP4<\/td>\n<\/tr>\n<tr class=\"datasheet-listItem datasheet-listItem--properties datasheet-listItem--collapsible\">\n<td class=\"datasheet-listItemKey small-6 larger-4 columns\">Im\u00e1genes por segundo Full HD<\/td>\n<td class=\"datasheet-listItemValue small-6 larger-8 columns\">60 fps<\/td>\n<\/tr>\n<tr class=\"datasheet-listItem datasheet-listItem--properties datasheet-listItem--collapsible\">\n<td class=\"datasheet-listItemKey small-6 larger-4 columns\">Diafragma<\/td>\n<td class=\"datasheet-listItemValue small-6 larger-8 columns\">f\/2.8<\/td>\n<\/tr>\n<tr class=\"datasheet-listItem datasheet-listItem--properties datasheet-listItem--collapsible\">\n<td class=\"datasheet-listItemKey small-6 larger-4 columns\">Sensor<\/td>\n<td class=\"datasheet-listItemValue small-6 larger-8 columns\">1\/2&#8243; CMOS<\/td>\n<\/tr>\n<tr class=\"datasheet-listItem datasheet-listItem--properties datasheet-listItem--collapsible\">\n<td class=\"datasheet-listItemKey small-6 larger-4 columns\">Resoluci\u00f3n de foto<\/td>\n<td class=\"datasheet-listItemValue small-6 larger-8 columns\">12 MP<\/td>\n<\/tr>\n<tr class=\"datasheet-listItem datasheet-listItem--properties datasheet-listItem--collapsible\">\n<td class=\"datasheet-listItemKey small-6 larger-4 columns\">Intensidad luminosa<\/td>\n<td class=\"datasheet-listItemValue small-6 larger-8 columns\">2.8<\/td>\n<\/tr>\n<tr class=\"datasheet-listItem datasheet-listItem--properties datasheet-listItem--collapsible\">\n<td class=\"datasheet-listItemKey small-6 larger-4 columns\">Memoria interna<\/td>\n<td class=\"datasheet-listItemValue small-6 larger-8 columns\">22\u00a0GB<\/td>\n<\/tr>\n<tr class=\"datasheet-listItem datasheet-listItem--properties datasheet-listItem--collapsible\">\n<td class=\"datasheet-listItemKey small-6 larger-4 columns\">Opciones de configuraci\u00f3n<\/td>\n<td class=\"datasheet-listItemValue small-6 larger-8 columns\">exposici\u00f3n, obturador, balance de blancos, resoluci\u00f3n de v\u00eddeo, ISO<\/td>\n<\/tr>\n<tr class=\"datasheet-listItem datasheet-listItem--properties datasheet-listItem--collapsible\">\n<td class=\"datasheet-listItemKey small-6 larger-4 columns\">Gimbal<\/td>\n<td class=\"datasheet-listItemValue small-6 larger-8 columns\">mec\u00e1nico<\/td>\n<\/tr>\n<tr class=\"datasheet-listItem datasheet-listItem--properties datasheet-listItem--collapsible\">\n<td class=\"datasheet-listItemKey small-6 larger-4 columns\">Estabilizador de imagen electr\u00f3nico<\/td>\n<td class=\"datasheet-listItemValue small-6 larger-8 columns\">s\u00ed<\/td>\n<\/tr>\n<tr class=\"datasheet-listItem datasheet-listItem--properties datasheet-listItem--collapsible\">\n<td class=\"datasheet-listItemKey small-6 larger-4 columns\">Distancia focal<\/td>\n<td class=\"datasheet-listItemValue small-6 larger-8 columns\">14\u00a0mm<\/td>\n<\/tr>\n<\/tbody>\n<tbody>\n<tr class=\"datasheet-listItem datasheet-listItem--group datasheet-listItem--collapsible\">\n<th>Control remoto<\/th>\n<\/tr>\n<tr class=\"datasheet-listItem datasheet-listItem--properties datasheet-listItem--collapsible\">\n<td class=\"datasheet-listItemKey small-6 larger-4 columns\">Rangos de frecuencias<\/td>\n<td class=\"datasheet-listItemValue small-6 larger-8 columns\">2,4\u00a0GHz, 5,8\u00a0GHz<\/td>\n<\/tr>\n<tr class=\"datasheet-listItem datasheet-listItem--properties datasheet-listItem--collapsible\">\n<td class=\"datasheet-listItemKey small-6 larger-4 columns\">Alcance de transmisi\u00f3n de im\u00e1genes<\/td>\n<td class=\"datasheet-listItemValue small-6 larger-8 columns\">6.000\u00a0m<\/td>\n<\/tr>\n<\/tbody>\n<tbody>\n<tr class=\"datasheet-listItem datasheet-listItem--group datasheet-listItem--collapsible\">\n<th>Bater\u00eda vuelo<\/th>\n<\/tr>\n<tr class=\"datasheet-listItem datasheet-listItem--properties datasheet-listItem--collapsible\">\n<td class=\"datasheet-listItemKey small-6 larger-4 columns\">Tiempo de vuelo<\/td>\n<td class=\"datasheet-listItemValue small-6 larger-8 columns\">18\u00a0min<\/td>\n<\/tr>\n<tr class=\"datasheet-listItem datasheet-listItem--properties datasheet-listItem--collapsible\">\n<td class=\"datasheet-listItemKey small-6 larger-4 columns\">Tiempo de carga<\/td>\n<td class=\"datasheet-listItemValue small-6 larger-8 columns\">50\u00a0min<\/td>\n<\/tr>\n<tr class=\"datasheet-listItem datasheet-listItem--properties datasheet-listItem--collapsible\">\n<td class=\"datasheet-listItemKey small-6 larger-4 columns\">Energ\u00eda<\/td>\n<td class=\"datasheet-listItemValue small-6 larger-8 columns\">10,5\u00a0Wh<\/td>\n<\/tr>\n<tr class=\"datasheet-listItem datasheet-listItem--properties datasheet-listItem--collapsible\">\n<td class=\"datasheet-listItemKey small-6 larger-4 columns\">Peso de la bater\u00eda de vuelo<\/td>\n<td class=\"datasheet-listItemValue small-6 larger-8 columns\">45\u00a0g<\/td>\n<\/tr>\n<tr class=\"datasheet-listItem datasheet-listItem--properties datasheet-listItem--collapsible\">\n<td class=\"datasheet-listItemKey small-6 larger-4 columns\">Capacidad de la bater\u00eda<\/td>\n<td class=\"datasheet-listItemValue small-6 larger-8 columns\">1.435\u00a0mAh<\/td>\n<\/tr>\n<tr class=\"datasheet-listItem datasheet-listItem--properties datasheet-listItem--collapsible\">\n<td class=\"datasheet-listItemKey small-6 larger-4 columns\">Tipo de bater\u00eda<\/td>\n<td class=\"datasheet-listItemValue small-6 larger-8 columns\">Li-ion<\/td>\n<\/tr>\n<tr class=\"datasheet-listItem datasheet-listItem--properties datasheet-listItem--collapsible\">\n<td class=\"datasheet-listItemKey small-6 larger-4 columns\">Voltaje de la bater\u00eda<\/td>\n<td class=\"datasheet-listItemValue small-6 larger-8 columns\">7,3\u00a0V<\/td>\n<\/tr>\n<tr class=\"datasheet-listItem datasheet-listItem--properties datasheet-listItem--collapsible\">\n<td class=\"datasheet-listItemKey small-6 larger-4 columns\">Bater\u00eda intercambiable<\/td>\n<td class=\"datasheet-listItemValue small-6 larger-8 columns\">s\u00ed<\/td>\n<\/tr>\n<\/tbody>\n<tbody>\n<tr class=\"datasheet-listItem datasheet-listItem--group datasheet-listItem--collapsible\">\n<th>Cargador<\/th>\n<\/tr>\n<tr class=\"datasheet-listItem datasheet-listItem--properties datasheet-listItem--collapsible\">\n<td class=\"datasheet-listItemKey small-6 larger-4 columns\">Potencia<\/td>\n<td class=\"datasheet-listItemValue small-6 larger-8 columns\">65\u00a0W<\/td>\n<\/tr>\n<\/tbody>\n<tbody>\n<tr class=\"datasheet-listItem datasheet-listItem--group datasheet-listItem--collapsible\">\n<th>Advertencias<\/th>\n<\/tr>\n<tr class=\"datasheet-listItem datasheet-listItem--properties datasheet-listItem--collapsible\">\n<td class=\"datasheet-listItemKey small-6 larger-4 columns\">Atenci\u00f3n<\/td>\n<td class=\"datasheet-listItemValue small-6 larger-8 columns\">Respete la normativa vigente sobre el uso de drones.<\/td>\n<\/tr>\n<tr class=\"datasheet-listItem datasheet-listItem--properties datasheet-listItem--collapsible\">\n<td class=\"datasheet-listItemKey small-6 larger-4 columns\">Clase del dron<\/td>\n<td class=\"datasheet-listItemValue small-6 larger-8 columns\">C0<\/td>\n<\/tr>\n<\/tbody>\n<\/table>","protected":false},"excerpt":{"rendered":"<p><b>En resumen:<\/b>\u00a0<span class=\"oopStage-productInfoTopItem\">Velocidad m\u00e1xima\u00a058\u00a0km\/h\u00a0<\/span>\u00a0<span class=\"oopStage-productInfoTopItem\">Peso\u00a0135\u00a0g\u00a0<\/span>\u00a0<span class=\"oopStage-productInfoTopItem\">con c\u00e1mara integrada\u00a0<\/span>\u00a0<span class=\"oopStage-productInfoTopItem\">Tiempo de vuelo\u00a018\u00a0min\u00a0<\/span>\u00a0<span class=\"oopStage-productInfoTopItem\">Clase del dron\u00a0C0<\/span><\/p>","protected":false},"featured_media":12384,"comment_status":"open","ping_status":"closed","template":"","meta":[],"product_brand":[],"product_cat":[135],"product_tag":[],"class_list":{"0":"post-12383","1":"product","2":"type-product","3":"status-publish","4":"has-post-thumbnail","6":"product_cat-drones","8":"first","9":"instock","10":"shipping-taxable","11":"purchasable","12":"product-type-simple"},"_links":{"self":[{"href":"https:\/\/electro-precio.com\/fr\/wp-json\/wp\/v2\/product\/12383","targetHints":{"allow":["GET"]}}],"collection":[{"href":"https:\/\/electro-precio.com\/fr\/wp-json\/wp\/v2\/product"}],"about":[{"href":"https:\/\/electro-precio.com\/fr\/wp-json\/wp\/v2\/types\/product"}],"replies":[{"embeddable":true,"href":"https:\/\/electro-precio.com\/fr\/wp-json\/wp\/v2\/comments?post=12383"}],"wp:featuredmedia":[{"embeddable":true,"href":"https:\/\/electro-precio.com\/fr\/wp-json\/wp\/v2\/media\/12384"}],"wp:attachment":[{"href":"https:\/\/electro-precio.com\/fr\/wp-json\/wp\/v2\/media?parent=12383"}],"wp:term":[{"taxonomy":"product_brand","embeddable":true,"href":"https:\/\/electro-precio.com\/fr\/wp-json\/wp\/v2\/product_brand?post=12383"},{"taxonomy":"product_cat","embeddable":true,"href":"https:\/\/electro-precio.com\/fr\/wp-json\/wp\/v2\/product_cat?post=12383"},{"taxonomy":"product_tag","embeddable":true,"href":"https:\/\/electro-precio.com\/fr\/wp-json\/wp\/v2\/product_tag?post=12383"}],"curies":[{"name":"wp","href":"https:\/\/api.w.org\/{rel}","templated":true}]}}