{"id":12433,"date":"2025-07-08T06:45:09","date_gmt":"2025-07-08T06:45:09","guid":{"rendered":"https:\/\/electro-precio.com\/?post_type=product&#038;p=12433"},"modified":"2025-07-08T06:45:09","modified_gmt":"2025-07-08T06:45:09","slug":"patinete-electrico-smartgyro-lobo","status":"publish","type":"product","link":"https:\/\/electro-precio.com\/fr\/product\/patinete-electrico-smartgyro-lobo\/","title":{"rendered":"Patinete el\u00e9ctrico smartgyro Lobo"},"content":{"rendered":"<table>\n<tbody>\n<tr>\n<td colspan=\"2\">\n<h3><strong>Caracter\u00edsticas del patinete el\u00e9ctrico para ciudad smartGyro Lobo<br \/>\n<\/strong><\/h3>\n<\/td>\n<\/tr>\n<tr>\n<td><strong>MOTOR<\/strong><\/td>\n<td>Potente motor de transmisi\u00f3n directa Brushless de 500 W 36V<\/td>\n<\/tr>\n<tr>\n<td><strong>POTENCIA M\u00c1XIMA<\/strong><\/td>\n<td>Potencia nominal de 350W con potencia pico de 500W<\/td>\n<\/tr>\n<tr>\n<td><strong>SELECTOR DE VELOCIDAD<br \/>\n<\/strong><\/td>\n<td>Puedes seleccionar hasta 3 velocidades diferentes<\/td>\n<\/tr>\n<tr>\n<td><strong>RUEDAS<\/strong><\/td>\n<td>Ruedas neum\u00e1ticas delantera y trasera de 20&#8243; 16&#8243;<\/td>\n<\/tr>\n<tr>\n<td><strong>SUSPENSI\u00d3N<\/strong><\/td>\n<td>Suspensi\u00f3n en horquilla delantera, absorbe las irregularidades del terreno.<\/td>\n<\/tr>\n<tr>\n<td><strong>FRENOS<br \/>\n<\/strong><\/td>\n<td>Frenos de disco<\/td>\n<\/tr>\n<tr>\n<td><strong>VELOCIDAD<\/strong><\/td>\n<td>25 km\/h<\/td>\n<\/tr>\n<tr>\n<td><strong>AUTONOM\u00cdA<\/strong><\/td>\n<td>Hasta 45 km<\/td>\n<\/tr>\n<tr>\n<td><strong>BATER\u00cdA<\/strong><\/td>\n<td>Bater\u00eda de litio de 10000 mAh 36V<\/td>\n<\/tr>\n<tr>\n<td><strong>TIEMPO DE CARGA<\/strong><\/td>\n<td>Tiempo de carga m\u00e1xima de 5 h<\/td>\n<\/tr>\n<tr>\n<td><strong>ESTRUCTURA<\/strong><\/td>\n<td>Estructura resistente de aluminio con amplia base, altura del manillar ajustable y pata de cabra.<\/td>\n<\/tr>\n<tr>\n<td><strong>DISPLAY<\/strong><\/td>\n<td>Display indicativo de Km\/hora, distancia recorrida, duraci\u00f3n de bater\u00eda y muchas m\u00e1s funciones.<\/td>\n<\/tr>\n<tr>\n<td><strong>LUCES<\/strong><\/td>\n<td>Foco de LED delantero y luz de freno trasera para m\u00e1xima visibilidad.<\/td>\n<\/tr>\n<tr>\n<td><strong>APAGADO<\/strong><\/td>\n<td>Smart Energy Saving (Apagado Autom\u00e1tico)<\/td>\n<\/tr>\n<tr>\n<td><strong>PESO PERMITIDO<\/strong><\/td>\n<td>M\u00e1ximo peso permitido de hasta 120 kgs<\/td>\n<\/tr>\n<tr>\n<td><strong>DIMENSIONES<\/strong><\/td>\n<td>156*108-118*60 cm \/ Peso: 20 kgs.<\/td>\n<\/tr>\n<tr>\n<td><strong>PESO DE LA UNIDAD<\/strong><\/td>\n<td>20 Kg<\/td>\n<\/tr>\n<tr>\n<td><strong>Incluye<\/strong><\/td>\n<td>Cargador y manual de instrucciones<\/td>\n<\/tr>\n<tr>\n<td><strong>Otros<\/strong><\/td>\n<td>Resistencia al agua IPX4: impermeabilidad est\u00e1ndar, puede ser utilizado con lluvia ligera. Medidas de seguridad: Protecci\u00f3n contra sobrepresi\u00f3n, bajo voltaje, cortocircuito y sobrecalentamiento.<\/td>\n<\/tr>\n<\/tbody>\n<\/table>\n<p>Estos datos pueden variar dependiendo de la velocidad, peso de la persona y carga de la unidad (rango t\u00edpico: carga m\u00e1xima, 75 kg de carga, 25\u00baC y a un 60% de velocidad m\u00e1xima promedio en superficie plana)<\/p>","protected":false},"excerpt":{"rendered":"<h2 class=\"subtitulo\">Patinete el\u00e9ctrico con ruedas de 20&#8243; y 16&#8243; smartgyro Lobo.<\/h2>\n<p>Te traemos un\u00a0nuevo concepto de veh\u00edculo el\u00e9ctrico\u00a0que combina las mejores ventajas de la bicicleta el\u00e9ctrica y el pat\u00edn el\u00e9ctrico. Smartgyro Lobo cuenta con\u00a0unas ruedas neum\u00e1ticas\u00a0que har\u00e1 que darte un paseo sea una experiencia agradable y c\u00f3moda. Unido a una\u00a0bater\u00eda de 10.000 mAh,\u00a0un\u00a0motor de una potencia m\u00e1xima de 500W\u00a0y una\u00a0base muy amplia,\u00a0tu confort, seguridad y manejo ser\u00e1 una experiencia gratificante y divertida.<\/p>","protected":false},"featured_media":12434,"comment_status":"open","ping_status":"closed","template":"","meta":[],"product_brand":[],"product_cat":[137],"product_tag":[],"class_list":{"0":"post-12433","1":"product","2":"type-product","3":"status-publish","4":"has-post-thumbnail","6":"product_cat-patinetes-electricos","8":"first","9":"instock","10":"sale","11":"shipping-taxable","12":"purchasable","13":"product-type-simple"},"_links":{"self":[{"href":"https:\/\/electro-precio.com\/fr\/wp-json\/wp\/v2\/product\/12433","targetHints":{"allow":["GET"]}}],"collection":[{"href":"https:\/\/electro-precio.com\/fr\/wp-json\/wp\/v2\/product"}],"about":[{"href":"https:\/\/electro-precio.com\/fr\/wp-json\/wp\/v2\/types\/product"}],"replies":[{"embeddable":true,"href":"https:\/\/electro-precio.com\/fr\/wp-json\/wp\/v2\/comments?post=12433"}],"wp:featuredmedia":[{"embeddable":true,"href":"https:\/\/electro-precio.com\/fr\/wp-json\/wp\/v2\/media\/12434"}],"wp:attachment":[{"href":"https:\/\/electro-precio.com\/fr\/wp-json\/wp\/v2\/media?parent=12433"}],"wp:term":[{"taxonomy":"product_brand","embeddable":true,"href":"https:\/\/electro-precio.com\/fr\/wp-json\/wp\/v2\/product_brand?post=12433"},{"taxonomy":"product_cat","embeddable":true,"href":"https:\/\/electro-precio.com\/fr\/wp-json\/wp\/v2\/product_cat?post=12433"},{"taxonomy":"product_tag","embeddable":true,"href":"https:\/\/electro-precio.com\/fr\/wp-json\/wp\/v2\/product_tag?post=12433"}],"curies":[{"name":"wp","href":"https:\/\/api.w.org\/{rel}","templated":true}]}}