{"id":12440,"date":"2025-07-08T06:54:16","date_gmt":"2025-07-08T06:54:16","guid":{"rendered":"https:\/\/electro-precio.com\/?post_type=product&#038;p=12440"},"modified":"2025-07-08T06:54:16","modified_gmt":"2025-07-08T06:54:16","slug":"skateflash-urban-1-0","status":"publish","type":"product","link":"https:\/\/electro-precio.com\/fr\/product\/skateflash-urban-1-0\/","title":{"rendered":"Skateflash Urban 1.0"},"content":{"rendered":"<h2>Caracter\u00edsticas:<\/h2>\n<ul>\n<li><strong>Agilidad urbana.<\/strong>\u00a0Disfruta de la movilidad urbana como nunca gracias a su potente motor de 350W que consigue una velocidad m\u00e1xima de 25km\/h. Su cuadro de acero y sus ruedas de 8&#8243; te permitir\u00e1n moverte con agilidad en tus desplazamientos diarios. Luz Frontal y suspensi\u00f3n delantera.<\/li>\n<li><strong>Autonom\u00eda para tu vida.<\/strong>\u00a0Su bater\u00eda logra una amplia autonom\u00eda para recorrer hasta 25 Km, por lo que podr\u00e1s moverte a donde necesites sin problemas.<\/li>\n<li><strong>F\u00e1cil de transportar.<\/strong>\u00a0Con un sistema totalmente plegable el patinete el\u00e9ctrico SK Urban 1.0 de Skateflash es el transporte urbano perfecto para acompa\u00f1arte en tus desplazamientos con estilo y comodidad.<\/li>\n<\/ul>\n<h2>Especificaciones Skateflash SK Urban 1.0 V2:<\/h2>\n<ul>\n<li>Certificados: CE \/ FCC \/ RoHS<\/li>\n<li>Modelo &#8211; Potencia: Urban 1.0 350W<\/li>\n<li>Dimensiones: 94x21x116 cm<\/li>\n<li>Bater\u00eda: Lithium Battery 36V\/6.6 Ah<\/li>\n<li>Autonom\u00eda: Hasta 25 Km<\/li>\n<li>Velocidad: 25 Km\/h<\/li>\n<li>Pulgadas: 8&#8243;<\/li>\n<li>Ruedas Neum\u00e1ticas: R\u00edgidas Antipinchazos<\/li>\n<li>Frenos: Freno magn\u00e9tico<\/li>\n<li>Peso: 11 Kg<\/li>\n<li>Carga M\u00e1xima: 120 Kg<\/li>\n<li>Suspensiones: Delantera<\/li>\n<li>Colores: Negro<\/li>\n<li>Pendiente M\u00e1xima: 14\u00ba<\/li>\n<li>Normativa VMP: Tipo B<\/li>\n<\/ul>","protected":false},"excerpt":{"rendered":"<ul>\n<li>Velocidad m\u00e1xima:\u00a0<strong>25 kmh<\/strong><\/li>\n<li>Peso m\u00e1ximo de<strong>\u00a0carga: 120 kg.<\/strong><\/li>\n<li>Capacidad de\u00a0<strong>bater\u00eda: 7500 mAh<\/strong><\/li>\n<li>Potencia del\u00a0<strong>motor: 350 W<\/strong><\/li>\n<li>Voltaje de la pila:\u00a0<strong>36 V.<\/strong><\/li>\n<li>Ancho: 950 mm<\/li>\n<li>Profundidad: 440 mm<\/li>\n<li>Altura: 1120 mm<\/li>\n<\/ul>","protected":false},"featured_media":12441,"comment_status":"open","ping_status":"closed","template":"","meta":[],"product_brand":[],"product_cat":[137],"product_tag":[],"class_list":{"0":"post-12440","1":"product","2":"type-product","3":"status-publish","4":"has-post-thumbnail","6":"product_cat-patinetes-electricos","8":"first","9":"instock","10":"sale","11":"shipping-taxable","12":"purchasable","13":"product-type-simple"},"_links":{"self":[{"href":"https:\/\/electro-precio.com\/fr\/wp-json\/wp\/v2\/product\/12440","targetHints":{"allow":["GET"]}}],"collection":[{"href":"https:\/\/electro-precio.com\/fr\/wp-json\/wp\/v2\/product"}],"about":[{"href":"https:\/\/electro-precio.com\/fr\/wp-json\/wp\/v2\/types\/product"}],"replies":[{"embeddable":true,"href":"https:\/\/electro-precio.com\/fr\/wp-json\/wp\/v2\/comments?post=12440"}],"wp:featuredmedia":[{"embeddable":true,"href":"https:\/\/electro-precio.com\/fr\/wp-json\/wp\/v2\/media\/12441"}],"wp:attachment":[{"href":"https:\/\/electro-precio.com\/fr\/wp-json\/wp\/v2\/media?parent=12440"}],"wp:term":[{"taxonomy":"product_brand","embeddable":true,"href":"https:\/\/electro-precio.com\/fr\/wp-json\/wp\/v2\/product_brand?post=12440"},{"taxonomy":"product_cat","embeddable":true,"href":"https:\/\/electro-precio.com\/fr\/wp-json\/wp\/v2\/product_cat?post=12440"},{"taxonomy":"product_tag","embeddable":true,"href":"https:\/\/electro-precio.com\/fr\/wp-json\/wp\/v2\/product_tag?post=12440"}],"curies":[{"name":"wp","href":"https:\/\/api.w.org\/{rel}","templated":true}]}}