{"id":12444,"date":"2025-07-08T07:01:45","date_gmt":"2025-07-08T07:01:45","guid":{"rendered":"https:\/\/electro-precio.com\/?post_type=product&#038;p=12444"},"modified":"2025-07-08T07:06:55","modified_gmt":"2025-07-08T07:06:55","slug":"smartgyro-z-one-certificado","status":"publish","type":"product","link":"https:\/\/electro-precio.com\/fr\/product\/smartgyro-z-one-certificado\/","title":{"rendered":"SmartGyro Z-One Certificado"},"content":{"rendered":"<p>SmartGyro Z-One es un pat\u00edn el\u00e9ctrico ligero, c\u00f3modo, potente,\u00a0haci\u00e9ndolo mucho m\u00e1s c\u00f3modo en terrenos irregulares y baches en la calzada.<\/p>\n<p>Descubre un pat\u00edn el\u00e9ctrico emocionante: estilo, diversi\u00f3n, dinamismo y movilidad. Nuestro pat\u00edn el\u00e9ctrico combina un dise\u00f1o moderno con un motor potente de 36V y una bater\u00eda de 8.000 mAh para garantizar una experiencia de conducci\u00f3n segura, din\u00e1mica y suave. Con luces LED frontales, intermitentes delanteros ubicados en el manillar, luz de freno trasera, frenos de alta calidad y una estructura muy ligera, ideal para subirlo al metro autob\u00fas.\u00a0 Este pat\u00edn el\u00e9ctrico es perfecto para\u00a0 adolescentes.\u00a0\u00a1Haz que los desplazamientos diarios sean una aventura llena de diversi\u00f3n!<\/p>\n<p>Una nueva alternativa para desplazarte y acompa\u00f1arte all\u00e1 donde vayas. Con su facilidad de uso, ruedas de 10\u201d neum\u00e1ticas con una perfecta calidad de rodadura, cruzar\u00e1s la ciudad de forma econ\u00f3mica y ecol\u00f3gica. Es compatible con una App donde podr\u00e1s ver, distancia recorrida, porcentaje de carga, km totales y muchas m\u00e1s funciones como el bloqueo del pat\u00edn a distancia.<\/p>\n<p>Caracter\u00edsticas de smartgyro Z-One:<\/p>\n<ul>\n<li>Ruedas neum\u00e1ticas de 10&#8243;\u00a0que absorbe todas las imperfecciones de la calzada para una mejor sensaci\u00f3n en la conducci\u00f3n,\u00a0mayor confort y mayor seguridad.<\/li>\n<li>Potente Motor Brushless de 36V,\u00a0potencia nominal de 350W (m\u00e1xima de 400W)\u00a0con transmisi\u00f3n directa\u00a0(sin empleo de cadenas ni correas) mayor aceleraci\u00f3n, mantenimiento cero y evita aver\u00edas.<\/li>\n<li>Sistema de control de crucero\u00a0CCS.<\/li>\n<li>Regeneraci\u00f3n energ\u00e9tica:\u00a0con el freno electr\u00f3nico que incorpora, aprovecha las inercias de la retenci\u00f3n y la bater\u00eda se carga gracias a la energ\u00eda cin\u00e9tica procedente de la frenada. As\u00ed se minimiza el desgaste de los frenos, aumentando la autonom\u00eda y reduciendo significativamente la distancia necesaria para el frenado y, por lo tanto, la seguridad.<\/li>\n<li>Triple frenada: Freno delantero el\u00e9ctrico, freno trasero de disco y frenada regenerativa. Con el novedoso sistema de frenado \u201cRegenera\u201d que act\u00faa presionando la maneta de freno el\u00e9ctrico independiente, la energ\u00eda de frenado es convertida en electricidad y se almacena en la bater\u00eda del patinete para su posterior uso.<\/li>\n<li>Ruedas de 10\u201d neum\u00e1ticas\u00a0que por su di\u00e1metro mejora la seguridad en curvas, optimiza la duraci\u00f3n de la bater\u00eda y mejora el confort de marcha.<\/li>\n<li>Alcanza una\u00a0velocidad m\u00e1xima de 25 kms por hora. 3 velocidades.<\/li>\n<li>Bater\u00eda de litio 36v \/ 8.000 mAh BMS.<\/li>\n<li>Tiempo de carga m\u00e1xima de 4 horas.<\/li>\n<li>Permite una\u00a0autonom\u00eda de hasta 30 kms\u00a0(*puede variar seg\u00fan peso de la persona, tipo de carga, inclinaci\u00f3n del recorrido, etc&#8230;)<\/li>\n<li>Luces:\u00a0Luz de posici\u00f3n fronta (4 LEDS)\u00a0de alta luminosidad, luces leds en la base que se proyectan en el suelo y luz de freno trasero para que te vean mientras circulas.<\/li>\n<li>Intermitentes integrados en cada extremo del manillar y en parte trasera.<\/li>\n<li>Display frontal (cuentakil\u00f3metros parcial y total, marchas, indicador de velocidad, etc&#8230;)<\/li>\n<li>Empu\u00f1aduras resistentes y antideslizantes.<\/li>\n<li>Estructura plegable de aluminio con pata de cabra\u00a0y con la base y la barra m\u00e1s anchas y largas para hacer el pat\u00edn mucho m\u00e1s c\u00f3modo.<\/li>\n<li>Sistema de cierre 2.0 de nueva generaci\u00f3n.\u00a0Nuevo sistema de plegado con doble anclaje de ajuste del m\u00e1stil que evita holgura y aumenta la seguridad.<\/li>\n<li>Faros con\u00a04 potentes leds integrados en un moderno dise\u00f1o y luces de posici\u00f3n.\u00a0Ver\u00e1s mejor, pero tambi\u00e9n ser\u00e1s visto antes por otros conductores.<\/li>\n<li>Luces de cortes\u00eda de color azul hacia el suelo que aumenta la visibilidad 360\u00ba tanto a conductores como a viandantes.<\/li>\n<li>M\u00e1ximo peso permitido, hasta 100 kgs.<\/li>\n<li>Resistencia al agua IPX4: impermeabilidad est\u00e1ndar, puede ser utilizado con lluvia ligera.<\/li>\n<li>Medidas de seguridad: Protecci\u00f3n contra sobrepresi\u00f3n, bajo voltaje, cortocircuito y sobrecalentamiento.<\/li>\n<li>Sistema inteligente y funciones:\u00a0APP para tel\u00e9fono m\u00f3vil, podr\u00e1s ver informaci\u00f3n del SmartGyro en el m\u00f3vil, modo de ajuste, acumulaci\u00f3n de kil\u00f3metros, distancia recorrida, estado de la bater\u00eda, etc. y viene\u00a0con funci\u00f3n de bloqueo a distancia.<\/li>\n<li>Estructura plegable y ligera 112x58x108 cm (largo x ancho x alto)\/ Peso 13 Kg<\/li>\n<li>Patinete el\u00e9ctrico Homologado por la DGT con placa identificativa. Cumple con los requisitos de la nueva normativa de circulaci\u00f3n.<\/li>\n<\/ul>\n<p>Estos datos pueden variar dependiendo de la velocidad, peso de la persona y carga de la unidad (rango t\u00edpico: carga m\u00e1xima, 75 kg de carga, 25\u00baC y a un 60% de velocidad m\u00e1xima promedio en superficie plana)<\/p>","protected":false},"excerpt":{"rendered":"<h2>Patinete el\u00e9ctrico certificado:<\/h2>\n<ul>\n<li>Potencia m\u00e1xima de 400W 36V<\/li>\n<li>Bater\u00eda de litio de 8.000 mAh<\/li>\n<li>30 km de autonom\u00eda<\/li>\n<li>Ruedas de 10&#8243; neum\u00e1ticas<\/li>\n<li>Triple frenada<\/li>\n<li>Intermitentes<\/li>\n<li>APP compatible: smartGyro Z-One<\/li>\n<\/ul>","protected":false},"featured_media":12445,"comment_status":"open","ping_status":"closed","template":"","meta":[],"product_brand":[],"product_cat":[137],"product_tag":[],"class_list":{"0":"post-12444","1":"product","2":"type-product","3":"status-publish","4":"has-post-thumbnail","6":"product_cat-patinetes-electricos","8":"first","9":"instock","10":"sale","11":"shipping-taxable","12":"purchasable","13":"product-type-simple"},"_links":{"self":[{"href":"https:\/\/electro-precio.com\/fr\/wp-json\/wp\/v2\/product\/12444","targetHints":{"allow":["GET"]}}],"collection":[{"href":"https:\/\/electro-precio.com\/fr\/wp-json\/wp\/v2\/product"}],"about":[{"href":"https:\/\/electro-precio.com\/fr\/wp-json\/wp\/v2\/types\/product"}],"replies":[{"embeddable":true,"href":"https:\/\/electro-precio.com\/fr\/wp-json\/wp\/v2\/comments?post=12444"}],"wp:featuredmedia":[{"embeddable":true,"href":"https:\/\/electro-precio.com\/fr\/wp-json\/wp\/v2\/media\/12445"}],"wp:attachment":[{"href":"https:\/\/electro-precio.com\/fr\/wp-json\/wp\/v2\/media?parent=12444"}],"wp:term":[{"taxonomy":"product_brand","embeddable":true,"href":"https:\/\/electro-precio.com\/fr\/wp-json\/wp\/v2\/product_brand?post=12444"},{"taxonomy":"product_cat","embeddable":true,"href":"https:\/\/electro-precio.com\/fr\/wp-json\/wp\/v2\/product_cat?post=12444"},{"taxonomy":"product_tag","embeddable":true,"href":"https:\/\/electro-precio.com\/fr\/wp-json\/wp\/v2\/product_tag?post=12444"}],"curies":[{"name":"wp","href":"https:\/\/api.w.org\/{rel}","templated":true}]}}