{"id":12447,"date":"2025-07-08T07:27:58","date_gmt":"2025-07-08T07:27:58","guid":{"rendered":"https:\/\/electro-precio.com\/?post_type=product&#038;p=12447"},"modified":"2025-07-08T07:27:58","modified_gmt":"2025-07-08T07:27:58","slug":"smartgyro-e-xplorer","status":"publish","type":"product","link":"https:\/\/electro-precio.com\/fr\/product\/smartgyro-e-xplorer\/","title":{"rendered":"Smartgyro e-Xplorer"},"content":{"rendered":"<p>Un pat\u00edn el\u00e9ctrico potente\u00a0de 800w\u00a0acompa\u00f1ado de materiales muy resistentes y una estructura plegable pensada para mejorar la maniobrabilidad y llevarlo por todo tipo de caminos.<\/p>\n<p>e-Xplorer\u00a0es un nuevo concepto de\u00a0veh\u00edculo el\u00e9ctrico potente\u00a0con un dise\u00f1o rompedor, un\u00a0motor de transmisi\u00f3n directa de 800W\u00a0y amplia autonom\u00eda gracias a una\u00a0bater\u00eda de 13.000 mAh 48V extra\u00edble\u00a0con la que\u00a0podr\u00e1s recorrer unos 45 Km. Su rigidez y durabilidad es debido a un\u00a0chasis s\u00faper resistente que se mueve perfectamente por terrenos irregulares y bacheados sin apenas inmutarse.<\/p>\n<p>Su potente frenada est\u00e1 a la altura del conjunto,\u00a0equipando disco de freno delantero y trasero\u00a0que frenar\u00e1 el pat\u00edn el\u00e9ctrico eXplorer en un instante con unas ruedas neum\u00e1ticas de 10&#8243; aptas para todo tipo de terrenos; su dise\u00f1o de cubierta mediante tacos hacen que se tenga agarre en cualquier tipo de pistas.<\/p>\n<p>Incorpora un completo display multifunci\u00f3n y un asiento compatible que est\u00e1 incluido dentro de la caja.<\/p>\n<p>\u00a1Para el campo o la ciudad!<\/p>\n<p>Importante: La bater\u00eda debe ser cargada con su cable y cargador original, tanto montada como desmontada del pat\u00edn (NO UTILIZAR otro cable de 3 pines tipo PC directamente conectado a la bater\u00eda, puede romperla).<\/p>\n<table width=\"618\">\n<tbody>\n<tr>\n<td>Modelo del pat\u00edn el\u00e9ctrico<\/td>\n<td>Smartgyro e-Xplorer<\/td>\n<\/tr>\n<tr>\n<td>Potencia<\/td>\n<td>Potencia m\u00e1xima 800W (pot. nominal 500W) 48V<\/td>\n<\/tr>\n<tr>\n<td>Velocidad M\u00e1xima<\/td>\n<td>Velocidad limitada por ley a 25Km\/h<\/td>\n<\/tr>\n<tr>\n<td>Velocidades<\/td>\n<td>3 Marchas<\/td>\n<\/tr>\n<tr>\n<td>Bater\u00eda(extra\u00edble)<\/td>\n<td>Litio 13.000 mAH 48V<\/td>\n<\/tr>\n<tr>\n<td>Autonom\u00eda<\/td>\n<td>De 40 a 45 Km<\/td>\n<\/tr>\n<tr>\n<td>Ruedas<\/td>\n<td>10&#8243; Neum\u00e1ticas<\/td>\n<\/tr>\n<tr>\n<td>Frenos<\/td>\n<td>Freno delantero y trasero de disco<\/td>\n<\/tr>\n<tr>\n<td>Luces Led<\/td>\n<td>Foco frontal y luces de freno<\/td>\n<\/tr>\n<tr>\n<td>Composici\u00f3n<\/td>\n<td>Acero m\u00e1s ABS<\/td>\n<\/tr>\n<\/tbody>\n<\/table>\n<p>&nbsp;<\/p>\n<section class=\"product-features\">\n<dl class=\"data-sheet\">\n<dt class=\"name\"><\/dt>\n<dt class=\"name\">Otros<\/dt>\n<dd class=\"value\">Al comprar este pat\u00edn, recibir\u00e1s un asiento de regalo. Le recordamos que no se puede circular con el asiento instalado en la v\u00eda p\u00fablica. Utilice el asiento, solo para circular en el interior de propiedades privadas<\/dd>\n<\/dl>\n<\/section>","protected":false},"excerpt":{"rendered":"<ul>\n<li>Motor\u00a0<strong>800w<\/strong><\/li>\n<li>Bater\u00eda de\u00a0<strong>13.000 mAh 48V extra\u00edble<\/strong><\/li>\n<li>Autonom\u00eda\u00a0<strong>45 km<\/strong><\/li>\n<li><strong>Discos de freno<\/strong>\u00a0delantero y trasero<\/li>\n<li>Ruedas de\u00a0<strong>10&#8243;<\/strong><\/li>\n<li><strong>Asiento<\/strong>\u00a0compatible\u00a0<strong>incluido<\/strong><\/li>\n<li>Dimensiones y peso: Desplegado:\u00a0<strong>113X119X59<\/strong>\u00a0Plegado:\u00a0<strong>113X54,5X59 \/ 26 Kg<\/strong><\/li>\n<li><strong>Doble suspensi\u00f3n trasera<\/strong><\/li>\n<li><strong>Suspensi\u00f3n delantera<\/strong><\/li>\n<\/ul>","protected":false},"featured_media":12449,"comment_status":"open","ping_status":"closed","template":"","meta":[],"product_brand":[],"product_cat":[137],"product_tag":[],"class_list":{"0":"post-12447","1":"product","2":"type-product","3":"status-publish","4":"has-post-thumbnail","6":"product_cat-patinetes-electricos","8":"first","9":"instock","10":"sale","11":"shipping-taxable","12":"purchasable","13":"product-type-simple"},"_links":{"self":[{"href":"https:\/\/electro-precio.com\/fr\/wp-json\/wp\/v2\/product\/12447","targetHints":{"allow":["GET"]}}],"collection":[{"href":"https:\/\/electro-precio.com\/fr\/wp-json\/wp\/v2\/product"}],"about":[{"href":"https:\/\/electro-precio.com\/fr\/wp-json\/wp\/v2\/types\/product"}],"replies":[{"embeddable":true,"href":"https:\/\/electro-precio.com\/fr\/wp-json\/wp\/v2\/comments?post=12447"}],"wp:featuredmedia":[{"embeddable":true,"href":"https:\/\/electro-precio.com\/fr\/wp-json\/wp\/v2\/media\/12449"}],"wp:attachment":[{"href":"https:\/\/electro-precio.com\/fr\/wp-json\/wp\/v2\/media?parent=12447"}],"wp:term":[{"taxonomy":"product_brand","embeddable":true,"href":"https:\/\/electro-precio.com\/fr\/wp-json\/wp\/v2\/product_brand?post=12447"},{"taxonomy":"product_cat","embeddable":true,"href":"https:\/\/electro-precio.com\/fr\/wp-json\/wp\/v2\/product_cat?post=12447"},{"taxonomy":"product_tag","embeddable":true,"href":"https:\/\/electro-precio.com\/fr\/wp-json\/wp\/v2\/product_tag?post=12447"}],"curies":[{"name":"wp","href":"https:\/\/api.w.org\/{rel}","templated":true}]}}