{"id":12546,"date":"2025-07-11T11:45:19","date_gmt":"2025-07-11T11:45:19","guid":{"rendered":"https:\/\/electro-precio.com\/?post_type=product&#038;p=12546"},"modified":"2025-07-11T11:45:19","modified_gmt":"2025-07-11T11:45:19","slug":"lavavajillas-integrable-bosch-smv4ecx28e","status":"publish","type":"product","link":"https:\/\/electro-precio.com\/fr\/product\/lavavajillas-integrable-bosch-smv4ecx28e\/","title":{"rendered":"Lavavajillas Integrable Bosch SMV4ECX28E"},"content":{"rendered":"<table class=\"datasheet-list expanded\">\n<tbody>\n<tr class=\"datasheet-listItem datasheet-listItem--properties\">\n<td class=\"datasheet-listItemKey small-6 larger-4 columns\">Tipo de producto<\/td>\n<td class=\"datasheet-listItemValue small-6 larger-8 columns\">Lavavajillas integrable<\/td>\n<\/tr>\n<tr class=\"datasheet-listItem datasheet-listItem--properties\">\n<td class=\"datasheet-listItemKey small-6 larger-4 columns\">Posici\u00f3n elemento de control<\/td>\n<td class=\"datasheet-listItemValue small-6 larger-8 columns\">frontal, interna<\/td>\n<\/tr>\n<\/tbody>\n<tbody>\n<tr class=\"datasheet-listItem datasheet-listItem--group\">\n<th>Tipo de construcci\u00f3n<\/th>\n<\/tr>\n<tr class=\"datasheet-listItem datasheet-listItem--properties\">\n<td class=\"datasheet-listItemKey small-6 larger-4 columns\">Tipo de construcci\u00f3n<\/td>\n<td class=\"datasheet-listItemValue small-6 larger-8 columns\">integrable completamente<\/td>\n<\/tr>\n<tr class=\"datasheet-listItem datasheet-listItem--properties\">\n<td class=\"datasheet-listItemKey small-6 larger-4 columns\">Color de la carcasa<\/td>\n<td class=\"datasheet-listItemValue small-6 larger-8 columns\">blanco<\/td>\n<\/tr>\n<\/tbody>\n<tbody>\n<tr class=\"datasheet-listItem datasheet-listItem--group\">\n<th>Informaci\u00f3n energ\u00e9tica<\/th>\n<\/tr>\n<tr class=\"datasheet-listItem datasheet-listItem--properties\">\n<td class=\"datasheet-listItemKey small-6 larger-4 columns\">Clase de eficiencia energ\u00e9tica<\/td>\n<td class=\"datasheet-listItemValue small-6 larger-8 columns\">clase A<\/td>\n<\/tr>\n<tr class=\"datasheet-listItem datasheet-listItem--properties\">\n<td class=\"datasheet-listItemKey small-6 larger-4 columns\">Consumo energ\u00e9tico programa eco<\/td>\n<td class=\"datasheet-listItemValue small-6 larger-8 columns\">54\u00a0kWh\/100 ciclos<\/td>\n<\/tr>\n<tr class=\"datasheet-listItem datasheet-listItem--properties\">\n<td class=\"datasheet-listItemKey small-6 larger-4 columns\">N\u00famero de servicios<\/td>\n<td class=\"datasheet-listItemValue small-6 larger-8 columns\">14<\/td>\n<\/tr>\n<tr class=\"datasheet-listItem datasheet-listItem--properties\">\n<td class=\"datasheet-listItemKey small-6 larger-4 columns\">Consumo de agua<\/td>\n<td class=\"datasheet-listItemValue small-6 larger-8 columns\">9\u00a0l<\/td>\n<\/tr>\n<tr class=\"datasheet-listItem datasheet-listItem--properties\">\n<td class=\"datasheet-listItemKey small-6 larger-4 columns\">Duraci\u00f3n del programa eco<\/td>\n<td class=\"datasheet-listItemValue small-6 larger-8 columns\">4:30\u00a0h<\/td>\n<\/tr>\n<tr class=\"datasheet-listItem datasheet-listItem--properties\">\n<td class=\"datasheet-listItemKey small-6 larger-4 columns\">Nivel de ruido (dB)<\/td>\n<td class=\"datasheet-listItemValue small-6 larger-8 columns\">42\u00a0dB(A)<\/td>\n<\/tr>\n<tr class=\"datasheet-listItem datasheet-listItem--properties\">\n<td class=\"datasheet-listItemKey small-6 larger-4 columns\">Clase de emisi\u00f3n ac\u00fastica<\/td>\n<td class=\"datasheet-listItemValue small-6 larger-8 columns\">B<\/td>\n<\/tr>\n<\/tbody>\n<tbody>\n<tr class=\"datasheet-listItem datasheet-listItem--group\">\n<th>Costes<\/th>\n<\/tr>\n<tr class=\"datasheet-listItem datasheet-listItem--properties\">\n<td class=\"datasheet-listItemKey small-6 larger-4 columns\">Indicaciones<\/td>\n<td class=\"datasheet-listItemValue small-6 larger-8 columns\">El consumo real de energ\u00eda del dispositivo var\u00eda en funci\u00f3n de su frecuencia e intensidad de uso.<\/td>\n<\/tr>\n<\/tbody>\n<tbody>\n<tr class=\"datasheet-listItem datasheet-listItem--group datasheet-listItem--collapsible\">\n<th>Otras caracter\u00edsticas<\/th>\n<\/tr>\n<tr class=\"datasheet-listItem datasheet-listItem--properties datasheet-listItem--collapsible\">\n<td class=\"datasheet-listItemKey small-6 larger-4 columns\">Tama\u00f1o unidad familiar<\/td>\n<td class=\"datasheet-listItemValue small-6 larger-8 columns\">3-4 personas<\/td>\n<\/tr>\n<\/tbody>\n<\/table>","protected":false},"excerpt":{"rendered":"<p><b>En resumen:<\/b>\u00a0<span class=\"oopStage-productInfoTopItem\">integrable completamente\u00a0<\/span>\u00a0<span class=\"oopStage-productInfoTopItem\">N\u00famero de servicios\u00a014\u00a0<\/span>\u00a0<span class=\"oopStage-productInfoTopItem\">Consumo de agua\u00a09\u00a0l<\/span><\/p>","protected":false},"featured_media":12547,"comment_status":"open","ping_status":"closed","template":"","meta":[],"product_brand":[],"product_cat":[138],"product_tag":[],"class_list":{"0":"post-12546","1":"product","2":"type-product","3":"status-publish","4":"has-post-thumbnail","6":"product_cat-lavavajillas","8":"first","9":"instock","10":"sale","11":"shipping-taxable","12":"purchasable","13":"product-type-simple"},"_links":{"self":[{"href":"https:\/\/electro-precio.com\/fr\/wp-json\/wp\/v2\/product\/12546","targetHints":{"allow":["GET"]}}],"collection":[{"href":"https:\/\/electro-precio.com\/fr\/wp-json\/wp\/v2\/product"}],"about":[{"href":"https:\/\/electro-precio.com\/fr\/wp-json\/wp\/v2\/types\/product"}],"replies":[{"embeddable":true,"href":"https:\/\/electro-precio.com\/fr\/wp-json\/wp\/v2\/comments?post=12546"}],"wp:featuredmedia":[{"embeddable":true,"href":"https:\/\/electro-precio.com\/fr\/wp-json\/wp\/v2\/media\/12547"}],"wp:attachment":[{"href":"https:\/\/electro-precio.com\/fr\/wp-json\/wp\/v2\/media?parent=12546"}],"wp:term":[{"taxonomy":"product_brand","embeddable":true,"href":"https:\/\/electro-precio.com\/fr\/wp-json\/wp\/v2\/product_brand?post=12546"},{"taxonomy":"product_cat","embeddable":true,"href":"https:\/\/electro-precio.com\/fr\/wp-json\/wp\/v2\/product_cat?post=12546"},{"taxonomy":"product_tag","embeddable":true,"href":"https:\/\/electro-precio.com\/fr\/wp-json\/wp\/v2\/product_tag?post=12546"}],"curies":[{"name":"wp","href":"https:\/\/api.w.org\/{rel}","templated":true}]}}