{"id":12555,"date":"2025-07-11T11:59:30","date_gmt":"2025-07-11T11:59:30","guid":{"rendered":"https:\/\/electro-precio.com\/?post_type=product&#038;p=12555"},"modified":"2025-07-11T11:59:30","modified_gmt":"2025-07-11T11:59:30","slug":"lavavajillas-integrable-hisense-hv673a65","status":"publish","type":"product","link":"https:\/\/electro-precio.com\/fr\/product\/lavavajillas-integrable-hisense-hv673a65\/","title":{"rendered":"Lavavajillas Integrable Hisense HV673A65"},"content":{"rendered":"<table class=\"datasheet-list expanded\">\n<tbody>\n<tr class=\"datasheet-listItem datasheet-listItem--properties\">\n<td class=\"datasheet-listItemKey small-6 larger-4 columns\">Tipo de producto<\/td>\n<td class=\"datasheet-listItemValue small-6 larger-8 columns\">Lavavajillas integrable<\/td>\n<\/tr>\n<tr class=\"datasheet-listItem datasheet-listItem--properties\">\n<td class=\"datasheet-listItemKey small-6 larger-4 columns\">Posici\u00f3n elemento de control<\/td>\n<td class=\"datasheet-listItemValue small-6 larger-8 columns\">interna<\/td>\n<\/tr>\n<\/tbody>\n<tbody>\n<tr class=\"datasheet-listItem datasheet-listItem--group\">\n<th>Tipo de construcci\u00f3n<\/th>\n<\/tr>\n<tr class=\"datasheet-listItem datasheet-listItem--properties\">\n<td class=\"datasheet-listItemKey small-6 larger-4 columns\">Tipo de construcci\u00f3n<\/td>\n<td class=\"datasheet-listItemValue small-6 larger-8 columns\">integrable completamente<\/td>\n<\/tr>\n<tr class=\"datasheet-listItem datasheet-listItem--properties\">\n<td class=\"datasheet-listItemKey small-6 larger-4 columns\">Color del panel<\/td>\n<td class=\"datasheet-listItemValue small-6 larger-8 columns\">blanco<\/td>\n<\/tr>\n<\/tbody>\n<tbody>\n<tr class=\"datasheet-listItem datasheet-listItem--group\">\n<th>Informaci\u00f3n energ\u00e9tica<\/th>\n<\/tr>\n<tr class=\"datasheet-listItem datasheet-listItem--properties\">\n<td class=\"datasheet-listItemKey small-6 larger-4 columns\">Consumo energ\u00e9tico programa eco<\/td>\n<td class=\"datasheet-listItemValue small-6 larger-8 columns\">55\u00a0kWh\/100 ciclos<\/td>\n<\/tr>\n<tr class=\"datasheet-listItem datasheet-listItem--properties\">\n<td class=\"datasheet-listItemKey small-6 larger-4 columns\">N\u00famero de servicios<\/td>\n<td class=\"datasheet-listItemValue small-6 larger-8 columns\">16<\/td>\n<\/tr>\n<tr class=\"datasheet-listItem datasheet-listItem--properties\">\n<td class=\"datasheet-listItemKey small-6 larger-4 columns\">Consumo de agua<\/td>\n<td class=\"datasheet-listItemValue small-6 larger-8 columns\">9,6\u00a0l<\/td>\n<\/tr>\n<tr class=\"datasheet-listItem datasheet-listItem--properties\">\n<td class=\"datasheet-listItemKey small-6 larger-4 columns\">Duraci\u00f3n del programa eco<\/td>\n<td class=\"datasheet-listItemValue small-6 larger-8 columns\">4:05\u00a0h<\/td>\n<\/tr>\n<tr class=\"datasheet-listItem datasheet-listItem--properties\">\n<td class=\"datasheet-listItemKey small-6 larger-4 columns\">Nivel de ruido (dB)<\/td>\n<td class=\"datasheet-listItemValue small-6 larger-8 columns\">38\u00a0dB(A)<\/td>\n<\/tr>\n<tr class=\"datasheet-listItem datasheet-listItem--properties\">\n<td class=\"datasheet-listItemKey small-6 larger-4 columns\">Clase de emisi\u00f3n ac\u00fastica<\/td>\n<td class=\"datasheet-listItemValue small-6 larger-8 columns\">A<\/td>\n<\/tr>\n<\/tbody>\n<tbody>\n<tr class=\"datasheet-listItem datasheet-listItem--group\">\n<th>Programas<\/th>\n<\/tr>\n<tr class=\"datasheet-listItem datasheet-listItem--properties\">\n<td class=\"datasheet-listItemKey small-6 larger-4 columns\">N\u00famero de programas de lavado<\/td>\n<td class=\"datasheet-listItemValue small-6 larger-8 columns\">7<\/td>\n<\/tr>\n<tr class=\"datasheet-listItem datasheet-listItem--properties\">\n<td class=\"datasheet-listItemKey small-6 larger-4 columns\">Programas de lavado<\/td>\n<td class=\"datasheet-listItemValue small-6 larger-8 columns\">autom\u00e1tico, intensivo, eco, higiene 70\u00b0C, cristal, 60 minutos, silencioso<\/td>\n<\/tr>\n<tr class=\"datasheet-listItem datasheet-listItem--properties datasheet-listItem--collapsible\">\n<td class=\"datasheet-listItemKey small-6 larger-4 columns\">Opciones de programa<\/td>\n<td class=\"datasheet-listItemValue small-6 larger-8 columns\">media carga, programa r\u00e1pido, inicio diferido<\/td>\n<\/tr>\n<tr class=\"datasheet-listItem datasheet-listItem--properties datasheet-listItem--collapsible\">\n<td class=\"datasheet-listItemKey small-6 larger-4 columns\">Temperatura de lavado<\/td>\n<td class=\"datasheet-listItemValue small-6 larger-8 columns\">7<\/td>\n<\/tr>\n<\/tbody>\n<tbody>\n<tr class=\"datasheet-listItem datasheet-listItem--group datasheet-listItem--collapsible\">\n<th>Confort y seguridad<\/th>\n<\/tr>\n<tr class=\"datasheet-listItem datasheet-listItem--properties datasheet-listItem--collapsible\">\n<td class=\"datasheet-listItemKey small-6 larger-4 columns\">Dispositivo de seguridad<\/td>\n<td class=\"datasheet-listItemValue small-6 larger-8 columns\">protecci\u00f3n antifugas<\/td>\n<\/tr>\n<tr class=\"datasheet-listItem datasheet-listItem--properties datasheet-listItem--collapsible\">\n<td class=\"datasheet-listItemKey small-6 larger-4 columns\">Almacenamiento cubiertos<\/td>\n<td class=\"datasheet-listItemValue small-6 larger-8 columns\">con bandeja para cubiertos<\/td>\n<\/tr>\n<tr class=\"datasheet-listItem datasheet-listItem--properties datasheet-listItem--collapsible\">\n<td class=\"datasheet-listItemKey small-6 larger-4 columns\">Equipamiento interior<\/td>\n<td class=\"datasheet-listItemValue small-6 larger-8 columns\">brazo aspersor<\/td>\n<\/tr>\n<tr class=\"datasheet-listItem datasheet-listItem--properties datasheet-listItem--collapsible\">\n<td class=\"datasheet-listItemKey small-6 larger-4 columns\">Seguridad sistema hidr\u00e1ulico<\/td>\n<td class=\"datasheet-listItemValue small-6 larger-8 columns\">AquaStop<\/td>\n<\/tr>\n<tr class=\"datasheet-listItem datasheet-listItem--properties datasheet-listItem--collapsible\">\n<td class=\"datasheet-listItemKey small-6 larger-4 columns\">Funciones<\/td>\n<td class=\"datasheet-listItemValue small-6 larger-8 columns\">se\u00f1al de fin de programa, apertura autom\u00e1tica de la puerta<\/td>\n<\/tr>\n<tr class=\"datasheet-listItem datasheet-listItem--properties datasheet-listItem--collapsible\">\n<td class=\"datasheet-listItemKey small-6 larger-4 columns\">Indicadores<\/td>\n<td class=\"datasheet-listItemValue small-6 larger-8 columns\">indicador de reposici\u00f3n de sal, indicador fin de programa, LED<\/td>\n<\/tr>\n<\/tbody>\n<tbody>\n<tr class=\"datasheet-listItem datasheet-listItem--group datasheet-listItem--collapsible\">\n<th>Dimensiones y peso<\/th>\n<\/tr>\n<tr class=\"datasheet-listItem datasheet-listItem--properties datasheet-listItem--collapsible\">\n<td class=\"datasheet-listItemKey small-6 larger-4 columns\">Altura<\/td>\n<td class=\"datasheet-listItemValue small-6 larger-8 columns\">81,6\u00a0cm<\/td>\n<\/tr>\n<tr class=\"datasheet-listItem datasheet-listItem--properties datasheet-listItem--collapsible\">\n<td class=\"datasheet-listItemKey small-6 larger-4 columns\">Anchura<\/td>\n<td class=\"datasheet-listItemValue small-6 larger-8 columns\">59,8\u00a0cm<\/td>\n<\/tr>\n<tr class=\"datasheet-listItem datasheet-listItem--properties datasheet-listItem--collapsible\">\n<td class=\"datasheet-listItemKey small-6 larger-4 columns\">Profundidad<\/td>\n<td class=\"datasheet-listItemValue small-6 larger-8 columns\">55,5\u00a0cm<\/td>\n<\/tr>\n<tr class=\"datasheet-listItem datasheet-listItem--properties datasheet-listItem--collapsible\">\n<td class=\"datasheet-listItemKey small-6 larger-4 columns\">Peso<\/td>\n<td class=\"datasheet-listItemValue small-6 larger-8 columns\">33\u00a0kg<\/td>\n<\/tr>\n<\/tbody>\n<tbody>\n<tr class=\"datasheet-listItem datasheet-listItem--group datasheet-listItem--collapsible\">\n<th>Costes<\/th>\n<\/tr>\n<tr class=\"datasheet-listItem datasheet-listItem--properties datasheet-listItem--collapsible\">\n<td class=\"datasheet-listItemKey small-6 larger-4 columns\">Indicaciones<\/td>\n<td class=\"datasheet-listItemValue small-6 larger-8 columns\">El consumo real de energ\u00eda del dispositivo var\u00eda en funci\u00f3n de su frecuencia e intensidad de uso.<\/td>\n<\/tr>\n<tr class=\"datasheet-listItem datasheet-listItem--properties datasheet-listItem--collapsible\">\n<td class=\"datasheet-listItemKey small-6 larger-4 columns\">Fuente<\/td>\n<td class=\"datasheet-listItemValue small-6 larger-8 columns\">*\u00d8 Precios de la electricidad Eurostat (primer semestre 2020) **duraci\u00f3n del consumo basada en la iniciativa EnergieEffizienz (a partir de 2013)<\/td>\n<\/tr>\n<\/tbody>\n<tbody>\n<tr class=\"datasheet-listItem datasheet-listItem--group datasheet-listItem--collapsible\">\n<th>Otras caracter\u00edsticas<\/th>\n<\/tr>\n<tr class=\"datasheet-listItem datasheet-listItem--properties datasheet-listItem--collapsible\">\n<td class=\"datasheet-listItemKey small-6 larger-4 columns\">Tama\u00f1o unidad familiar<\/td>\n<td class=\"datasheet-listItemValue small-6 larger-8 columns\">5 o m\u00e1s personas<\/td>\n<\/tr>\n<\/tbody>\n<\/table>","protected":false},"excerpt":{"rendered":"<p><b>En resumen:<\/b>\u00a0<span class=\"oopStage-productInfoTopItem\">integrable completamente\u00a0<\/span>\u00a0<span class=\"oopStage-productInfoTopItem\">N\u00famero de servicios\u00a016\u00a0<\/span>\u00a0<span class=\"oopStage-productInfoTopItem\">Consumo de agua\u00a09,6\u00a0l\u00a0<\/span>\u00a0<span class=\"oopStage-productInfoTopItem\">Altura\u00a081,6\u00a0cm\u00a0<\/span>\u00a0<span class=\"oopStage-productInfoTopItem\">Anchura\u00a059,8\u00a0cm\u00a0<\/span><\/p>","protected":false},"featured_media":12556,"comment_status":"open","ping_status":"closed","template":"","meta":[],"product_brand":[],"product_cat":[138],"product_tag":[],"class_list":{"0":"post-12555","1":"product","2":"type-product","3":"status-publish","4":"has-post-thumbnail","6":"product_cat-lavavajillas","8":"first","9":"instock","10":"sale","11":"shipping-taxable","12":"purchasable","13":"product-type-simple"},"_links":{"self":[{"href":"https:\/\/electro-precio.com\/fr\/wp-json\/wp\/v2\/product\/12555","targetHints":{"allow":["GET"]}}],"collection":[{"href":"https:\/\/electro-precio.com\/fr\/wp-json\/wp\/v2\/product"}],"about":[{"href":"https:\/\/electro-precio.com\/fr\/wp-json\/wp\/v2\/types\/product"}],"replies":[{"embeddable":true,"href":"https:\/\/electro-precio.com\/fr\/wp-json\/wp\/v2\/comments?post=12555"}],"wp:featuredmedia":[{"embeddable":true,"href":"https:\/\/electro-precio.com\/fr\/wp-json\/wp\/v2\/media\/12556"}],"wp:attachment":[{"href":"https:\/\/electro-precio.com\/fr\/wp-json\/wp\/v2\/media?parent=12555"}],"wp:term":[{"taxonomy":"product_brand","embeddable":true,"href":"https:\/\/electro-precio.com\/fr\/wp-json\/wp\/v2\/product_brand?post=12555"},{"taxonomy":"product_cat","embeddable":true,"href":"https:\/\/electro-precio.com\/fr\/wp-json\/wp\/v2\/product_cat?post=12555"},{"taxonomy":"product_tag","embeddable":true,"href":"https:\/\/electro-precio.com\/fr\/wp-json\/wp\/v2\/product_tag?post=12555"}],"curies":[{"name":"wp","href":"https:\/\/api.w.org\/{rel}","templated":true}]}}