{"id":12578,"date":"2025-07-11T23:55:07","date_gmt":"2025-07-11T23:55:07","guid":{"rendered":"https:\/\/electro-precio.com\/?post_type=product&#038;p=12578"},"modified":"2025-07-11T23:56:05","modified_gmt":"2025-07-11T23:56:05","slug":"delonghi-nespresso-citiz-milk-en-267","status":"publish","type":"product","link":"https:\/\/electro-precio.com\/fr\/product\/delonghi-nespresso-citiz-milk-en-267\/","title":{"rendered":"De&#8217;Longhi Nespresso Citiz &#038; Milk EN 267"},"content":{"rendered":"<table class=\"datasheet-list expanded\">\n<tbody>\n<tr class=\"datasheet-listItem datasheet-listItem--properties\">\n<td class=\"datasheet-listItemKey small-6 larger-4 columns\">Tipo de producto<\/td>\n<td class=\"datasheet-listItemValue small-6 larger-8 columns\">Cafetera Nespresso<\/td>\n<\/tr>\n<tr class=\"datasheet-listItem datasheet-listItem--properties\">\n<td class=\"datasheet-listItemKey small-6 larger-4 columns\">Sistema de c\u00e1psulas<\/td>\n<td class=\"datasheet-listItemValue small-6 larger-8 columns\">Nespresso<\/td>\n<\/tr>\n<tr class=\"datasheet-listItem datasheet-listItem--properties\">\n<td class=\"datasheet-listItemKey small-6 larger-4 columns\">Series<\/td>\n<td class=\"datasheet-listItemValue small-6 larger-8 columns\">DeLonghi Nespresso CitiZ, Nespresso CitiZ<\/td>\n<\/tr>\n<\/tbody>\n<tbody>\n<tr class=\"datasheet-listItem datasheet-listItem--group\">\n<th>Equipamiento y funciones<\/th>\n<\/tr>\n<tr class=\"datasheet-listItem datasheet-listItem--properties\">\n<td class=\"datasheet-listItemKey small-6 larger-4 columns\">Capacidad del dep\u00f3sito de agua<\/td>\n<td class=\"datasheet-listItemValue small-6 larger-8 columns\">1\u00a0l<\/td>\n<\/tr>\n<tr class=\"datasheet-listItem datasheet-listItem--properties\">\n<td class=\"datasheet-listItemKey small-6 larger-4 columns\">Capacidad<\/td>\n<td class=\"datasheet-listItemValue small-6 larger-8 columns\">1\u00a0tazas<\/td>\n<\/tr>\n<tr class=\"datasheet-listItem datasheet-listItem--properties\">\n<td class=\"datasheet-listItemKey small-6 larger-4 columns\">Tipos de bebida<\/td>\n<td class=\"datasheet-listItemValue small-6 larger-8 columns\">espresso, capuchino, latte macchiato, caf\u00e9 largo<\/td>\n<\/tr>\n<tr class=\"datasheet-listItem datasheet-listItem--properties\">\n<td class=\"datasheet-listItemKey small-6 larger-4 columns\">Capacidad m\u00e1xima del dep\u00f3sito<\/td>\n<td class=\"datasheet-listItemValue small-6 larger-8 columns\">11\u00a0C\u00e1psulas<\/td>\n<\/tr>\n<tr class=\"datasheet-listItem datasheet-listItem--properties\">\n<td class=\"datasheet-listItemKey small-6 larger-4 columns\">Funciones<\/td>\n<td class=\"datasheet-listItemValue small-6 larger-8 columns\">regulaci\u00f3n electr\u00f3nica de la temperatura<\/td>\n<\/tr>\n<tr class=\"datasheet-listItem datasheet-listItem--properties\">\n<td class=\"datasheet-listItemKey small-6 larger-4 columns\">Equipamiento<\/td>\n<td class=\"datasheet-listItemValue small-6 larger-8 columns\">espumador de leche, sistema Thermoblock, dep\u00f3sito de agua extra\u00edble<\/td>\n<\/tr>\n<tr class=\"datasheet-listItem datasheet-listItem--properties\">\n<td class=\"datasheet-listItemKey small-6 larger-4 columns\">Ajustes<\/td>\n<td class=\"datasheet-listItemValue small-6 larger-8 columns\">cantidad de caf\u00e9<\/td>\n<\/tr>\n<tr class=\"datasheet-listItem datasheet-listItem--properties\">\n<td class=\"datasheet-listItemKey small-6 larger-4 columns\">Funciones ecol\u00f3gicas<\/td>\n<td class=\"datasheet-listItemValue small-6 larger-8 columns\">funci\u00f3n ahorro energ\u00e9tico, desconexi\u00f3n autom\u00e1tica<\/td>\n<\/tr>\n<tr class=\"datasheet-listItem datasheet-listItem--properties\">\n<td class=\"datasheet-listItemKey small-6 larger-4 columns\">Caracter\u00edsticas del soporte para tazas<\/td>\n<td class=\"datasheet-listItemValue small-6 larger-8 columns\">soporte para tazas regulable, rejilla escurridora plegable<\/td>\n<\/tr>\n<tr class=\"datasheet-listItem datasheet-listItem--properties\">\n<td class=\"datasheet-listItemKey small-6 larger-4 columns\">Abastecimiento de c\u00e1psulas<\/td>\n<td class=\"datasheet-listItemValue small-6 larger-8 columns\">expulsi\u00f3n autom\u00e1tica de c\u00e1psulas<\/td>\n<\/tr>\n<tr class=\"datasheet-listItem datasheet-listItem--properties\">\n<td class=\"datasheet-listItemKey small-6 larger-4 columns\">Tiempo para apagado autom\u00e1tico<\/td>\n<td class=\"datasheet-listItemValue small-6 larger-8 columns\">30\u00a0min.<\/td>\n<\/tr>\n<\/tbody>\n<tbody>\n<tr class=\"datasheet-listItem datasheet-listItem--group datasheet-listItem--collapsible\">\n<th>Caracter\u00edsticas t\u00e9cnicas<\/th>\n<\/tr>\n<tr class=\"datasheet-listItem datasheet-listItem--properties datasheet-listItem--collapsible\">\n<td class=\"datasheet-listItemKey small-6 larger-4 columns\">Presi\u00f3n<\/td>\n<td class=\"datasheet-listItemValue small-6 larger-8 columns\">19\u00a0bares<\/td>\n<\/tr>\n<tr class=\"datasheet-listItem datasheet-listItem--properties datasheet-listItem--collapsible\">\n<td class=\"datasheet-listItemKey small-6 larger-4 columns\">Potencia<\/td>\n<td class=\"datasheet-listItemValue small-6 larger-8 columns\">1.870\u00a0W<\/td>\n<\/tr>\n<\/tbody>\n<tbody>\n<tr class=\"datasheet-listItem datasheet-listItem--group datasheet-listItem--collapsible\">\n<th>Dimensiones y peso<\/th>\n<\/tr>\n<tr class=\"datasheet-listItem datasheet-listItem--properties datasheet-listItem--collapsible\">\n<td class=\"datasheet-listItemKey small-6 larger-4 columns\">Alto<\/td>\n<td class=\"datasheet-listItemValue small-6 larger-8 columns\">37,2\u00a0cm<\/td>\n<\/tr>\n<tr class=\"datasheet-listItem datasheet-listItem--properties datasheet-listItem--collapsible\">\n<td class=\"datasheet-listItemKey small-6 larger-4 columns\">Ancho<\/td>\n<td class=\"datasheet-listItemValue small-6 larger-8 columns\">21,9\u00a0cm<\/td>\n<\/tr>\n<tr class=\"datasheet-listItem datasheet-listItem--properties datasheet-listItem--collapsible\">\n<td class=\"datasheet-listItemKey small-6 larger-4 columns\">Profundidad<\/td>\n<td class=\"datasheet-listItemValue small-6 larger-8 columns\">27,8\u00a0cm<\/td>\n<\/tr>\n<\/tbody>\n<tbody>\n<tr class=\"datasheet-listItem datasheet-listItem--group datasheet-listItem--collapsible\">\n<th>Otras caracter\u00edsticas<\/th>\n<\/tr>\n<tr class=\"datasheet-listItem datasheet-listItem--properties datasheet-listItem--collapsible\">\n<td class=\"datasheet-listItemKey small-6 larger-4 columns\">Color<\/td>\n<td class=\"datasheet-listItemValue small-6 larger-8 columns\">negro<\/td>\n<\/tr>\n<tr class=\"datasheet-listItem datasheet-listItem--properties datasheet-listItem--collapsible\">\n<td class=\"datasheet-listItemKey small-6 larger-4 columns\">Consumo anual de energ\u00eda<\/td>\n<td class=\"datasheet-listItemValue small-6 larger-8 columns\">31\u00a0kWh\/a\u00f1o<\/td>\n<\/tr>\n<\/tbody>\n<\/table>","protected":false},"excerpt":{"rendered":"<p><b>En resumen:<\/b>\u00a0<span class=\"oopStage-productInfoTopItem\">Capacidad del dep\u00f3sito de agua\u00a01\u00a0l\u00a0<\/span>\u00a0<span class=\"oopStage-productInfoTopItem\">1\u00a0tazas\u00a0<\/span>\u00a0<span class=\"oopStage-productInfoTopItem\">19 bares<\/span><\/p>","protected":false},"featured_media":12581,"comment_status":"open","ping_status":"closed","template":"","meta":[],"product_brand":[],"product_cat":[139],"product_tag":[],"class_list":{"0":"post-12578","1":"product","2":"type-product","3":"status-publish","4":"has-post-thumbnail","6":"product_cat-maquina-de-cafe","8":"first","9":"instock","10":"sale","11":"shipping-taxable","12":"purchasable","13":"product-type-simple"},"_links":{"self":[{"href":"https:\/\/electro-precio.com\/fr\/wp-json\/wp\/v2\/product\/12578","targetHints":{"allow":["GET"]}}],"collection":[{"href":"https:\/\/electro-precio.com\/fr\/wp-json\/wp\/v2\/product"}],"about":[{"href":"https:\/\/electro-precio.com\/fr\/wp-json\/wp\/v2\/types\/product"}],"replies":[{"embeddable":true,"href":"https:\/\/electro-precio.com\/fr\/wp-json\/wp\/v2\/comments?post=12578"}],"wp:featuredmedia":[{"embeddable":true,"href":"https:\/\/electro-precio.com\/fr\/wp-json\/wp\/v2\/media\/12581"}],"wp:attachment":[{"href":"https:\/\/electro-precio.com\/fr\/wp-json\/wp\/v2\/media?parent=12578"}],"wp:term":[{"taxonomy":"product_brand","embeddable":true,"href":"https:\/\/electro-precio.com\/fr\/wp-json\/wp\/v2\/product_brand?post=12578"},{"taxonomy":"product_cat","embeddable":true,"href":"https:\/\/electro-precio.com\/fr\/wp-json\/wp\/v2\/product_cat?post=12578"},{"taxonomy":"product_tag","embeddable":true,"href":"https:\/\/electro-precio.com\/fr\/wp-json\/wp\/v2\/product_tag?post=12578"}],"curies":[{"name":"wp","href":"https:\/\/api.w.org\/{rel}","templated":true}]}}