{"id":12594,"date":"2025-07-12T00:08:28","date_gmt":"2025-07-12T00:08:28","guid":{"rendered":"https:\/\/electro-precio.com\/?post_type=product&#038;p=12594"},"modified":"2025-07-12T00:08:28","modified_gmt":"2025-07-12T00:08:28","slug":"cafetera-automatica-philips-series-3300","status":"publish","type":"product","link":"https:\/\/electro-precio.com\/fr\/product\/cafetera-automatica-philips-series-3300\/","title":{"rendered":"Cafetera Autom\u00e1tica Philips Series 3300"},"content":{"rendered":"<table class=\"datasheet-list expanded\">\n<tbody>\n<tr class=\"datasheet-listItem datasheet-listItem--properties\">\n<td class=\"datasheet-listItemKey small-6 larger-4 columns\">Tipo de producto<\/td>\n<td class=\"datasheet-listItemValue small-6 larger-8 columns\">Cafetera autom\u00e1tica<\/td>\n<\/tr>\n<\/tbody>\n<tbody>\n<tr class=\"datasheet-listItem datasheet-listItem--group\">\n<th>Potencia y consumo<\/th>\n<\/tr>\n<tr class=\"datasheet-listItem datasheet-listItem--properties\">\n<td class=\"datasheet-listItemKey small-6 larger-4 columns\">Presi\u00f3n<\/td>\n<td class=\"datasheet-listItemValue small-6 larger-8 columns\">15\u00a0bares<\/td>\n<\/tr>\n<\/tbody>\n<tbody>\n<tr class=\"datasheet-listItem datasheet-listItem--group\">\n<th>Funciones<\/th>\n<\/tr>\n<tr class=\"datasheet-listItem datasheet-listItem--properties\">\n<td class=\"datasheet-listItemKey small-6 larger-4 columns\">Especialidades de caf\u00e9<\/td>\n<td class=\"datasheet-listItemValue small-6 larger-8 columns\">espresso, caf\u00e9, espuma de leche, caf\u00e9 con leche<\/td>\n<\/tr>\n<tr class=\"datasheet-listItem datasheet-listItem--properties\">\n<td class=\"datasheet-listItemKey small-6 larger-4 columns\">Adecuados para<\/td>\n<td class=\"datasheet-listItemValue small-6 larger-8 columns\">caf\u00e9 molido, granos de caf\u00e9<\/td>\n<\/tr>\n<tr class=\"datasheet-listItem datasheet-listItem--properties\">\n<td class=\"datasheet-listItemKey small-6 larger-4 columns\">Capacidad<\/td>\n<td class=\"datasheet-listItemValue small-6 larger-8 columns\">2\u00a0tazas<\/td>\n<\/tr>\n<tr class=\"datasheet-listItem datasheet-listItem--properties\">\n<td class=\"datasheet-listItemKey small-6 larger-4 columns\">Propiedades<\/td>\n<td class=\"datasheet-listItemValue small-6 larger-8 columns\">funci\u00f3n agua caliente<\/td>\n<\/tr>\n<tr class=\"datasheet-listItem datasheet-listItem--properties\">\n<td class=\"datasheet-listItemKey small-6 larger-4 columns\">Funciones personalizables<\/td>\n<td class=\"datasheet-listItemValue small-6 larger-8 columns\">intensidad del caf\u00e9, cantidad de caf\u00e9, cantidad de leche, temperatura del caf\u00e9<\/td>\n<\/tr>\n<tr class=\"datasheet-listItem datasheet-listItem--properties\">\n<td class=\"datasheet-listItemKey small-6 larger-4 columns\">Caracter\u00edsticas especiales del fabricante<\/td>\n<td class=\"datasheet-listItemValue small-6 larger-8 columns\">AquaClean Filter, Aqua Clean<\/td>\n<\/tr>\n<\/tbody>\n<tbody>\n<tr class=\"datasheet-listItem datasheet-listItem--group\">\n<th>Equipamiento<\/th>\n<\/tr>\n<tr class=\"datasheet-listItem datasheet-listItem--properties\">\n<td class=\"datasheet-listItemKey small-6 larger-4 columns\">Accesorio para leche<\/td>\n<td class=\"datasheet-listItemValue small-6 larger-8 columns\">accesorio para leche sin tubo<\/td>\n<\/tr>\n<tr class=\"datasheet-listItem datasheet-listItem--properties\">\n<td class=\"datasheet-listItemKey small-6 larger-4 columns\">Capacidad del recipiente para leche<\/td>\n<td class=\"datasheet-listItemValue small-6 larger-8 columns\">0,26\u00a0l<\/td>\n<\/tr>\n<tr class=\"datasheet-listItem datasheet-listItem--properties\">\n<td class=\"datasheet-listItemKey small-6 larger-4 columns\">Capacidad del dep\u00f3sito de agua<\/td>\n<td class=\"datasheet-listItemValue small-6 larger-8 columns\">1,8\u00a0l<\/td>\n<\/tr>\n<tr class=\"datasheet-listItem datasheet-listItem--properties\">\n<td class=\"datasheet-listItemKey small-6 larger-4 columns\">Capacidad para granos de caf\u00e9<\/td>\n<td class=\"datasheet-listItemValue small-6 larger-8 columns\">275\u00a0g<\/td>\n<\/tr>\n<tr class=\"datasheet-listItem datasheet-listItem--properties datasheet-listItem--collapsible\">\n<td class=\"datasheet-listItemKey small-6 larger-4 columns\">Molinillo<\/td>\n<td class=\"datasheet-listItemValue small-6 larger-8 columns\">molinillo de cer\u00e1mica<\/td>\n<\/tr>\n<tr class=\"datasheet-listItem datasheet-listItem--properties datasheet-listItem--collapsible\">\n<td class=\"datasheet-listItemKey small-6 larger-4 columns\">Grado de molido<\/td>\n<td class=\"datasheet-listItemValue small-6 larger-8 columns\">12<\/td>\n<\/tr>\n<tr class=\"datasheet-listItem datasheet-listItem--properties datasheet-listItem--collapsible\">\n<td class=\"datasheet-listItemKey small-6 larger-4 columns\">Equipamiento<\/td>\n<td class=\"datasheet-listItemValue small-6 larger-8 columns\">molinillo<\/td>\n<\/tr>\n<tr class=\"datasheet-listItem datasheet-listItem--properties datasheet-listItem--collapsible\">\n<td class=\"datasheet-listItemKey small-6 larger-4 columns\">Art\u00edculo incluido<\/td>\n<td class=\"datasheet-listItemValue small-6 larger-8 columns\">cuchara dosificadora<\/td>\n<\/tr>\n<tr class=\"datasheet-listItem datasheet-listItem--properties datasheet-listItem--collapsible\">\n<td class=\"datasheet-listItemKey small-6 larger-4 columns\">Suministro de agua<\/td>\n<td class=\"datasheet-listItemValue small-6 larger-8 columns\">tanque de agua<\/td>\n<\/tr>\n<tr class=\"datasheet-listItem datasheet-listItem--properties datasheet-listItem--collapsible\">\n<td class=\"datasheet-listItemKey small-6 larger-4 columns\">N\u00famero de sistemas de preparaci\u00f3n<\/td>\n<td class=\"datasheet-listItemValue small-6 larger-8 columns\">1<\/td>\n<\/tr>\n<\/tbody>\n<tbody>\n<tr class=\"datasheet-listItem datasheet-listItem--group datasheet-listItem--collapsible\">\n<th>Mantenimiento<\/th>\n<\/tr>\n<tr class=\"datasheet-listItem datasheet-listItem--properties datasheet-listItem--collapsible\">\n<td class=\"datasheet-listItemKey small-6 larger-4 columns\">Funciones de mantenimiento<\/td>\n<td class=\"datasheet-listItemValue small-6 larger-8 columns\">unidad de elaboraci\u00f3n extra\u00edble, filtro para el agua<\/td>\n<\/tr>\n<tr class=\"datasheet-listItem datasheet-listItem--properties datasheet-listItem--collapsible\">\n<td class=\"datasheet-listItemKey small-6 larger-4 columns\">Capacidad del dep\u00f3sito para posos de caf\u00e9<\/td>\n<td class=\"datasheet-listItemValue small-6 larger-8 columns\">12\u00a0porciones<\/td>\n<\/tr>\n<\/tbody>\n<tbody>\n<tr class=\"datasheet-listItem datasheet-listItem--group datasheet-listItem--collapsible\">\n<th>Caracter\u00edsticas t\u00e9cnicas<\/th>\n<\/tr>\n<tr class=\"datasheet-listItem datasheet-listItem--properties datasheet-listItem--collapsible\">\n<td class=\"datasheet-listItemKey small-6 larger-4 columns\">Longitud del cable<\/td>\n<td class=\"datasheet-listItemValue small-6 larger-8 columns\">100\u00a0cm<\/td>\n<\/tr>\n<tr class=\"datasheet-listItem datasheet-listItem--properties datasheet-listItem--collapsible\">\n<td class=\"datasheet-listItemKey small-6 larger-4 columns\">Alimentaci\u00f3n<\/td>\n<td class=\"datasheet-listItemValue small-6 larger-8 columns\">230 V<\/td>\n<\/tr>\n<tr class=\"datasheet-listItem datasheet-listItem--properties datasheet-listItem--collapsible\">\n<td class=\"datasheet-listItemKey small-6 larger-4 columns\">Frecuencia<\/td>\n<td class=\"datasheet-listItemValue small-6 larger-8 columns\">50\u00a0Hz<\/td>\n<\/tr>\n<\/tbody>\n<tbody>\n<tr class=\"datasheet-listItem datasheet-listItem--group datasheet-listItem--collapsible\">\n<th>Dimensiones y peso<\/th>\n<\/tr>\n<tr class=\"datasheet-listItem datasheet-listItem--properties datasheet-listItem--collapsible\">\n<td class=\"datasheet-listItemKey small-6 larger-4 columns\">Alto<\/td>\n<td class=\"datasheet-listItemValue small-6 larger-8 columns\">43,3\u00a0cm<\/td>\n<\/tr>\n<tr class=\"datasheet-listItem datasheet-listItem--properties datasheet-listItem--collapsible\">\n<td class=\"datasheet-listItemKey small-6 larger-4 columns\">Ancho<\/td>\n<td class=\"datasheet-listItemValue small-6 larger-8 columns\">24,6\u00a0cm<\/td>\n<\/tr>\n<tr class=\"datasheet-listItem datasheet-listItem--properties datasheet-listItem--collapsible\">\n<td class=\"datasheet-listItemKey small-6 larger-4 columns\">Profundidad<\/td>\n<td class=\"datasheet-listItemValue small-6 larger-8 columns\">37,1\u00a0cm<\/td>\n<\/tr>\n<tr class=\"datasheet-listItem datasheet-listItem--properties datasheet-listItem--collapsible\">\n<td class=\"datasheet-listItemKey small-6 larger-4 columns\">Peso<\/td>\n<td class=\"datasheet-listItemValue small-6 larger-8 columns\">8\u00a0kg<\/td>\n<\/tr>\n<\/tbody>\n<\/table>","protected":false},"excerpt":{"rendered":"<p><b>En resumen:<\/b>\u00a0<span class=\"oopStage-productInfoTopItem\">molinillo de cer\u00e1mica\u00a0<\/span>\u00a0<span class=\"oopStage-productInfoTopItem\">espumador de leche\u00a0<\/span><\/p>","protected":false},"featured_media":12595,"comment_status":"open","ping_status":"closed","template":"","meta":[],"product_brand":[],"product_cat":[139],"product_tag":[],"class_list":{"0":"post-12594","1":"product","2":"type-product","3":"status-publish","4":"has-post-thumbnail","6":"product_cat-maquina-de-cafe","8":"first","9":"instock","10":"sale","11":"shipping-taxable","12":"purchasable","13":"product-type-simple"},"_links":{"self":[{"href":"https:\/\/electro-precio.com\/fr\/wp-json\/wp\/v2\/product\/12594","targetHints":{"allow":["GET"]}}],"collection":[{"href":"https:\/\/electro-precio.com\/fr\/wp-json\/wp\/v2\/product"}],"about":[{"href":"https:\/\/electro-precio.com\/fr\/wp-json\/wp\/v2\/types\/product"}],"replies":[{"embeddable":true,"href":"https:\/\/electro-precio.com\/fr\/wp-json\/wp\/v2\/comments?post=12594"}],"wp:featuredmedia":[{"embeddable":true,"href":"https:\/\/electro-precio.com\/fr\/wp-json\/wp\/v2\/media\/12595"}],"wp:attachment":[{"href":"https:\/\/electro-precio.com\/fr\/wp-json\/wp\/v2\/media?parent=12594"}],"wp:term":[{"taxonomy":"product_brand","embeddable":true,"href":"https:\/\/electro-precio.com\/fr\/wp-json\/wp\/v2\/product_brand?post=12594"},{"taxonomy":"product_cat","embeddable":true,"href":"https:\/\/electro-precio.com\/fr\/wp-json\/wp\/v2\/product_cat?post=12594"},{"taxonomy":"product_tag","embeddable":true,"href":"https:\/\/electro-precio.com\/fr\/wp-json\/wp\/v2\/product_tag?post=12594"}],"curies":[{"name":"wp","href":"https:\/\/api.w.org\/{rel}","templated":true}]}}